{"id":4540,"date":"2025-05-30T21:39:02","date_gmt":"2025-05-31T00:39:02","guid":{"rendered":"https:\/\/vohnabrindes.com.br\/?post_type=product&#038;p=4540"},"modified":"2025-05-30T21:39:05","modified_gmt":"2025-05-31T00:39:05","slug":"squeeze-de-vidro-personalizada","status":"publish","type":"product","link":"https:\/\/vohnabrindes.com.br\/index.php\/product\/squeeze-de-vidro-personalizada\/","title":{"rendered":"Squeeze de vidro personalizada."},"content":{"rendered":"<div class=\"ref\">94770-LILLARD.<\/div>\n<div><\/div>\n<div class=\"texto\">Squeeze de vidro borossilicato fosco com tampa em bambu e capacidade at\u00e9 500 mL.<\/div>\n<div class=\"texto\">Certifica\u00e7\u00e3o EU Food Grade. Fornecido em caixa presente de papel kraft. \u00f865 x 190 mm<\/div>\n","protected":false},"excerpt":{"rendered":"<p>94770-LILLARD. Squeeze de vidro borossilicato fosco com tampa em bambu e capacidade at\u00e9 500 mL. Certifica\u00e7\u00e3o EU Food Grade. Fornecido em caixa presente de papel kraft.<span class=\"excerpt-hellip\"> [\u2026]<\/span><\/p>\n","protected":false},"featured_media":1405,"comment_status":"open","ping_status":"closed","template":"","meta":[],"product_cat":[129],"product_tag":[480],"class_list":["post-4540","product","type-product","status-publish","has-post-thumbnail","hentry","product_cat-garrafas-e-squeezes","product_tag-squeeze-de-vidro-personalizada"],"_links":{"self":[{"href":"https:\/\/vohnabrindes.com.br\/index.php\/wp-json\/wp\/v2\/product\/4540","targetHints":{"allow":["GET"]}}],"collection":[{"href":"https:\/\/vohnabrindes.com.br\/index.php\/wp-json\/wp\/v2\/product"}],"about":[{"href":"https:\/\/vohnabrindes.com.br\/index.php\/wp-json\/wp\/v2\/types\/product"}],"replies":[{"embeddable":true,"href":"https:\/\/vohnabrindes.com.br\/index.php\/wp-json\/wp\/v2\/comments?post=4540"}],"version-history":[{"count":1,"href":"https:\/\/vohnabrindes.com.br\/index.php\/wp-json\/wp\/v2\/product\/4540\/revisions"}],"predecessor-version":[{"id":4570,"href":"https:\/\/vohnabrindes.com.br\/index.php\/wp-json\/wp\/v2\/product\/4540\/revisions\/4570"}],"wp:featuredmedia":[{"embeddable":true,"href":"https:\/\/vohnabrindes.com.br\/index.php\/wp-json\/wp\/v2\/media\/1405"}],"wp:attachment":[{"href":"https:\/\/vohnabrindes.com.br\/index.php\/wp-json\/wp\/v2\/media?parent=4540"}],"wp:term":[{"taxonomy":"product_cat","embeddable":true,"href":"https:\/\/vohnabrindes.com.br\/index.php\/wp-json\/wp\/v2\/product_cat?post=4540"},{"taxonomy":"product_tag","embeddable":true,"href":"https:\/\/vohnabrindes.com.br\/index.php\/wp-json\/wp\/v2\/product_tag?post=4540"}],"curies":[{"name":"wp","href":"https:\/\/api.w.org\/{rel}","templated":true}]}}