{"id":4541,"date":"2025-05-30T21:39:02","date_gmt":"2025-05-31T00:39:02","guid":{"rendered":"https:\/\/vohnabrindes.com.br\/?post_type=product&#038;p=4541"},"modified":"2025-05-30T21:39:05","modified_gmt":"2025-05-31T00:39:05","slug":"squeeze-em-rpet-personalizada","status":"publish","type":"product","link":"https:\/\/vohnabrindes.com.br\/index.php\/product\/squeeze-em-rpet-personalizada\/","title":{"rendered":"Squeeze em rPET personalizada."},"content":{"rendered":"<div class=\"ref\">94782-SENNA.<\/div>\n<div><\/div>\n<div class=\"texto\">Squeeze produzido a partir de pl\u00e1stico reciclado, rPET.<\/div>\n<div class=\"texto\">Com al\u00e7a de silicone para facilitar o transporte. Tampa em PP e a\u00e7o inox com isolante em silicone.<\/div>\n<div class=\"texto\">Capacidade at\u00e9 590 mL. Certifica\u00e7\u00e3o EU Food Grade.<\/div>\n<div class=\"texto\">Caixa branca 94651 vendida opcionalmente. \u00f866 x 230 mm<\/div>\n","protected":false},"excerpt":{"rendered":"<p>94782-SENNA. Squeeze produzido a partir de pl\u00e1stico reciclado, rPET. Com al\u00e7a de silicone para facilitar o transporte. Tampa em PP e a\u00e7o inox com isolante em<span class=\"excerpt-hellip\"> [\u2026]<\/span><\/p>\n","protected":false},"featured_media":1407,"comment_status":"open","ping_status":"closed","template":"","meta":[],"product_cat":[129,126],"product_tag":[481,482,440],"class_list":["post-4541","product","type-product","status-publish","has-post-thumbnail","hentry","product_cat-garrafas-e-squeezes","product_cat-linha-ecologica","product_tag-squeeze-ecologico","product_tag-squeeze-em-rpet-personalizada","product_tag-squeeze-pet"],"_links":{"self":[{"href":"https:\/\/vohnabrindes.com.br\/index.php\/wp-json\/wp\/v2\/product\/4541","targetHints":{"allow":["GET"]}}],"collection":[{"href":"https:\/\/vohnabrindes.com.br\/index.php\/wp-json\/wp\/v2\/product"}],"about":[{"href":"https:\/\/vohnabrindes.com.br\/index.php\/wp-json\/wp\/v2\/types\/product"}],"replies":[{"embeddable":true,"href":"https:\/\/vohnabrindes.com.br\/index.php\/wp-json\/wp\/v2\/comments?post=4541"}],"version-history":[{"count":1,"href":"https:\/\/vohnabrindes.com.br\/index.php\/wp-json\/wp\/v2\/product\/4541\/revisions"}],"predecessor-version":[{"id":4571,"href":"https:\/\/vohnabrindes.com.br\/index.php\/wp-json\/wp\/v2\/product\/4541\/revisions\/4571"}],"wp:featuredmedia":[{"embeddable":true,"href":"https:\/\/vohnabrindes.com.br\/index.php\/wp-json\/wp\/v2\/media\/1407"}],"wp:attachment":[{"href":"https:\/\/vohnabrindes.com.br\/index.php\/wp-json\/wp\/v2\/media?parent=4541"}],"wp:term":[{"taxonomy":"product_cat","embeddable":true,"href":"https:\/\/vohnabrindes.com.br\/index.php\/wp-json\/wp\/v2\/product_cat?post=4541"},{"taxonomy":"product_tag","embeddable":true,"href":"https:\/\/vohnabrindes.com.br\/index.php\/wp-json\/wp\/v2\/product_tag?post=4541"}],"curies":[{"name":"wp","href":"https:\/\/api.w.org\/{rel}","templated":true}]}}