{"id":4543,"date":"2025-05-30T21:39:03","date_gmt":"2025-05-31T00:39:03","guid":{"rendered":"https:\/\/vohnabrindes.com.br\/?post_type=product&#038;p=4543"},"modified":"2025-05-30T21:39:05","modified_gmt":"2025-05-31T00:39:05","slug":"squeeze-em-vidro-personalizado-2","status":"publish","type":"product","link":"https:\/\/vohnabrindes.com.br\/index.php\/product\/squeeze-em-vidro-personalizado-2\/","title":{"rendered":"Squeeze em vidro personalizado."},"content":{"rendered":"<div class=\"ref\">94646-RAISE.<\/div>\n<div><\/div>\n<div class=\"texto\">Squeeze em vidro e a\u00e7o inox com al\u00e7a na tampa para facilitar o transporte.<\/div>\n<div class=\"texto\">Capacidade at\u00e9 520 mL. Fornecido com luva em soft shell. Certifica\u00e7\u00e3o EU Food Grade.<\/div>\n<div class=\"texto\">Caixa branca 94651 vendida opcionalmente. \u00f865 x 225 mm<\/div>\n","protected":false},"excerpt":{"rendered":"<p>94646-RAISE. Squeeze em vidro e a\u00e7o inox com al\u00e7a na tampa para facilitar o transporte. Capacidade at\u00e9 520 mL. Fornecido com luva em soft shell. Certifica\u00e7\u00e3o<span class=\"excerpt-hellip\"> [\u2026]<\/span><\/p>\n","protected":false},"featured_media":1411,"comment_status":"open","ping_status":"closed","template":"","meta":[],"product_cat":[129],"product_tag":[485,484],"class_list":["post-4543","product","type-product","status-publish","has-post-thumbnail","hentry","product_cat-garrafas-e-squeezes","product_tag-garrafa-em-vidro-personalizada","product_tag-squeeze-em-vidro-personalizado"],"_links":{"self":[{"href":"https:\/\/vohnabrindes.com.br\/index.php\/wp-json\/wp\/v2\/product\/4543","targetHints":{"allow":["GET"]}}],"collection":[{"href":"https:\/\/vohnabrindes.com.br\/index.php\/wp-json\/wp\/v2\/product"}],"about":[{"href":"https:\/\/vohnabrindes.com.br\/index.php\/wp-json\/wp\/v2\/types\/product"}],"replies":[{"embeddable":true,"href":"https:\/\/vohnabrindes.com.br\/index.php\/wp-json\/wp\/v2\/comments?post=4543"}],"version-history":[{"count":1,"href":"https:\/\/vohnabrindes.com.br\/index.php\/wp-json\/wp\/v2\/product\/4543\/revisions"}],"predecessor-version":[{"id":4573,"href":"https:\/\/vohnabrindes.com.br\/index.php\/wp-json\/wp\/v2\/product\/4543\/revisions\/4573"}],"wp:featuredmedia":[{"embeddable":true,"href":"https:\/\/vohnabrindes.com.br\/index.php\/wp-json\/wp\/v2\/media\/1411"}],"wp:attachment":[{"href":"https:\/\/vohnabrindes.com.br\/index.php\/wp-json\/wp\/v2\/media?parent=4543"}],"wp:term":[{"taxonomy":"product_cat","embeddable":true,"href":"https:\/\/vohnabrindes.com.br\/index.php\/wp-json\/wp\/v2\/product_cat?post=4543"},{"taxonomy":"product_tag","embeddable":true,"href":"https:\/\/vohnabrindes.com.br\/index.php\/wp-json\/wp\/v2\/product_tag?post=4543"}],"curies":[{"name":"wp","href":"https:\/\/api.w.org\/{rel}","templated":true}]}}