{"id":4544,"date":"2025-05-30T21:39:03","date_gmt":"2025-05-31T00:39:03","guid":{"rendered":"https:\/\/vohnabrindes.com.br\/?post_type=product&#038;p=4544"},"modified":"2025-05-30T21:39:05","modified_gmt":"2025-05-31T00:39:05","slug":"squeeze-790-ml-personalizada","status":"publish","type":"product","link":"https:\/\/vohnabrindes.com.br\/index.php\/product\/squeeze-790-ml-personalizada\/","title":{"rendered":"Squeeze 790 mL personalizada."},"content":{"rendered":"<div class=\"ref\">94648-ROZIER.<\/div>\n<div class=\"ref\"><\/div>\n<div class=\"texto\">Squeeze em Tritan\u2122 com capacidade at\u00e9 790 mL.<\/div>\n<div class=\"texto\">Certifica\u00e7\u00e3o EU Food Grade. Caixa branca 94657 vendida opcionalmente. \u00f871 x 246 mm<\/div>\n","protected":false},"excerpt":{"rendered":"<p>94648-ROZIER. Squeeze em Tritan\u2122 com capacidade at\u00e9 790 mL. Certifica\u00e7\u00e3o EU Food Grade. Caixa branca 94657 vendida opcionalmente. \u00f871 x 246 mm<\/p>\n","protected":false},"featured_media":1413,"comment_status":"open","ping_status":"closed","template":"","meta":[],"product_cat":[129],"product_tag":[486,131],"class_list":["post-4544","product","type-product","status-publish","has-post-thumbnail","hentry","product_cat-garrafas-e-squeezes","product_tag-squeeze-790-ml-personalizada","product_tag-squeeze-plastico"],"_links":{"self":[{"href":"https:\/\/vohnabrindes.com.br\/index.php\/wp-json\/wp\/v2\/product\/4544","targetHints":{"allow":["GET"]}}],"collection":[{"href":"https:\/\/vohnabrindes.com.br\/index.php\/wp-json\/wp\/v2\/product"}],"about":[{"href":"https:\/\/vohnabrindes.com.br\/index.php\/wp-json\/wp\/v2\/types\/product"}],"replies":[{"embeddable":true,"href":"https:\/\/vohnabrindes.com.br\/index.php\/wp-json\/wp\/v2\/comments?post=4544"}],"version-history":[{"count":1,"href":"https:\/\/vohnabrindes.com.br\/index.php\/wp-json\/wp\/v2\/product\/4544\/revisions"}],"predecessor-version":[{"id":4574,"href":"https:\/\/vohnabrindes.com.br\/index.php\/wp-json\/wp\/v2\/product\/4544\/revisions\/4574"}],"wp:featuredmedia":[{"embeddable":true,"href":"https:\/\/vohnabrindes.com.br\/index.php\/wp-json\/wp\/v2\/media\/1413"}],"wp:attachment":[{"href":"https:\/\/vohnabrindes.com.br\/index.php\/wp-json\/wp\/v2\/media?parent=4544"}],"wp:term":[{"taxonomy":"product_cat","embeddable":true,"href":"https:\/\/vohnabrindes.com.br\/index.php\/wp-json\/wp\/v2\/product_cat?post=4544"},{"taxonomy":"product_tag","embeddable":true,"href":"https:\/\/vohnabrindes.com.br\/index.php\/wp-json\/wp\/v2\/product_tag?post=4544"}],"curies":[{"name":"wp","href":"https:\/\/api.w.org\/{rel}","templated":true}]}}