{"id":4545,"date":"2025-05-30T21:39:03","date_gmt":"2025-05-31T00:39:03","guid":{"rendered":"https:\/\/vohnabrindes.com.br\/?post_type=product&#038;p=4545"},"modified":"2025-05-30T21:39:05","modified_gmt":"2025-05-31T00:39:05","slug":"squeeze-740-ml-com-porta-comprimidos-personalizado","status":"publish","type":"product","link":"https:\/\/vohnabrindes.com.br\/index.php\/product\/squeeze-740-ml-com-porta-comprimidos-personalizado\/","title":{"rendered":"Squeeze 740 mL com porta comprimidos personalizado."},"content":{"rendered":"<div class=\"ref\">94644-OTHMER.<\/div>\n<div class=\"ref\">Squeeze 740 mL com porta comprimidos personalizado.<\/div>\n<div class=\"texto\">Squeeze em AS com tampa em PE, porta comprimidos em PP, com 7 divis\u00f3rias e capacidade at\u00e9 740 mL. Certifica\u00e7\u00e3o EU Food Grade. Caixa branca 94658 vendida opcionalmente. \u00f875 x240 mm<\/div>\n","protected":false},"excerpt":{"rendered":"<p>94644-OTHMER. Squeeze 740 mL com porta comprimidos personalizado. Squeeze em AS com tampa em PE, porta comprimidos em PP, com 7 divis\u00f3rias e capacidade at\u00e9 740<span class=\"excerpt-hellip\"> [\u2026]<\/span><\/p>\n","protected":false},"featured_media":1415,"comment_status":"open","ping_status":"closed","template":"","meta":[],"product_cat":[129],"product_tag":[487,446,488],"class_list":["post-4545","product","type-product","status-publish","has-post-thumbnail","hentry","product_cat-garrafas-e-squeezes","product_tag-squeeze-com-porta-comprimido","product_tag-squeeze-plastico-personalizado","product_tag-squeeze-porta-comprimido-personalizado"],"_links":{"self":[{"href":"https:\/\/vohnabrindes.com.br\/index.php\/wp-json\/wp\/v2\/product\/4545","targetHints":{"allow":["GET"]}}],"collection":[{"href":"https:\/\/vohnabrindes.com.br\/index.php\/wp-json\/wp\/v2\/product"}],"about":[{"href":"https:\/\/vohnabrindes.com.br\/index.php\/wp-json\/wp\/v2\/types\/product"}],"replies":[{"embeddable":true,"href":"https:\/\/vohnabrindes.com.br\/index.php\/wp-json\/wp\/v2\/comments?post=4545"}],"version-history":[{"count":1,"href":"https:\/\/vohnabrindes.com.br\/index.php\/wp-json\/wp\/v2\/product\/4545\/revisions"}],"predecessor-version":[{"id":4575,"href":"https:\/\/vohnabrindes.com.br\/index.php\/wp-json\/wp\/v2\/product\/4545\/revisions\/4575"}],"wp:featuredmedia":[{"embeddable":true,"href":"https:\/\/vohnabrindes.com.br\/index.php\/wp-json\/wp\/v2\/media\/1415"}],"wp:attachment":[{"href":"https:\/\/vohnabrindes.com.br\/index.php\/wp-json\/wp\/v2\/media?parent=4545"}],"wp:term":[{"taxonomy":"product_cat","embeddable":true,"href":"https:\/\/vohnabrindes.com.br\/index.php\/wp-json\/wp\/v2\/product_cat?post=4545"},{"taxonomy":"product_tag","embeddable":true,"href":"https:\/\/vohnabrindes.com.br\/index.php\/wp-json\/wp\/v2\/product_tag?post=4545"}],"curies":[{"name":"wp","href":"https:\/\/api.w.org\/{rel}","templated":true}]}}