{"id":4547,"date":"2025-05-30T21:39:03","date_gmt":"2025-05-31T00:39:03","guid":{"rendered":"https:\/\/vohnabrindes.com.br\/?post_type=product&#038;p=4547"},"modified":"2025-05-30T21:39:05","modified_gmt":"2025-05-31T00:39:05","slug":"squeeze-650-ml-plastico-personalizado","status":"publish","type":"product","link":"https:\/\/vohnabrindes.com.br\/index.php\/product\/squeeze-650-ml-plastico-personalizado\/","title":{"rendered":"Squeeze 650 mL pl\u00e1stico personalizado."},"content":{"rendered":"<div class=\"ref\">94622-ODRET.<\/div>\n<div>Squeeze 650 mL pl\u00e1stico personalizado.<\/div>\n<div class=\"texto\">Squeeze em AS com tampa em PP com boquilha de canudo flex\u00edvel (no interior) e de abertura f\u00e1cil.<\/div>\n<div class=\"texto\">Capacidade at\u00e9 650 mL. Certifica\u00e7\u00e3o EU Food Grade. Caixa branca 94652 vendida opcionalmente. \u00f873 x 214 mm<\/div>\n","protected":false},"excerpt":{"rendered":"<p>94622-ODRET. Squeeze 650 mL pl\u00e1stico personalizado. Squeeze em AS com tampa em PP com boquilha de canudo flex\u00edvel (no interior) e de abertura f\u00e1cil. Capacidade at\u00e9<span class=\"excerpt-hellip\"> [\u2026]<\/span><\/p>\n","protected":false},"featured_media":1419,"comment_status":"open","ping_status":"closed","template":"","meta":[],"product_cat":[129],"product_tag":[490,131],"class_list":["post-4547","product","type-product","status-publish","has-post-thumbnail","hentry","product_cat-garrafas-e-squeezes","product_tag-squeeze-650-ml-plastico-personalizado","product_tag-squeeze-plastico"],"_links":{"self":[{"href":"https:\/\/vohnabrindes.com.br\/index.php\/wp-json\/wp\/v2\/product\/4547","targetHints":{"allow":["GET"]}}],"collection":[{"href":"https:\/\/vohnabrindes.com.br\/index.php\/wp-json\/wp\/v2\/product"}],"about":[{"href":"https:\/\/vohnabrindes.com.br\/index.php\/wp-json\/wp\/v2\/types\/product"}],"replies":[{"embeddable":true,"href":"https:\/\/vohnabrindes.com.br\/index.php\/wp-json\/wp\/v2\/comments?post=4547"}],"version-history":[{"count":1,"href":"https:\/\/vohnabrindes.com.br\/index.php\/wp-json\/wp\/v2\/product\/4547\/revisions"}],"predecessor-version":[{"id":4577,"href":"https:\/\/vohnabrindes.com.br\/index.php\/wp-json\/wp\/v2\/product\/4547\/revisions\/4577"}],"wp:featuredmedia":[{"embeddable":true,"href":"https:\/\/vohnabrindes.com.br\/index.php\/wp-json\/wp\/v2\/media\/1419"}],"wp:attachment":[{"href":"https:\/\/vohnabrindes.com.br\/index.php\/wp-json\/wp\/v2\/media?parent=4547"}],"wp:term":[{"taxonomy":"product_cat","embeddable":true,"href":"https:\/\/vohnabrindes.com.br\/index.php\/wp-json\/wp\/v2\/product_cat?post=4547"},{"taxonomy":"product_tag","embeddable":true,"href":"https:\/\/vohnabrindes.com.br\/index.php\/wp-json\/wp\/v2\/product_tag?post=4547"}],"curies":[{"name":"wp","href":"https:\/\/api.w.org\/{rel}","templated":true}]}}