{"id":4552,"date":"2025-05-30T21:39:03","date_gmt":"2025-05-31T00:39:03","guid":{"rendered":"https:\/\/vohnabrindes.com.br\/?post_type=product&#038;p=4552"},"modified":"2025-05-30T21:39:05","modified_gmt":"2025-05-31T00:39:05","slug":"kit-ferramentas-25-pecas-personalizado","status":"publish","type":"product","link":"https:\/\/vohnabrindes.com.br\/index.php\/product\/kit-ferramentas-25-pecas-personalizado\/","title":{"rendered":"Kit Ferramentas 25 Pe\u00e7as personalizado."},"content":{"rendered":"<pre id=\"item_referencia\">06046<\/pre>\n<p class=\"produto-nome\"><span class=\"desc-sub my-desc-sub\">Kit ferramenta com 25 pe\u00e7as em estojo pl\u00e1stico com tampa de encaixe. Cont\u00e9m: 1 chave extensora rotat\u00f3ria para conex\u00e3o das ponteiras, 1 ponteira Tri-Wing, 5 ponteiras Phillips, 4 ponteiras fenda, 10 ponteiras Torx, 2 ponteira Allen, 1 ponteira spanner e 1 ponteira fenda triangular.<\/span><\/p>\n<div class=\"caracs\">\n<div class=\"desc\">\n<p class=\"desc-tit\">Largura<span class=\"desc-sub\">\u00a0:\u00a0 6,6 cm<\/span><\/p>\n<\/div>\n<div class=\"desc\">\n<p class=\"desc-tit\">Espessura<span class=\"desc-sub\">\u00a0:\u00a0 1,6 cm<\/span><\/p>\n<\/div>\n<div class=\"desc\">\n<p class=\"desc-tit\">Comprimento<span class=\"desc-sub\"> :\u00a0 15,4 cm<\/span><\/p>\n<\/div>\n<div class=\"desc\">\n<p class=\"desc-tit\">Peso aproximado<span class=\"desc-sub\">\u00a0(g):\u00a0 136<\/span><\/p>\n<\/div>\n<\/div>\n","protected":false},"excerpt":{"rendered":"<p>06046 Kit ferramenta com 25 pe\u00e7as em estojo pl\u00e1stico com tampa de encaixe. Cont\u00e9m: 1 chave extensora rotat\u00f3ria para conex\u00e3o das ponteiras, 1 ponteira Tri-Wing, 5<span class=\"excerpt-hellip\"> [\u2026]<\/span><\/p>\n","protected":false},"featured_media":1437,"comment_status":"open","ping_status":"closed","template":"","meta":[],"product_cat":[493],"product_tag":[497,495],"class_list":["post-4552","product","type-product","status-publish","has-post-thumbnail","hentry","product_cat-ferramentas-e-lanternas","product_tag-kit-ferramentas-25-pecas","product_tag-kit-ferramentas-personalizado"],"_links":{"self":[{"href":"https:\/\/vohnabrindes.com.br\/index.php\/wp-json\/wp\/v2\/product\/4552","targetHints":{"allow":["GET"]}}],"collection":[{"href":"https:\/\/vohnabrindes.com.br\/index.php\/wp-json\/wp\/v2\/product"}],"about":[{"href":"https:\/\/vohnabrindes.com.br\/index.php\/wp-json\/wp\/v2\/types\/product"}],"replies":[{"embeddable":true,"href":"https:\/\/vohnabrindes.com.br\/index.php\/wp-json\/wp\/v2\/comments?post=4552"}],"version-history":[{"count":1,"href":"https:\/\/vohnabrindes.com.br\/index.php\/wp-json\/wp\/v2\/product\/4552\/revisions"}],"predecessor-version":[{"id":4582,"href":"https:\/\/vohnabrindes.com.br\/index.php\/wp-json\/wp\/v2\/product\/4552\/revisions\/4582"}],"wp:featuredmedia":[{"embeddable":true,"href":"https:\/\/vohnabrindes.com.br\/index.php\/wp-json\/wp\/v2\/media\/1437"}],"wp:attachment":[{"href":"https:\/\/vohnabrindes.com.br\/index.php\/wp-json\/wp\/v2\/media?parent=4552"}],"wp:term":[{"taxonomy":"product_cat","embeddable":true,"href":"https:\/\/vohnabrindes.com.br\/index.php\/wp-json\/wp\/v2\/product_cat?post=4552"},{"taxonomy":"product_tag","embeddable":true,"href":"https:\/\/vohnabrindes.com.br\/index.php\/wp-json\/wp\/v2\/product_tag?post=4552"}],"curies":[{"name":"wp","href":"https:\/\/api.w.org\/{rel}","templated":true}]}}