{"id":4590,"date":"2025-05-30T21:39:06","date_gmt":"2025-05-31T00:39:06","guid":{"rendered":"https:\/\/vohnabrindes.com.br\/?post_type=product&#038;p=4590"},"modified":"2025-05-30T21:39:08","modified_gmt":"2025-05-31T00:39:08","slug":"alicate-dobravel-com-ferramentas-multifuncoes-personalizado","status":"publish","type":"product","link":"https:\/\/vohnabrindes.com.br\/index.php\/product\/alicate-dobravel-com-ferramentas-multifuncoes-personalizado\/","title":{"rendered":"Alicate dobr\u00e1vel com ferramentas multifun\u00e7\u00f5es personalizado."},"content":{"rendered":"<div class=\"ref\">94022-MAGNUM.<\/div>\n<div class=\"ref\"><\/div>\n<div class=\"texto\">Alicate dobr\u00e1vel com ferramentas multifun\u00e7\u00f5es em a\u00e7o inox e madeira, com 20 fun\u00e7\u00f5es.<\/div>\n<div class=\"texto\">Fornecido em bolsa em poli\u00e9ster.<\/div>\n<div class=\"texto\">dimens\u00f5es:45 x 100 x 25 mm | Bolsa: 65 x 140 x 30 mm<\/div>\n","protected":false},"excerpt":{"rendered":"<p>94022-MAGNUM. Alicate dobr\u00e1vel com ferramentas multifun\u00e7\u00f5es em a\u00e7o inox e madeira, com 20 fun\u00e7\u00f5es. Fornecido em bolsa em poli\u00e9ster. dimens\u00f5es:45 x 100 x 25 mm |<span class=\"excerpt-hellip\"> [\u2026]<\/span><\/p>\n","protected":false},"featured_media":1463,"comment_status":"open","ping_status":"closed","template":"","meta":[],"product_cat":[493],"product_tag":[507,508,499],"class_list":["post-4590","product","type-product","status-publish","has-post-thumbnail","hentry","product_cat-ferramentas-e-lanternas","product_tag-alicate-dobravel-com-ferramentas-multifuncoes","product_tag-alicate-dobravel-com-ferramentas-multifuncoes-personalizado","product_tag-kit-ferramenta-personalizado"],"_links":{"self":[{"href":"https:\/\/vohnabrindes.com.br\/index.php\/wp-json\/wp\/v2\/product\/4590","targetHints":{"allow":["GET"]}}],"collection":[{"href":"https:\/\/vohnabrindes.com.br\/index.php\/wp-json\/wp\/v2\/product"}],"about":[{"href":"https:\/\/vohnabrindes.com.br\/index.php\/wp-json\/wp\/v2\/types\/product"}],"replies":[{"embeddable":true,"href":"https:\/\/vohnabrindes.com.br\/index.php\/wp-json\/wp\/v2\/comments?post=4590"}],"version-history":[{"count":1,"href":"https:\/\/vohnabrindes.com.br\/index.php\/wp-json\/wp\/v2\/product\/4590\/revisions"}],"predecessor-version":[{"id":4620,"href":"https:\/\/vohnabrindes.com.br\/index.php\/wp-json\/wp\/v2\/product\/4590\/revisions\/4620"}],"wp:featuredmedia":[{"embeddable":true,"href":"https:\/\/vohnabrindes.com.br\/index.php\/wp-json\/wp\/v2\/media\/1463"}],"wp:attachment":[{"href":"https:\/\/vohnabrindes.com.br\/index.php\/wp-json\/wp\/v2\/media?parent=4590"}],"wp:term":[{"taxonomy":"product_cat","embeddable":true,"href":"https:\/\/vohnabrindes.com.br\/index.php\/wp-json\/wp\/v2\/product_cat?post=4590"},{"taxonomy":"product_tag","embeddable":true,"href":"https:\/\/vohnabrindes.com.br\/index.php\/wp-json\/wp\/v2\/product_tag?post=4590"}],"curies":[{"name":"wp","href":"https:\/\/api.w.org\/{rel}","templated":true}]}}