{"id":4594,"date":"2025-05-30T21:39:06","date_gmt":"2025-05-31T00:39:06","guid":{"rendered":"https:\/\/vohnabrindes.com.br\/?post_type=product&#038;p=4594"},"modified":"2026-03-03T16:30:19","modified_gmt":"2026-03-03T19:30:19","slug":"trena-emborrachada-de-5-metros-personalizada","status":"publish","type":"product","link":"https:\/\/vohnabrindes.com.br\/index.php\/product\/trena-emborrachada-de-5-metros-personalizada\/","title":{"rendered":"Kit Faixas de Yoga 5 Pe\u00e7as Personalizado."},"content":{"rendered":"<pre id=\"item_referencia\">08220<\/pre>\n<p class=\"produto-nome\">Kit Faixas de Yoga 5 Pe\u00e7as Personalizada.<\/p>\n<div class=\"caracs\">\n<div class=\"desc\">\n<p class=\"desc-tit\">\u00a0<span class=\"desc-sub my-desc-sub\">Kit com cinco faixas de borracha com diferentes n\u00edveis de resist\u00eancia, oferecendo a elasticidade ideal para a pr\u00e1tica de diversos tipos de atividades f\u00edsicas. O conjunto acompanha um estojo pl\u00e1stico para guardar as faixas.<\/span><\/p>\n<\/div>\n<div class=\"desc\">\n<p class=\"desc-tit\">Largura<span class=\"desc-sub\">\u00a0:\u00a0 5 cm<\/span><\/p>\n<\/div>\n<div class=\"desc\">\n<p class=\"desc-tit\">Comprimento<span class=\"desc-sub\">\u00a0:\u00a0 31 cm<\/span><\/p>\n<\/div>\n<div class=\"desc\">\n<p class=\"desc-tit\">Medidas aproximadas para grava\u00e7\u00e3o<span class=\"desc-sub\">\u00a0(CxL):\u00a0 5 cm x 18 cm (estojo) &#8211; 5 cm x 10 cm (cada faixa)<\/span><\/p>\n<\/div>\n<div class=\"desc\">\n<p class=\"desc-tit\">Tamanho total aproximado\u00a0<span class=\"desc-sub\">\u00a0(CxL):\u00a0 Estojo: 19,7 cm x 7 cm x 2,8 cm<\/span><\/p>\n<\/div>\n<div class=\"desc\">\n<p class=\"desc-tit\">Peso aproximado<span class=\"desc-sub\">\u00a0(g):\u00a0 153<\/span><\/p>\n<\/div>\n<\/div>\n","protected":false},"excerpt":{"rendered":"<p>08220 Kit Faixas de Yoga 5 Pe\u00e7as Personalizada. \u00a0Kit com cinco faixas de borracha com diferentes n\u00edveis de resist\u00eancia, oferecendo a elasticidade ideal para a pr\u00e1tica<span class=\"excerpt-hellip\"> [\u2026]<\/span><\/p>\n","protected":false},"featured_media":6043,"comment_status":"closed","ping_status":"closed","template":"","meta":[],"product_cat":[350],"product_tag":[2303,855],"class_list":["post-4594","product","type-product","status-publish","has-post-thumbnail","hentry","product_cat-fitness-e-lazer","product_tag-kit-faixas-de-yoga-5-pecas-personalizada","product_tag-kit-fitness-personalizado"],"_links":{"self":[{"href":"https:\/\/vohnabrindes.com.br\/index.php\/wp-json\/wp\/v2\/product\/4594","targetHints":{"allow":["GET"]}}],"collection":[{"href":"https:\/\/vohnabrindes.com.br\/index.php\/wp-json\/wp\/v2\/product"}],"about":[{"href":"https:\/\/vohnabrindes.com.br\/index.php\/wp-json\/wp\/v2\/types\/product"}],"replies":[{"embeddable":true,"href":"https:\/\/vohnabrindes.com.br\/index.php\/wp-json\/wp\/v2\/comments?post=4594"}],"version-history":[{"count":2,"href":"https:\/\/vohnabrindes.com.br\/index.php\/wp-json\/wp\/v2\/product\/4594\/revisions"}],"predecessor-version":[{"id":6044,"href":"https:\/\/vohnabrindes.com.br\/index.php\/wp-json\/wp\/v2\/product\/4594\/revisions\/6044"}],"wp:featuredmedia":[{"embeddable":true,"href":"https:\/\/vohnabrindes.com.br\/index.php\/wp-json\/wp\/v2\/media\/6043"}],"wp:attachment":[{"href":"https:\/\/vohnabrindes.com.br\/index.php\/wp-json\/wp\/v2\/media?parent=4594"}],"wp:term":[{"taxonomy":"product_cat","embeddable":true,"href":"https:\/\/vohnabrindes.com.br\/index.php\/wp-json\/wp\/v2\/product_cat?post=4594"},{"taxonomy":"product_tag","embeddable":true,"href":"https:\/\/vohnabrindes.com.br\/index.php\/wp-json\/wp\/v2\/product_tag?post=4594"}],"curies":[{"name":"wp","href":"https:\/\/api.w.org\/{rel}","templated":true}]}}