{"id":4595,"date":"2025-05-30T21:39:06","date_gmt":"2025-05-31T00:39:06","guid":{"rendered":"https:\/\/vohnabrindes.com.br\/?post_type=product&#038;p=4595"},"modified":"2025-05-30T21:39:08","modified_gmt":"2025-05-31T00:39:08","slug":"fita-metrica-plastica-de-150m-personalizado","status":"publish","type":"product","link":"https:\/\/vohnabrindes.com.br\/index.php\/product\/fita-metrica-plastica-de-150m-personalizado\/","title":{"rendered":"Fita M\u00e9trica Pl\u00e1stica de 1,50m personalizado."},"content":{"rendered":"<pre id=\"item_referencia\">10800<\/pre>\n<p class=\"produto-nome\">Fita M\u00e9trica Pl\u00e1stica de 1,50m<\/p>\n<div class=\"caracs\">\n<div class=\"desc\">\n<p class=\"desc-tit\"><span class=\"desc-sub my-desc-sub\">Fita m\u00e9trica pl\u00e1stica redonda de 1,50m. Possui relevo na lateral, verso central liso e lado oposto com bot\u00e3o para travar\/destravar.<\/span><\/p>\n<\/div>\n<div class=\"desc\">\n<p class=\"desc-tit\">Medidas aproximadas para grava\u00e7\u00e3o<span class=\"desc-sub\">\u00a0(CxL):\u00a0 3,7 cm x 3,7 cm<\/span><\/p>\n<\/div>\n<div class=\"desc\">\n<p class=\"desc-tit\">Tamanho total aproximado\u00a0<span class=\"desc-sub\">\u00a0(CxL):\u00a0 5 cm x 5 cm x 1 cm<\/span><\/p>\n<\/div>\n<div class=\"desc\">\n<p class=\"desc-tit\">Peso aproximado<span class=\"desc-sub\">\u00a0(g):\u00a0 20<\/span><\/p>\n<\/div>\n<\/div>\n","protected":false},"excerpt":{"rendered":"<p>10800 Fita M\u00e9trica Pl\u00e1stica de 1,50m Fita m\u00e9trica pl\u00e1stica redonda de 1,50m. Possui relevo na lateral, verso central liso e lado oposto com bot\u00e3o para travar\/destravar.<span class=\"excerpt-hellip\"> [\u2026]<\/span><\/p>\n","protected":false},"featured_media":1473,"comment_status":"open","ping_status":"closed","template":"","meta":[],"product_cat":[493],"product_tag":[516,517,514],"class_list":["post-4595","product","type-product","status-publish","has-post-thumbnail","hentry","product_cat-ferramentas-e-lanternas","product_tag-50m","product_tag-fita-metrica-plastica-de-1","product_tag-trena-personalizada"],"_links":{"self":[{"href":"https:\/\/vohnabrindes.com.br\/index.php\/wp-json\/wp\/v2\/product\/4595","targetHints":{"allow":["GET"]}}],"collection":[{"href":"https:\/\/vohnabrindes.com.br\/index.php\/wp-json\/wp\/v2\/product"}],"about":[{"href":"https:\/\/vohnabrindes.com.br\/index.php\/wp-json\/wp\/v2\/types\/product"}],"replies":[{"embeddable":true,"href":"https:\/\/vohnabrindes.com.br\/index.php\/wp-json\/wp\/v2\/comments?post=4595"}],"version-history":[{"count":1,"href":"https:\/\/vohnabrindes.com.br\/index.php\/wp-json\/wp\/v2\/product\/4595\/revisions"}],"predecessor-version":[{"id":4625,"href":"https:\/\/vohnabrindes.com.br\/index.php\/wp-json\/wp\/v2\/product\/4595\/revisions\/4625"}],"wp:featuredmedia":[{"embeddable":true,"href":"https:\/\/vohnabrindes.com.br\/index.php\/wp-json\/wp\/v2\/media\/1473"}],"wp:attachment":[{"href":"https:\/\/vohnabrindes.com.br\/index.php\/wp-json\/wp\/v2\/media?parent=4595"}],"wp:term":[{"taxonomy":"product_cat","embeddable":true,"href":"https:\/\/vohnabrindes.com.br\/index.php\/wp-json\/wp\/v2\/product_cat?post=4595"},{"taxonomy":"product_tag","embeddable":true,"href":"https:\/\/vohnabrindes.com.br\/index.php\/wp-json\/wp\/v2\/product_tag?post=4595"}],"curies":[{"name":"wp","href":"https:\/\/api.w.org\/{rel}","templated":true}]}}