{"id":4598,"date":"2025-05-30T21:39:07","date_gmt":"2025-05-31T00:39:07","guid":{"rendered":"https:\/\/vohnabrindes.com.br\/?post_type=product&#038;p=4598"},"modified":"2025-05-30T21:39:08","modified_gmt":"2025-05-31T00:39:08","slug":"caneta-plastica-personalizada-3","status":"publish","type":"product","link":"https:\/\/vohnabrindes.com.br\/index.php\/product\/caneta-plastica-personalizada-3\/","title":{"rendered":"caneta pl\u00e1stica personalizada."},"content":{"rendered":"<pre id=\"item_referencia\">12505<\/pre>\n<p class=\"produto-nome\"><span class=\"desc-sub my-desc-sub\">Caneta pl\u00e1stica com carga esferogr\u00e1fica azul e acionamento por clique.<\/span><\/p>\n<div class=\"caracs\">\n<div class=\"desc\">\n<p class=\"desc-tit\">Medidas aproximadas para grava\u00e7\u00e3o<span class=\"desc-sub\">\u00a0(CxL):\u00a0 4,5 cm x 1 cm<\/span><\/p>\n<\/div>\n<div class=\"desc\">\n<p class=\"desc-tit\">Tamanho total aproximado\u00a0<span class=\"desc-sub\">\u00a0(CxL):\u00a0 14,1 cm x 1,5 cm<\/span><\/p>\n<\/div>\n<div class=\"desc\">\n<p class=\"desc-tit\">Peso aproximado<span class=\"desc-sub\">\u00a0(g):\u00a0 11<\/span><\/p>\n<\/div>\n<\/div>\n","protected":false},"excerpt":{"rendered":"<p>12505 Caneta pl\u00e1stica com carga esferogr\u00e1fica azul e acionamento por clique. Medidas aproximadas para grava\u00e7\u00e3o\u00a0(CxL):\u00a0 4,5 cm x 1 cm Tamanho total aproximado\u00a0\u00a0(CxL):\u00a0 14,1 cm x<span class=\"excerpt-hellip\"> [\u2026]<\/span><\/p>\n","protected":false},"featured_media":1487,"comment_status":"open","ping_status":"closed","template":"","meta":[],"product_cat":[220],"product_tag":[518,519],"class_list":["post-4598","product","type-product","status-publish","has-post-thumbnail","hentry","product_cat-canetas-plasticas","product_tag-caneta-com-logomarca","product_tag-caneta-plastica-personalizada"],"_links":{"self":[{"href":"https:\/\/vohnabrindes.com.br\/index.php\/wp-json\/wp\/v2\/product\/4598","targetHints":{"allow":["GET"]}}],"collection":[{"href":"https:\/\/vohnabrindes.com.br\/index.php\/wp-json\/wp\/v2\/product"}],"about":[{"href":"https:\/\/vohnabrindes.com.br\/index.php\/wp-json\/wp\/v2\/types\/product"}],"replies":[{"embeddable":true,"href":"https:\/\/vohnabrindes.com.br\/index.php\/wp-json\/wp\/v2\/comments?post=4598"}],"version-history":[{"count":1,"href":"https:\/\/vohnabrindes.com.br\/index.php\/wp-json\/wp\/v2\/product\/4598\/revisions"}],"predecessor-version":[{"id":4628,"href":"https:\/\/vohnabrindes.com.br\/index.php\/wp-json\/wp\/v2\/product\/4598\/revisions\/4628"}],"wp:featuredmedia":[{"embeddable":true,"href":"https:\/\/vohnabrindes.com.br\/index.php\/wp-json\/wp\/v2\/media\/1487"}],"wp:attachment":[{"href":"https:\/\/vohnabrindes.com.br\/index.php\/wp-json\/wp\/v2\/media?parent=4598"}],"wp:term":[{"taxonomy":"product_cat","embeddable":true,"href":"https:\/\/vohnabrindes.com.br\/index.php\/wp-json\/wp\/v2\/product_cat?post=4598"},{"taxonomy":"product_tag","embeddable":true,"href":"https:\/\/vohnabrindes.com.br\/index.php\/wp-json\/wp\/v2\/product_tag?post=4598"}],"curies":[{"name":"wp","href":"https:\/\/api.w.org\/{rel}","templated":true}]}}