{"id":4599,"date":"2025-05-30T21:39:07","date_gmt":"2025-05-31T00:39:07","guid":{"rendered":"https:\/\/vohnabrindes.com.br\/?post_type=product&#038;p=4599"},"modified":"2025-05-30T21:39:08","modified_gmt":"2025-05-31T00:39:08","slug":"caneta-plastica-personalizada-4","status":"publish","type":"product","link":"https:\/\/vohnabrindes.com.br\/index.php\/product\/caneta-plastica-personalizada-4\/","title":{"rendered":"Caneta Pl\u00e1stica personalizada."},"content":{"rendered":"<pre id=\"item_referencia\">13690<\/pre>\n<p class=\"produto-nome\"><span class=\"desc-sub my-desc-sub\">Caneta pl\u00e1stica com carga esferogr\u00e1fica azul e acionamento por clique.<\/span><\/p>\n<div class=\"caracs\">\n<div class=\"desc\">\n<p class=\"desc-tit\">Medidas aproximadas para grava\u00e7\u00e3o<span class=\"desc-sub\">\u00a0(CxL):\u00a0 4 cm x 0,8 cm<\/span><\/p>\n<\/div>\n<div class=\"desc\">\n<p class=\"desc-tit\">Tamanho total aproximado\u00a0<span class=\"desc-sub\">\u00a0(CxL):\u00a0 14,2 cm x 1,6 cm<\/span><\/p>\n<\/div>\n<div class=\"desc\">\n<p class=\"desc-tit\">Peso aproximado<span class=\"desc-sub\">\u00a0(g):\u00a0 8<\/span><\/p>\n<\/div>\n<\/div>\n","protected":false},"excerpt":{"rendered":"<p>13690 Caneta pl\u00e1stica com carga esferogr\u00e1fica azul e acionamento por clique. Medidas aproximadas para grava\u00e7\u00e3o\u00a0(CxL):\u00a0 4 cm x 0,8 cm Tamanho total aproximado\u00a0\u00a0(CxL):\u00a0 14,2 cm x<span class=\"excerpt-hellip\"> [\u2026]<\/span><\/p>\n","protected":false},"featured_media":1489,"comment_status":"open","ping_status":"closed","template":"","meta":[],"product_cat":[220],"product_tag":[518,520,519],"class_list":["post-4599","product","type-product","status-publish","has-post-thumbnail","hentry","product_cat-canetas-plasticas","product_tag-caneta-com-logomarca","product_tag-caneta-plastica","product_tag-caneta-plastica-personalizada"],"_links":{"self":[{"href":"https:\/\/vohnabrindes.com.br\/index.php\/wp-json\/wp\/v2\/product\/4599","targetHints":{"allow":["GET"]}}],"collection":[{"href":"https:\/\/vohnabrindes.com.br\/index.php\/wp-json\/wp\/v2\/product"}],"about":[{"href":"https:\/\/vohnabrindes.com.br\/index.php\/wp-json\/wp\/v2\/types\/product"}],"replies":[{"embeddable":true,"href":"https:\/\/vohnabrindes.com.br\/index.php\/wp-json\/wp\/v2\/comments?post=4599"}],"version-history":[{"count":1,"href":"https:\/\/vohnabrindes.com.br\/index.php\/wp-json\/wp\/v2\/product\/4599\/revisions"}],"predecessor-version":[{"id":4629,"href":"https:\/\/vohnabrindes.com.br\/index.php\/wp-json\/wp\/v2\/product\/4599\/revisions\/4629"}],"wp:featuredmedia":[{"embeddable":true,"href":"https:\/\/vohnabrindes.com.br\/index.php\/wp-json\/wp\/v2\/media\/1489"}],"wp:attachment":[{"href":"https:\/\/vohnabrindes.com.br\/index.php\/wp-json\/wp\/v2\/media?parent=4599"}],"wp:term":[{"taxonomy":"product_cat","embeddable":true,"href":"https:\/\/vohnabrindes.com.br\/index.php\/wp-json\/wp\/v2\/product_cat?post=4599"},{"taxonomy":"product_tag","embeddable":true,"href":"https:\/\/vohnabrindes.com.br\/index.php\/wp-json\/wp\/v2\/product_tag?post=4599"}],"curies":[{"name":"wp","href":"https:\/\/api.w.org\/{rel}","templated":true}]}}