{"id":4600,"date":"2025-05-30T21:39:07","date_gmt":"2025-05-31T00:39:07","guid":{"rendered":"https:\/\/vohnabrindes.com.br\/?post_type=product&#038;p=4600"},"modified":"2026-03-03T16:30:19","modified_gmt":"2026-03-03T19:30:19","slug":"caneta-plastica-personalizada-5","status":"publish","type":"product","link":"https:\/\/vohnabrindes.com.br\/index.php\/product\/caneta-plastica-personalizada-5\/","title":{"rendered":"Caderneta Palha de Trigo com Caneta personalizado."},"content":{"rendered":"<pre id=\"item_referencia\">08288<\/pre>\n<p class=\"produto-nome\">Caderneta Palha de Trigo com Caneta personalizado.<\/p>\n<div class=\"caracs\">\n<div class=\"desc\">\n<p class=\"desc-tit\"><span class=\"desc-sub my-desc-sub\">Caderneta ecol\u00f3gica de capa dura revestida em fibra de palha de trigo. Cont\u00e9m aproximadamente 80 folhas brancas com pauta, al\u00e9m de duas folhas de guarda, uma fita para fechamento e porta-canetas el\u00e1stico. Acompanha uma caneta esferogr\u00e1fica de carga azul de 1,0mm com corpo em papel\u00e3o e clip, acionamento por clique e ponteira em pl\u00e1stico.<\/span><\/p>\n<\/div>\n<div class=\"desc\">\n<p class=\"desc-tit\">Largura<span class=\"desc-sub\">\u00a0:\u00a0 9,3 cm<\/span><\/p>\n<\/div>\n<div class=\"desc\">\n<p class=\"desc-tit\">Espessura<span class=\"desc-sub\">\u00a0:\u00a0 1,3 cm<\/span><\/p>\n<\/div>\n<div class=\"desc\">\n<p class=\"desc-tit\">Comprimento<span class=\"desc-sub\">\u00a0:\u00a0 14 cm<\/span><\/p>\n<\/div>\n<div class=\"desc\">\n<p class=\"desc-tit\">Medidas aproximadas para grava\u00e7\u00e3o<span class=\"desc-sub\">\u00a0(CxL):\u00a0 14 cm x 9 cm (caderneta) &#8211; 0,8 cm x 10 cm (caneta)<\/span><\/p>\n<\/div>\n<div class=\"desc\">\n<p class=\"desc-tit\">Tamanho total aproximado\u00a0<span class=\"desc-sub\">\u00a0(CxL):\u00a0 Caneta: 14 cm x 1 cm<\/span><\/p>\n<\/div>\n<div class=\"desc\">\n<p class=\"desc-tit\">Peso aproximado<span class=\"desc-sub\">\u00a0(g):\u00a0 107<\/span><\/p>\n<\/div>\n<\/div>\n","protected":false},"excerpt":{"rendered":"<p>08288 Caderneta Palha de Trigo com Caneta personalizado. Caderneta ecol\u00f3gica de capa dura revestida em fibra de palha de trigo. Cont\u00e9m aproximadamente 80 folhas brancas com<span class=\"excerpt-hellip\"> [\u2026]<\/span><\/p>\n","protected":false},"featured_media":6047,"comment_status":"closed","ping_status":"closed","template":"","meta":[],"product_cat":[146],"product_tag":[949,2305,2306],"class_list":["post-4600","product","type-product","status-publish","has-post-thumbnail","hentry","product_cat-blocos-e-cadernetas","product_tag-bloco-de-anotacoes-com-caneta-personalizado","product_tag-caderneta-palha-de-trigo-com-caneta-personalizado","product_tag-moleskine-ecologico-personalizado"],"_links":{"self":[{"href":"https:\/\/vohnabrindes.com.br\/index.php\/wp-json\/wp\/v2\/product\/4600","targetHints":{"allow":["GET"]}}],"collection":[{"href":"https:\/\/vohnabrindes.com.br\/index.php\/wp-json\/wp\/v2\/product"}],"about":[{"href":"https:\/\/vohnabrindes.com.br\/index.php\/wp-json\/wp\/v2\/types\/product"}],"replies":[{"embeddable":true,"href":"https:\/\/vohnabrindes.com.br\/index.php\/wp-json\/wp\/v2\/comments?post=4600"}],"version-history":[{"count":2,"href":"https:\/\/vohnabrindes.com.br\/index.php\/wp-json\/wp\/v2\/product\/4600\/revisions"}],"predecessor-version":[{"id":6048,"href":"https:\/\/vohnabrindes.com.br\/index.php\/wp-json\/wp\/v2\/product\/4600\/revisions\/6048"}],"wp:featuredmedia":[{"embeddable":true,"href":"https:\/\/vohnabrindes.com.br\/index.php\/wp-json\/wp\/v2\/media\/6047"}],"wp:attachment":[{"href":"https:\/\/vohnabrindes.com.br\/index.php\/wp-json\/wp\/v2\/media?parent=4600"}],"wp:term":[{"taxonomy":"product_cat","embeddable":true,"href":"https:\/\/vohnabrindes.com.br\/index.php\/wp-json\/wp\/v2\/product_cat?post=4600"},{"taxonomy":"product_tag","embeddable":true,"href":"https:\/\/vohnabrindes.com.br\/index.php\/wp-json\/wp\/v2\/product_tag?post=4600"}],"curies":[{"name":"wp","href":"https:\/\/api.w.org\/{rel}","templated":true}]}}