{"id":4604,"date":"2025-05-30T21:39:07","date_gmt":"2025-05-31T00:39:07","guid":{"rendered":"https:\/\/vohnabrindes.com.br\/?post_type=product&#038;p=4604"},"modified":"2025-05-30T21:39:09","modified_gmt":"2025-05-31T00:39:09","slug":"caneta-plastica-touch-com-suporte-personalizada","status":"publish","type":"product","link":"https:\/\/vohnabrindes.com.br\/index.php\/product\/caneta-plastica-touch-com-suporte-personalizada\/","title":{"rendered":"Caneta Pl\u00e1stica Touch com Suporte personalizada."},"content":{"rendered":"<pre id=\"item_referencia\">13499<\/pre>\n<p class=\"produto-nome\"><span class=\"desc-sub my-desc-sub\">Caneta pl\u00e1stica com suporte para celular e touch screen. Carga esferogr\u00e1fica azul e acionamento por rota\u00e7\u00e3o.<\/span><\/p>\n","protected":false},"excerpt":{"rendered":"<p>13499 Caneta pl\u00e1stica com suporte para celular e touch screen. Carga esferogr\u00e1fica azul e acionamento por rota\u00e7\u00e3o.<\/p>\n","protected":false},"featured_media":1507,"comment_status":"open","ping_status":"closed","template":"","meta":[],"product_cat":[220],"product_tag":[224,225],"class_list":["post-4604","product","type-product","status-publish","has-post-thumbnail","hentry","product_cat-canetas-plasticas","product_tag-caneta-plastica-touch-com-suporte-personalizada","product_tag-caneta-touch"],"_links":{"self":[{"href":"https:\/\/vohnabrindes.com.br\/index.php\/wp-json\/wp\/v2\/product\/4604","targetHints":{"allow":["GET"]}}],"collection":[{"href":"https:\/\/vohnabrindes.com.br\/index.php\/wp-json\/wp\/v2\/product"}],"about":[{"href":"https:\/\/vohnabrindes.com.br\/index.php\/wp-json\/wp\/v2\/types\/product"}],"replies":[{"embeddable":true,"href":"https:\/\/vohnabrindes.com.br\/index.php\/wp-json\/wp\/v2\/comments?post=4604"}],"version-history":[{"count":1,"href":"https:\/\/vohnabrindes.com.br\/index.php\/wp-json\/wp\/v2\/product\/4604\/revisions"}],"predecessor-version":[{"id":4634,"href":"https:\/\/vohnabrindes.com.br\/index.php\/wp-json\/wp\/v2\/product\/4604\/revisions\/4634"}],"wp:featuredmedia":[{"embeddable":true,"href":"https:\/\/vohnabrindes.com.br\/index.php\/wp-json\/wp\/v2\/media\/1507"}],"wp:attachment":[{"href":"https:\/\/vohnabrindes.com.br\/index.php\/wp-json\/wp\/v2\/media?parent=4604"}],"wp:term":[{"taxonomy":"product_cat","embeddable":true,"href":"https:\/\/vohnabrindes.com.br\/index.php\/wp-json\/wp\/v2\/product_cat?post=4604"},{"taxonomy":"product_tag","embeddable":true,"href":"https:\/\/vohnabrindes.com.br\/index.php\/wp-json\/wp\/v2\/product_tag?post=4604"}],"curies":[{"name":"wp","href":"https:\/\/api.w.org\/{rel}","templated":true}]}}