{"id":4612,"date":"2025-05-30T21:39:07","date_gmt":"2025-05-31T00:39:07","guid":{"rendered":"https:\/\/vohnabrindes.com.br\/?post_type=product&#038;p=4612"},"modified":"2025-05-30T21:39:09","modified_gmt":"2025-05-31T00:39:09","slug":"caneta-esferografica-metal-personalizada","status":"publish","type":"product","link":"https:\/\/vohnabrindes.com.br\/index.php\/product\/caneta-esferografica-metal-personalizada\/","title":{"rendered":"Caneta Esferogr\u00e1fica metal personalizada."},"content":{"rendered":"<div class=\"ref\">81188-MARIETA METALLIC.<\/div>\n<div class=\"ref\">Caneta Esferogr\u00e1fica em alum\u00ednio personalizada.<\/div>\n<div class=\"texto\">Esferogr\u00e1fica em alum\u00ednio com clipe.<\/div>\n<div class=\"texto\">Dispon\u00edvel numa variada gama de cores. Escrita em azul.<\/div>\n","protected":false},"excerpt":{"rendered":"<p>81188-MARIETA METALLIC. Caneta Esferogr\u00e1fica em alum\u00ednio personalizada. Esferogr\u00e1fica em alum\u00ednio com clipe. Dispon\u00edvel numa variada gama de cores. Escrita em azul.<\/p>\n","protected":false},"featured_media":1531,"comment_status":"open","ping_status":"closed","template":"","meta":[],"product_cat":[530],"product_tag":[518,533,532,221],"class_list":["post-4612","product","type-product","status-publish","has-post-thumbnail","hentry","product_cat-canetas-de-metal","product_tag-caneta-com-logomarca","product_tag-caneta-esferografica-em-aluminio-personalizada","product_tag-caneta-metal-personalizada","product_tag-caneta-personalizada"],"_links":{"self":[{"href":"https:\/\/vohnabrindes.com.br\/index.php\/wp-json\/wp\/v2\/product\/4612","targetHints":{"allow":["GET"]}}],"collection":[{"href":"https:\/\/vohnabrindes.com.br\/index.php\/wp-json\/wp\/v2\/product"}],"about":[{"href":"https:\/\/vohnabrindes.com.br\/index.php\/wp-json\/wp\/v2\/types\/product"}],"replies":[{"embeddable":true,"href":"https:\/\/vohnabrindes.com.br\/index.php\/wp-json\/wp\/v2\/comments?post=4612"}],"version-history":[{"count":1,"href":"https:\/\/vohnabrindes.com.br\/index.php\/wp-json\/wp\/v2\/product\/4612\/revisions"}],"predecessor-version":[{"id":4642,"href":"https:\/\/vohnabrindes.com.br\/index.php\/wp-json\/wp\/v2\/product\/4612\/revisions\/4642"}],"wp:featuredmedia":[{"embeddable":true,"href":"https:\/\/vohnabrindes.com.br\/index.php\/wp-json\/wp\/v2\/media\/1531"}],"wp:attachment":[{"href":"https:\/\/vohnabrindes.com.br\/index.php\/wp-json\/wp\/v2\/media?parent=4612"}],"wp:term":[{"taxonomy":"product_cat","embeddable":true,"href":"https:\/\/vohnabrindes.com.br\/index.php\/wp-json\/wp\/v2\/product_cat?post=4612"},{"taxonomy":"product_tag","embeddable":true,"href":"https:\/\/vohnabrindes.com.br\/index.php\/wp-json\/wp\/v2\/product_tag?post=4612"}],"curies":[{"name":"wp","href":"https:\/\/api.w.org\/{rel}","templated":true}]}}