{"id":4613,"date":"2025-05-30T21:39:07","date_gmt":"2025-05-31T00:39:07","guid":{"rendered":"https:\/\/vohnabrindes.com.br\/?post_type=product&#038;p=4613"},"modified":"2026-03-03T16:30:19","modified_gmt":"2026-03-03T19:30:19","slug":"caneta-metal-luxo-personalizada","status":"publish","type":"product","link":"https:\/\/vohnabrindes.com.br\/index.php\/product\/caneta-metal-luxo-personalizada\/","title":{"rendered":"Fone de Ouvido Bluetooth com Case Carregador personalizado."},"content":{"rendered":"<pre id=\"item_referencia\">09002<\/pre>\n<p class=\"produto-nome\">Fone de Ouvido Bluetooth com Case Carregador personalizado.<\/p>\n<div class=\"caracs\">\n<div class=\"desc\">\n<p class=\"desc-tit\"><span class=\"desc-sub my-desc-sub\">Fones de ouvido sem fio com estrutura leve e confort\u00e1vel feita em pl\u00e1stico. Seu formato ear cuff, semelhante a um par de brincos, permite o encaixe ao redor das orelhas sem entrar em contato com o canal auditivo, ideal para uso prolongado. Sua conex\u00e3o via Bluetooth 5.3 oferece estabilidade de \u00e1udio com menor consumo de energia. Cada fone apresenta um bot\u00e3o multifun\u00e7\u00f5es, com comandos por toque para trocar m\u00fasicas e controlar o volume. Acompanha cabo USB-C para carregamento.<\/span><\/p>\n<\/div>\n<div class=\"desc\">\n<p class=\"desc-tit\">Altura<span class=\"desc-sub\">\u00a0:\u00a0 4 cm<\/span><\/p>\n<\/div>\n<div class=\"desc\">\n<p class=\"desc-tit\">Largura<span class=\"desc-sub\">\u00a0:\u00a0 6,9 cm<\/span><\/p>\n<\/div>\n<div class=\"desc\">\n<p class=\"desc-tit\">Espessura<span class=\"desc-sub\">\u00a0:\u00a0 2,4 cm<\/span><\/p>\n<\/div>\n<div class=\"desc\">\n<p class=\"desc-tit\">Medidas aproximadas para grava\u00e7\u00e3o<span class=\"desc-sub\">\u00a0(CxL):\u00a0 1,5 cm x 4,5 cm<\/span><\/p>\n<\/div>\n<div class=\"desc\">\n<p class=\"desc-tit\">Peso aproximado<span class=\"desc-sub\">\u00a0(g):\u00a0 31<\/span><\/p>\n<\/div>\n<\/div>\n","protected":false},"excerpt":{"rendered":"<p>09002 Fone de Ouvido Bluetooth com Case Carregador personalizado. Fones de ouvido sem fio com estrutura leve e confort\u00e1vel feita em pl\u00e1stico. Seu formato ear cuff,<span class=\"excerpt-hellip\"> [\u2026]<\/span><\/p>\n","protected":false},"featured_media":6055,"comment_status":"closed","ping_status":"closed","template":"","meta":[],"product_cat":[1015],"product_tag":[1030,2312,1031],"class_list":["post-4613","product","type-product","status-publish","has-post-thumbnail","hentry","product_cat-fones-de-ouvido","product_tag-fone-de-ouvido-bluetooth-com-case-carregador-personalizado","product_tag-fone-de-ouvido-bluetooth-personalizado","product_tag-fone-de-ouvido-personalizado"],"_links":{"self":[{"href":"https:\/\/vohnabrindes.com.br\/index.php\/wp-json\/wp\/v2\/product\/4613","targetHints":{"allow":["GET"]}}],"collection":[{"href":"https:\/\/vohnabrindes.com.br\/index.php\/wp-json\/wp\/v2\/product"}],"about":[{"href":"https:\/\/vohnabrindes.com.br\/index.php\/wp-json\/wp\/v2\/types\/product"}],"replies":[{"embeddable":true,"href":"https:\/\/vohnabrindes.com.br\/index.php\/wp-json\/wp\/v2\/comments?post=4613"}],"version-history":[{"count":2,"href":"https:\/\/vohnabrindes.com.br\/index.php\/wp-json\/wp\/v2\/product\/4613\/revisions"}],"predecessor-version":[{"id":6056,"href":"https:\/\/vohnabrindes.com.br\/index.php\/wp-json\/wp\/v2\/product\/4613\/revisions\/6056"}],"wp:featuredmedia":[{"embeddable":true,"href":"https:\/\/vohnabrindes.com.br\/index.php\/wp-json\/wp\/v2\/media\/6055"}],"wp:attachment":[{"href":"https:\/\/vohnabrindes.com.br\/index.php\/wp-json\/wp\/v2\/media?parent=4613"}],"wp:term":[{"taxonomy":"product_cat","embeddable":true,"href":"https:\/\/vohnabrindes.com.br\/index.php\/wp-json\/wp\/v2\/product_cat?post=4613"},{"taxonomy":"product_tag","embeddable":true,"href":"https:\/\/vohnabrindes.com.br\/index.php\/wp-json\/wp\/v2\/product_tag?post=4613"}],"curies":[{"name":"wp","href":"https:\/\/api.w.org\/{rel}","templated":true}]}}