{"id":4645,"date":"2025-05-30T21:39:10","date_gmt":"2025-05-31T00:39:10","guid":{"rendered":"https:\/\/vohnabrindes.com.br\/?post_type=product&#038;p=4645"},"modified":"2026-03-03T16:30:19","modified_gmt":"2026-03-03T19:30:19","slug":"caneta-esferografica-metal-personalizada-2","status":"publish","type":"product","link":"https:\/\/vohnabrindes.com.br\/index.php\/product\/caneta-esferografica-metal-personalizada-2\/","title":{"rendered":"Bolsa T\u00e9rmica Oxford 11 Litros personalizada."},"content":{"rendered":"<h6 id=\"item_referencia\">18965<\/h6>\n<p class=\"produto-nome\">Bolsa T\u00e9rmica Oxford 11 Litros personalizada.<\/p>\n<div class=\"caracs\">\n<div class=\"desc\">\n<p class=\"desc-tit\"><span class=\"desc-sub my-desc-sub\">Bolsa t\u00e9rmica em Oxford resistente \u00e0 \u00e1gua e com capacidade de at\u00e9 11 litros. Seu revestimento interno em alum\u00ednio permite a conserva\u00e7\u00e3o de temperatura de alimentos e bebidas por mais tempo. Possui tamb\u00e9m um bolso frontal e mais um par de bolsos laterais em tela de nylon, al\u00e9m de uma al\u00e7a fixa na tampa e outra transversal.<\/span><\/p>\n<\/div>\n<div class=\"desc\">\n<p class=\"desc-tit\">Altura<span class=\"desc-sub\">\u00a0:\u00a0 22 cm<\/span><\/p>\n<\/div>\n<div class=\"desc\">\n<p class=\"desc-tit\">Largura<span class=\"desc-sub\">\u00a0:\u00a0 25 cm<\/span><\/p>\n<\/div>\n<div class=\"desc\">\n<p class=\"desc-tit\">Profundidade<span class=\"desc-sub\">\u00a0:\u00a0 16 cm<\/span><\/p>\n<\/div>\n<div class=\"desc\">\n<p class=\"desc-tit\">Medidas aproximadas para grava\u00e7\u00e3o<span class=\"desc-sub\">\u00a0(CxL):\u00a0 12 cm x 20 cm<\/span><\/p>\n<\/div>\n<div class=\"desc\">\n<p class=\"desc-tit\">Peso aproximado<span class=\"desc-sub\">\u00a0(g):\u00a0 231<\/span><\/p>\n<\/div>\n<\/div>\n","protected":false},"excerpt":{"rendered":"<p>18965 Bolsa T\u00e9rmica Oxford 11 Litros personalizada. Bolsa t\u00e9rmica em Oxford resistente \u00e0 \u00e1gua e com capacidade de at\u00e9 11 litros. Seu revestimento interno em alum\u00ednio<span class=\"excerpt-hellip\"> [\u2026]<\/span><\/p>\n","protected":false},"featured_media":6057,"comment_status":"closed","ping_status":"closed","template":"","meta":[],"product_cat":[145],"product_tag":[2317,1196,358],"class_list":["post-4645","product","type-product","status-publish","has-post-thumbnail","hentry","product_cat-bolsas-termicas-e-coolers","product_tag-bolsa-termica-oxford-11-litros-personalizada","product_tag-bolsa-termica-oxford-personalizada","product_tag-bolsa-termica-personalizada"],"_links":{"self":[{"href":"https:\/\/vohnabrindes.com.br\/index.php\/wp-json\/wp\/v2\/product\/4645","targetHints":{"allow":["GET"]}}],"collection":[{"href":"https:\/\/vohnabrindes.com.br\/index.php\/wp-json\/wp\/v2\/product"}],"about":[{"href":"https:\/\/vohnabrindes.com.br\/index.php\/wp-json\/wp\/v2\/types\/product"}],"replies":[{"embeddable":true,"href":"https:\/\/vohnabrindes.com.br\/index.php\/wp-json\/wp\/v2\/comments?post=4645"}],"version-history":[{"count":2,"href":"https:\/\/vohnabrindes.com.br\/index.php\/wp-json\/wp\/v2\/product\/4645\/revisions"}],"predecessor-version":[{"id":6058,"href":"https:\/\/vohnabrindes.com.br\/index.php\/wp-json\/wp\/v2\/product\/4645\/revisions\/6058"}],"wp:featuredmedia":[{"embeddable":true,"href":"https:\/\/vohnabrindes.com.br\/index.php\/wp-json\/wp\/v2\/media\/6057"}],"wp:attachment":[{"href":"https:\/\/vohnabrindes.com.br\/index.php\/wp-json\/wp\/v2\/media?parent=4645"}],"wp:term":[{"taxonomy":"product_cat","embeddable":true,"href":"https:\/\/vohnabrindes.com.br\/index.php\/wp-json\/wp\/v2\/product_cat?post=4645"},{"taxonomy":"product_tag","embeddable":true,"href":"https:\/\/vohnabrindes.com.br\/index.php\/wp-json\/wp\/v2\/product_tag?post=4645"}],"curies":[{"name":"wp","href":"https:\/\/api.w.org\/{rel}","templated":true}]}}