{"id":4652,"date":"2025-05-30T21:39:10","date_gmt":"2025-05-31T00:39:10","guid":{"rendered":"https:\/\/vohnabrindes.com.br\/?post_type=product&#038;p=4652"},"modified":"2025-05-30T21:39:12","modified_gmt":"2025-05-31T00:39:12","slug":"caneta-metal-com-ponta-touch-personalizada","status":"publish","type":"product","link":"https:\/\/vohnabrindes.com.br\/index.php\/product\/caneta-metal-com-ponta-touch-personalizada\/","title":{"rendered":"caneta metal com ponta touch personalizada."},"content":{"rendered":"<div class=\"ref\">81139-KANT.<\/div>\n<div class=\"ref\">caneta Esferogr\u00e1fica em alum\u00ednio com ponta touch personalizada.<\/div>\n<div class=\"texto\">Esferogr\u00e1fica em alum\u00ednio com mecanismo twist e ponteira touch.<\/div>\n<div class=\"texto\">Escrita a azul. Fornecida com embalagem cart\u00e3o.<\/div>\n","protected":false},"excerpt":{"rendered":"<p>81139-KANT. caneta Esferogr\u00e1fica em alum\u00ednio com ponta touch personalizada. Esferogr\u00e1fica em alum\u00ednio com mecanismo twist e ponteira touch. Escrita a azul. Fornecida com embalagem cart\u00e3o.<\/p>\n","protected":false},"featured_media":1560,"comment_status":"open","ping_status":"closed","template":"","meta":[],"product_cat":[530],"product_tag":[531,548,532],"class_list":["post-4652","product","type-product","status-publish","has-post-thumbnail","hentry","product_cat-canetas-de-metal","product_tag-caneta-metal","product_tag-caneta-metal-com-ponta-touch-personalizada","product_tag-caneta-metal-personalizada"],"_links":{"self":[{"href":"https:\/\/vohnabrindes.com.br\/index.php\/wp-json\/wp\/v2\/product\/4652","targetHints":{"allow":["GET"]}}],"collection":[{"href":"https:\/\/vohnabrindes.com.br\/index.php\/wp-json\/wp\/v2\/product"}],"about":[{"href":"https:\/\/vohnabrindes.com.br\/index.php\/wp-json\/wp\/v2\/types\/product"}],"replies":[{"embeddable":true,"href":"https:\/\/vohnabrindes.com.br\/index.php\/wp-json\/wp\/v2\/comments?post=4652"}],"version-history":[{"count":1,"href":"https:\/\/vohnabrindes.com.br\/index.php\/wp-json\/wp\/v2\/product\/4652\/revisions"}],"predecessor-version":[{"id":4682,"href":"https:\/\/vohnabrindes.com.br\/index.php\/wp-json\/wp\/v2\/product\/4652\/revisions\/4682"}],"wp:featuredmedia":[{"embeddable":true,"href":"https:\/\/vohnabrindes.com.br\/index.php\/wp-json\/wp\/v2\/media\/1560"}],"wp:attachment":[{"href":"https:\/\/vohnabrindes.com.br\/index.php\/wp-json\/wp\/v2\/media?parent=4652"}],"wp:term":[{"taxonomy":"product_cat","embeddable":true,"href":"https:\/\/vohnabrindes.com.br\/index.php\/wp-json\/wp\/v2\/product_cat?post=4652"},{"taxonomy":"product_tag","embeddable":true,"href":"https:\/\/vohnabrindes.com.br\/index.php\/wp-json\/wp\/v2\/product_tag?post=4652"}],"curies":[{"name":"wp","href":"https:\/\/api.w.org\/{rel}","templated":true}]}}