{"id":4654,"date":"2025-05-30T21:39:10","date_gmt":"2025-05-31T00:39:10","guid":{"rendered":"https:\/\/vohnabrindes.com.br\/?post_type=product&#038;p=4654"},"modified":"2025-05-30T21:39:12","modified_gmt":"2025-05-31T00:39:12","slug":"caneta-metal-e-cortica-personalizada","status":"publish","type":"product","link":"https:\/\/vohnabrindes.com.br\/index.php\/product\/caneta-metal-e-cortica-personalizada\/","title":{"rendered":"Caneta Metal e Corti\u00e7a personalizada."},"content":{"rendered":"<pre id=\"item_referencia\">01007<\/pre>\n<p class=\"produto-nome\"><span class=\"desc-sub my-desc-sub\">Caneta met\u00e1lica com detalhe em corti\u00e7a, carga esferogr\u00e1fica azul 1.0mm e acionamento por rota\u00e7\u00e3o.<\/span><\/p>\n<div class=\"caracs\">\n<div class=\"desc\">\n<p class=\"desc-tit\">Largura<span class=\"desc-sub\">\u00a0:\u00a0 1,5 cm<\/span><\/p>\n<\/div>\n<div class=\"desc\">\n<p class=\"desc-tit\">Comprimento<span class=\"desc-sub\">\u00a0:\u00a0 13,5 cm<\/span><\/p>\n<\/div>\n<div class=\"desc\">\n<p class=\"desc-tit\">Peso aproximado<span class=\"desc-sub\">\u00a0(g):\u00a0 21<\/span><\/p>\n<\/div>\n<\/div>\n","protected":false},"excerpt":{"rendered":"<p>01007 Caneta met\u00e1lica com detalhe em corti\u00e7a, carga esferogr\u00e1fica azul 1.0mm e acionamento por rota\u00e7\u00e3o. Largura\u00a0:\u00a0 1,5 cm Comprimento\u00a0:\u00a0 13,5 cm Peso aproximado\u00a0(g):\u00a0 21<\/p>\n","protected":false},"featured_media":1564,"comment_status":"open","ping_status":"closed","template":"","meta":[],"product_cat":[530,383],"product_tag":[531,550,532],"class_list":["post-4654","product","type-product","status-publish","has-post-thumbnail","hentry","product_cat-canetas-de-metal","product_cat-canetas-eco","product_tag-caneta-metal","product_tag-caneta-metal-e-cortica","product_tag-caneta-metal-personalizada"],"_links":{"self":[{"href":"https:\/\/vohnabrindes.com.br\/index.php\/wp-json\/wp\/v2\/product\/4654","targetHints":{"allow":["GET"]}}],"collection":[{"href":"https:\/\/vohnabrindes.com.br\/index.php\/wp-json\/wp\/v2\/product"}],"about":[{"href":"https:\/\/vohnabrindes.com.br\/index.php\/wp-json\/wp\/v2\/types\/product"}],"replies":[{"embeddable":true,"href":"https:\/\/vohnabrindes.com.br\/index.php\/wp-json\/wp\/v2\/comments?post=4654"}],"version-history":[{"count":1,"href":"https:\/\/vohnabrindes.com.br\/index.php\/wp-json\/wp\/v2\/product\/4654\/revisions"}],"predecessor-version":[{"id":4684,"href":"https:\/\/vohnabrindes.com.br\/index.php\/wp-json\/wp\/v2\/product\/4654\/revisions\/4684"}],"wp:featuredmedia":[{"embeddable":true,"href":"https:\/\/vohnabrindes.com.br\/index.php\/wp-json\/wp\/v2\/media\/1564"}],"wp:attachment":[{"href":"https:\/\/vohnabrindes.com.br\/index.php\/wp-json\/wp\/v2\/media?parent=4654"}],"wp:term":[{"taxonomy":"product_cat","embeddable":true,"href":"https:\/\/vohnabrindes.com.br\/index.php\/wp-json\/wp\/v2\/product_cat?post=4654"},{"taxonomy":"product_tag","embeddable":true,"href":"https:\/\/vohnabrindes.com.br\/index.php\/wp-json\/wp\/v2\/product_tag?post=4654"}],"curies":[{"name":"wp","href":"https:\/\/api.w.org\/{rel}","templated":true}]}}