{"id":4656,"date":"2025-05-30T21:39:10","date_gmt":"2025-05-31T00:39:10","guid":{"rendered":"https:\/\/vohnabrindes.com.br\/?post_type=product&#038;p=4656"},"modified":"2026-03-03T16:30:19","modified_gmt":"2026-03-03T19:30:19","slug":"lanterna-plastica-dinamo-personalizada","status":"publish","type":"product","link":"https:\/\/vohnabrindes.com.br\/index.php\/product\/lanterna-plastica-dinamo-personalizada\/","title":{"rendered":"Umidificador de Ar com LED personalizado."},"content":{"rendered":"<pre id=\"item_referencia\">18992<\/pre>\n<p class=\"produto-nome\">Umidificador de Ar com LED personalizado.<\/p>\n<div class=\"caracs\">\n<div class=\"desc\">\n<p class=\"desc-tit\"><span class=\"desc-sub my-desc-sub\">Umidificador de ar com constru\u00e7\u00e3o em pl\u00e1stico, ilumina\u00e7\u00e3o LED e reservat\u00f3rio de \u00e1gua com capacidade de at\u00e9 200ml. Apresenta dois modos de n\u00e9voa: cont\u00ednuo e intermitente. Funciona apenas conectado a uma fonte de energia por meio de sua entrada USB-C. Acompanha filtro de algod\u00e3o e cabo USB-C.<\/span><\/p>\n<\/div>\n<div class=\"desc\">\n<p class=\"desc-tit\">Altura<span class=\"desc-sub\">\u00a0:\u00a0 9,5 cm<\/span><\/p>\n<\/div>\n<div class=\"desc\">\n<p class=\"desc-tit\">Largura<span class=\"desc-sub\">\u00a0:\u00a0 10 cm<\/span><\/p>\n<\/div>\n<div class=\"desc\">\n<p class=\"desc-tit\">Circunfer\u00eancia<span class=\"desc-sub\"> :\u00a0 32,5 cm<\/span><\/p>\n<\/div>\n<div class=\"desc\">\n<p class=\"desc-tit\">Peso aproximado<span class=\"desc-sub\">\u00a0(g):\u00a0 128<\/span><\/p>\n<\/div>\n<\/div>\n","protected":false},"excerpt":{"rendered":"<p>18992 Umidificador de Ar com LED personalizado. Umidificador de ar com constru\u00e7\u00e3o em pl\u00e1stico, ilumina\u00e7\u00e3o LED e reservat\u00f3rio de \u00e1gua com capacidade de at\u00e9 200ml. Apresenta<span class=\"excerpt-hellip\"> [\u2026]<\/span><\/p>\n","protected":false},"featured_media":6061,"comment_status":"closed","ping_status":"closed","template":"","meta":[],"product_cat":[899],"product_tag":[],"class_list":["post-4656","product","type-product","status-publish","has-post-thumbnail","hentry","product_cat-diversos"],"_links":{"self":[{"href":"https:\/\/vohnabrindes.com.br\/index.php\/wp-json\/wp\/v2\/product\/4656","targetHints":{"allow":["GET"]}}],"collection":[{"href":"https:\/\/vohnabrindes.com.br\/index.php\/wp-json\/wp\/v2\/product"}],"about":[{"href":"https:\/\/vohnabrindes.com.br\/index.php\/wp-json\/wp\/v2\/types\/product"}],"replies":[{"embeddable":true,"href":"https:\/\/vohnabrindes.com.br\/index.php\/wp-json\/wp\/v2\/comments?post=4656"}],"version-history":[{"count":2,"href":"https:\/\/vohnabrindes.com.br\/index.php\/wp-json\/wp\/v2\/product\/4656\/revisions"}],"predecessor-version":[{"id":6062,"href":"https:\/\/vohnabrindes.com.br\/index.php\/wp-json\/wp\/v2\/product\/4656\/revisions\/6062"}],"wp:featuredmedia":[{"embeddable":true,"href":"https:\/\/vohnabrindes.com.br\/index.php\/wp-json\/wp\/v2\/media\/6061"}],"wp:attachment":[{"href":"https:\/\/vohnabrindes.com.br\/index.php\/wp-json\/wp\/v2\/media?parent=4656"}],"wp:term":[{"taxonomy":"product_cat","embeddable":true,"href":"https:\/\/vohnabrindes.com.br\/index.php\/wp-json\/wp\/v2\/product_cat?post=4656"},{"taxonomy":"product_tag","embeddable":true,"href":"https:\/\/vohnabrindes.com.br\/index.php\/wp-json\/wp\/v2\/product_tag?post=4656"}],"curies":[{"name":"wp","href":"https:\/\/api.w.org\/{rel}","templated":true}]}}