{"id":4663,"date":"2025-05-30T21:39:11","date_gmt":"2025-05-31T00:39:11","guid":{"rendered":"https:\/\/vohnabrindes.com.br\/?post_type=product&#038;p=4663"},"modified":"2025-05-30T21:39:12","modified_gmt":"2025-05-31T00:39:12","slug":"kit-churrasco-personalizado","status":"publish","type":"product","link":"https:\/\/vohnabrindes.com.br\/index.php\/product\/kit-churrasco-personalizado\/","title":{"rendered":"Kit churrasco personalizado."},"content":{"rendered":"<h6>Kit para churrasco.<\/h6>\n<h6>Conta com faca 8&#8221;, garfo 4 dentes e garfo trinchante em bambu\/inox;<\/h6>\n<h6>Avental em brim. Faca e garfo trinchante em a\u00e7o forjado AISI420.<\/p>\n<p>Utilizamos o Bambu, por ser uma mat\u00e9ria prima ecol\u00f3gica, autossustent\u00e1vel e com alta resist\u00eancia. Al\u00e9m de vers\u00e1til, o Bambu \u00e9 30% mais leve que as madeiras de lei. Sua utiliza\u00e7\u00e3o n\u00e3o agride o meio ambiente, pois, quando ceifado rebrota em pouco tempo. kt90179<\/h6>\n","protected":false},"excerpt":{"rendered":"<p>Kit para churrasco. Conta com faca 8&#8221;, garfo 4 dentes e garfo trinchante em bambu\/inox; Avental em brim. Faca e garfo trinchante em a\u00e7o forjado AISI420.<span class=\"excerpt-hellip\"> [\u2026]<\/span><\/p>\n","protected":false},"featured_media":1590,"comment_status":"open","ping_status":"closed","template":"","meta":[],"product_cat":[274],"product_tag":[267,566],"class_list":["post-4663","product","type-product","status-publish","has-post-thumbnail","hentry","product_cat-kit-churrasco","product_tag-kit-churrasco-personalizado","product_tag-kit-churrasco-premium"],"_links":{"self":[{"href":"https:\/\/vohnabrindes.com.br\/index.php\/wp-json\/wp\/v2\/product\/4663","targetHints":{"allow":["GET"]}}],"collection":[{"href":"https:\/\/vohnabrindes.com.br\/index.php\/wp-json\/wp\/v2\/product"}],"about":[{"href":"https:\/\/vohnabrindes.com.br\/index.php\/wp-json\/wp\/v2\/types\/product"}],"replies":[{"embeddable":true,"href":"https:\/\/vohnabrindes.com.br\/index.php\/wp-json\/wp\/v2\/comments?post=4663"}],"version-history":[{"count":1,"href":"https:\/\/vohnabrindes.com.br\/index.php\/wp-json\/wp\/v2\/product\/4663\/revisions"}],"predecessor-version":[{"id":4693,"href":"https:\/\/vohnabrindes.com.br\/index.php\/wp-json\/wp\/v2\/product\/4663\/revisions\/4693"}],"wp:featuredmedia":[{"embeddable":true,"href":"https:\/\/vohnabrindes.com.br\/index.php\/wp-json\/wp\/v2\/media\/1590"}],"wp:attachment":[{"href":"https:\/\/vohnabrindes.com.br\/index.php\/wp-json\/wp\/v2\/media?parent=4663"}],"wp:term":[{"taxonomy":"product_cat","embeddable":true,"href":"https:\/\/vohnabrindes.com.br\/index.php\/wp-json\/wp\/v2\/product_cat?post=4663"},{"taxonomy":"product_tag","embeddable":true,"href":"https:\/\/vohnabrindes.com.br\/index.php\/wp-json\/wp\/v2\/product_tag?post=4663"}],"curies":[{"name":"wp","href":"https:\/\/api.w.org\/{rel}","templated":true}]}}