{"id":4666,"date":"2025-05-30T21:39:11","date_gmt":"2025-05-31T00:39:11","guid":{"rendered":"https:\/\/vohnabrindes.com.br\/?post_type=product&#038;p=4666"},"modified":"2025-05-30T21:39:13","modified_gmt":"2025-05-31T00:39:13","slug":"kit-churrasco-3-pecas-personalizado-2","status":"publish","type":"product","link":"https:\/\/vohnabrindes.com.br\/index.php\/product\/kit-churrasco-3-pecas-personalizado-2\/","title":{"rendered":"Kit Churrasco 3 pe\u00e7as personalizado."},"content":{"rendered":"<pre id=\"item_referencia\">02759<\/pre>\n<p class=\"produto-nome\"><span class=\"desc-sub my-desc-sub\">&#8220;Kit churrasco 3 pe\u00e7as em maleta de alum\u00ednio com relevo. Possui: faca, garfo e pegador em inox(todas pe\u00e7as possuem prote\u00e7\u00e3o pl\u00e1stica) detalhes em metal nas bordas da maleta, duas dobradi\u00e7as na parte inferior, uma al\u00e7a e duas presilhas para travar\/abrir maleta. Parte interna revestida de tecido tnt e velcro para guardar as pe\u00e7as.&#8221; observa\u00e7\u00e3o: Maleta 11,9 cm x 37 cm x 7,8 cm \u2013 Faca 32,5 cm x 2,4 cm \u2013 Garfo 34,6 cm x 3,3 cm \u2013 Pegador 34,3 cm x 6 cm<\/span><\/p>\n<div class=\"caracs\">\n<div class=\"desc\">\n<p class=\"desc-tit\">Altura<span class=\"desc-sub\">\u00a0:\u00a0 11,9 cm<\/span><\/p>\n<\/div>\n<div class=\"desc\">\n<p class=\"desc-tit\">Largura<span class=\"desc-sub\">\u00a0:\u00a0 37 cm<\/span><\/p>\n<\/div>\n<div class=\"desc\">\n<p class=\"desc-tit\">Espessura<span class=\"desc-sub\">\u00a0:\u00a0 7,8 cm<\/span><\/p>\n<\/div>\n<div class=\"desc\"><\/div>\n<div class=\"desc\">\n<p class=\"desc-tit\">Peso aproximado<span class=\"desc-sub\">\u00a0(g):\u00a0 862<\/span><\/p>\n<\/div>\n<\/div>\n","protected":false},"excerpt":{"rendered":"<p>02759 &#8220;Kit churrasco 3 pe\u00e7as em maleta de alum\u00ednio com relevo. Possui: faca, garfo e pegador em inox(todas pe\u00e7as possuem prote\u00e7\u00e3o pl\u00e1stica) detalhes em metal nas<span class=\"excerpt-hellip\"> [\u2026]<\/span><\/p>\n","protected":false},"featured_media":1596,"comment_status":"open","ping_status":"closed","template":"","meta":[],"product_cat":[274],"product_tag":[264,568,267],"class_list":["post-4666","product","type-product","status-publish","has-post-thumbnail","hentry","product_cat-kit-churrasco","product_tag-kit-churrasco","product_tag-kit-churrasco-3-pecas-personalizado","product_tag-kit-churrasco-personalizado"],"_links":{"self":[{"href":"https:\/\/vohnabrindes.com.br\/index.php\/wp-json\/wp\/v2\/product\/4666","targetHints":{"allow":["GET"]}}],"collection":[{"href":"https:\/\/vohnabrindes.com.br\/index.php\/wp-json\/wp\/v2\/product"}],"about":[{"href":"https:\/\/vohnabrindes.com.br\/index.php\/wp-json\/wp\/v2\/types\/product"}],"replies":[{"embeddable":true,"href":"https:\/\/vohnabrindes.com.br\/index.php\/wp-json\/wp\/v2\/comments?post=4666"}],"version-history":[{"count":1,"href":"https:\/\/vohnabrindes.com.br\/index.php\/wp-json\/wp\/v2\/product\/4666\/revisions"}],"predecessor-version":[{"id":4696,"href":"https:\/\/vohnabrindes.com.br\/index.php\/wp-json\/wp\/v2\/product\/4666\/revisions\/4696"}],"wp:featuredmedia":[{"embeddable":true,"href":"https:\/\/vohnabrindes.com.br\/index.php\/wp-json\/wp\/v2\/media\/1596"}],"wp:attachment":[{"href":"https:\/\/vohnabrindes.com.br\/index.php\/wp-json\/wp\/v2\/media?parent=4666"}],"wp:term":[{"taxonomy":"product_cat","embeddable":true,"href":"https:\/\/vohnabrindes.com.br\/index.php\/wp-json\/wp\/v2\/product_cat?post=4666"},{"taxonomy":"product_tag","embeddable":true,"href":"https:\/\/vohnabrindes.com.br\/index.php\/wp-json\/wp\/v2\/product_tag?post=4666"}],"curies":[{"name":"wp","href":"https:\/\/api.w.org\/{rel}","templated":true}]}}