{"id":4669,"date":"2025-05-30T21:39:11","date_gmt":"2025-05-31T00:39:11","guid":{"rendered":"https:\/\/vohnabrindes.com.br\/?post_type=product&#038;p=4669"},"modified":"2025-05-30T21:39:13","modified_gmt":"2025-05-31T00:39:13","slug":"kit-churrasco-2-pecas-com-estojo-personalizado","status":"publish","type":"product","link":"https:\/\/vohnabrindes.com.br\/index.php\/product\/kit-churrasco-2-pecas-com-estojo-personalizado\/","title":{"rendered":"Kit churrasco 2 pe\u00e7as com estojo personalizado."},"content":{"rendered":"<div class=\"ref\">94136-DURAND.<\/div>\n<div class=\"ref\">Kit churrasco 2 pe\u00e7as com estojo.<\/div>\n<div><\/div>\n<div class=\"texto\">Kit churrasco em estojo de 210D. Composto por 2 utens\u00edlios em a\u00e7o inox: faca chefe e garfo.<\/div>\n<div class=\"texto\">Pr\u00f3prio para contato com alimento.<\/div>\n<div class=\"texto\">Estojo: 350 x 130 x 20 mm<\/div>\n","protected":false},"excerpt":{"rendered":"<p>94136-DURAND. Kit churrasco 2 pe\u00e7as com estojo. Kit churrasco em estojo de 210D. Composto por 2 utens\u00edlios em a\u00e7o inox: faca chefe e garfo. Pr\u00f3prio para<span class=\"excerpt-hellip\"> [\u2026]<\/span><\/p>\n","protected":false},"featured_media":1602,"comment_status":"open","ping_status":"closed","template":"","meta":[],"product_cat":[274],"product_tag":[264,571,570],"class_list":["post-4669","product","type-product","status-publish","has-post-thumbnail","hentry","product_cat-kit-churrasco","product_tag-kit-churrasco","product_tag-kit-churrasco-2-pecas-com-estojo","product_tag-kit-churrasco-2-pecas-personalizado"],"_links":{"self":[{"href":"https:\/\/vohnabrindes.com.br\/index.php\/wp-json\/wp\/v2\/product\/4669","targetHints":{"allow":["GET"]}}],"collection":[{"href":"https:\/\/vohnabrindes.com.br\/index.php\/wp-json\/wp\/v2\/product"}],"about":[{"href":"https:\/\/vohnabrindes.com.br\/index.php\/wp-json\/wp\/v2\/types\/product"}],"replies":[{"embeddable":true,"href":"https:\/\/vohnabrindes.com.br\/index.php\/wp-json\/wp\/v2\/comments?post=4669"}],"version-history":[{"count":1,"href":"https:\/\/vohnabrindes.com.br\/index.php\/wp-json\/wp\/v2\/product\/4669\/revisions"}],"predecessor-version":[{"id":4699,"href":"https:\/\/vohnabrindes.com.br\/index.php\/wp-json\/wp\/v2\/product\/4669\/revisions\/4699"}],"wp:featuredmedia":[{"embeddable":true,"href":"https:\/\/vohnabrindes.com.br\/index.php\/wp-json\/wp\/v2\/media\/1602"}],"wp:attachment":[{"href":"https:\/\/vohnabrindes.com.br\/index.php\/wp-json\/wp\/v2\/media?parent=4669"}],"wp:term":[{"taxonomy":"product_cat","embeddable":true,"href":"https:\/\/vohnabrindes.com.br\/index.php\/wp-json\/wp\/v2\/product_cat?post=4669"},{"taxonomy":"product_tag","embeddable":true,"href":"https:\/\/vohnabrindes.com.br\/index.php\/wp-json\/wp\/v2\/product_tag?post=4669"}],"curies":[{"name":"wp","href":"https:\/\/api.w.org\/{rel}","templated":true}]}}