{"id":4674,"date":"2025-05-30T21:39:11","date_gmt":"2025-05-31T00:39:11","guid":{"rendered":"https:\/\/vohnabrindes.com.br\/?post_type=product&#038;p=4674"},"modified":"2026-03-03T16:30:19","modified_gmt":"2026-03-03T19:30:19","slug":"kit-churrasco-premium-5-pecas-personalizado","status":"publish","type":"product","link":"https:\/\/vohnabrindes.com.br\/index.php\/product\/kit-churrasco-premium-5-pecas-personalizado\/","title":{"rendered":"Porta Comprimidos Personalizado."},"content":{"rendered":"<pre id=\"item_referencia\">08281<\/pre>\n<p class=\"produto-nome\">Porta Comprimidos Personalizado.<\/p>\n<div class=\"caracs\">\n<div class=\"desc\">\n<p class=\"desc-tit\"><span class=\"desc-sub my-desc-sub\">Um porta comprimidos multifuncional sob medida para as necessidades di\u00e1rias de uma rotina de medica\u00e7\u00e3o. Feita em pl\u00e1stico, conta com tr\u00eas compartimentos principais, um com tr\u00eas divis\u00f3rias com capacidade aproximada de 10 ml cada. As outras duas reparti\u00e7\u00f5es, por sua vez, apresentam um cortador de comprimidos na parte superior e um triturador localizado na interior, ambos com acionamento manual pr\u00e1tico e r\u00e1pido. Seu tamanho compacto garante praticidade para levar o porta comprimidos para qualquer lugar. Acompanha uma pin\u00e7a com ponta de escova para a limpeza.<\/span><\/p>\n<\/div>\n<div class=\"desc\">\n<p class=\"desc-tit\">Largura<span class=\"desc-sub\">\u00a0:\u00a0 6 cm<\/span><\/p>\n<\/div>\n<div class=\"desc\">\n<p class=\"desc-tit\">Espessura<span class=\"desc-sub\">\u00a0:\u00a0 2,5 cm<\/span><\/p>\n<\/div>\n<div class=\"desc\">\n<p class=\"desc-tit\">Comprimento<span class=\"desc-sub\">\u00a0:\u00a0 12 cm<\/span><\/p>\n<\/div>\n<div class=\"desc\">\n<p class=\"desc-tit\">Medidas aproximadas para grava\u00e7\u00e3o<span class=\"desc-sub\">\u00a0(CxL):\u00a0 3,5 cm x 7 cm<\/span><\/p>\n<\/div>\n<div class=\"desc\">\n<p class=\"desc-tit\">Peso aproximado<span class=\"desc-sub\">\u00a0(g):\u00a0 107<\/span><\/p>\n<\/div>\n<\/div>\n","protected":false},"excerpt":{"rendered":"<p>08281 Porta Comprimidos Personalizado. Um porta comprimidos multifuncional sob medida para as necessidades di\u00e1rias de uma rotina de medica\u00e7\u00e3o. Feita em pl\u00e1stico, conta com tr\u00eas compartimentos<span class=\"excerpt-hellip\"> [\u2026]<\/span><\/p>\n","protected":false},"featured_media":6075,"comment_status":"closed","ping_status":"closed","template":"","meta":[],"product_cat":[194],"product_tag":[2324],"class_list":["post-4674","product","type-product","status-publish","has-post-thumbnail","hentry","product_cat-cuidados-pessoais-e-protecao","product_tag-porta-comprimidos-personalizado"],"_links":{"self":[{"href":"https:\/\/vohnabrindes.com.br\/index.php\/wp-json\/wp\/v2\/product\/4674","targetHints":{"allow":["GET"]}}],"collection":[{"href":"https:\/\/vohnabrindes.com.br\/index.php\/wp-json\/wp\/v2\/product"}],"about":[{"href":"https:\/\/vohnabrindes.com.br\/index.php\/wp-json\/wp\/v2\/types\/product"}],"replies":[{"embeddable":true,"href":"https:\/\/vohnabrindes.com.br\/index.php\/wp-json\/wp\/v2\/comments?post=4674"}],"version-history":[{"count":2,"href":"https:\/\/vohnabrindes.com.br\/index.php\/wp-json\/wp\/v2\/product\/4674\/revisions"}],"predecessor-version":[{"id":6077,"href":"https:\/\/vohnabrindes.com.br\/index.php\/wp-json\/wp\/v2\/product\/4674\/revisions\/6077"}],"wp:featuredmedia":[{"embeddable":true,"href":"https:\/\/vohnabrindes.com.br\/index.php\/wp-json\/wp\/v2\/media\/6075"}],"wp:attachment":[{"href":"https:\/\/vohnabrindes.com.br\/index.php\/wp-json\/wp\/v2\/media?parent=4674"}],"wp:term":[{"taxonomy":"product_cat","embeddable":true,"href":"https:\/\/vohnabrindes.com.br\/index.php\/wp-json\/wp\/v2\/product_cat?post=4674"},{"taxonomy":"product_tag","embeddable":true,"href":"https:\/\/vohnabrindes.com.br\/index.php\/wp-json\/wp\/v2\/product_tag?post=4674"}],"curies":[{"name":"wp","href":"https:\/\/api.w.org\/{rel}","templated":true}]}}