{"id":4705,"date":"2025-05-30T21:39:14","date_gmt":"2025-05-31T00:39:14","guid":{"rendered":"https:\/\/vohnabrindes.com.br\/?post_type=product&#038;p=4705"},"modified":"2025-05-30T21:39:15","modified_gmt":"2025-05-31T00:39:15","slug":"kit-churrasco-4-pecas-com-estojo-personalizado","status":"publish","type":"product","link":"https:\/\/vohnabrindes.com.br\/index.php\/product\/kit-churrasco-4-pecas-com-estojo-personalizado\/","title":{"rendered":"Kit churrasco 4 pe\u00e7as com estojo personalizado."},"content":{"rendered":"<div class=\"ref\">94102-RAVIOLI.<\/div>\n<div class=\"ref\">Kit churrasco 4 pe\u00e7as com estojo personalizado.<\/div>\n<div class=\"texto\">Kit churrasco em estojo de 210D com pe\u00e7as em a\u00e7o inox e PP. Composto por t\u00e1bua em PP e 3 utens\u00edlios: faca chefe, garfo e afiador. Pr\u00f3prio para contato com alimento. Estojo: 220 x 345 x 30 mm | T\u00e1bua: 195 x 285 x 5 mm<\/div>\n","protected":false},"excerpt":{"rendered":"<p>94102-RAVIOLI. Kit churrasco 4 pe\u00e7as com estojo personalizado. Kit churrasco em estojo de 210D com pe\u00e7as em a\u00e7o inox e PP. Composto por t\u00e1bua em PP<span class=\"excerpt-hellip\"> [\u2026]<\/span><\/p>\n","protected":false},"featured_media":1624,"comment_status":"open","ping_status":"closed","template":"","meta":[],"product_cat":[274],"product_tag":[264,573,267],"class_list":["post-4705","product","type-product","status-publish","has-post-thumbnail","hentry","product_cat-kit-churrasco","product_tag-kit-churrasco","product_tag-kit-churrasco-4-pecas-com-estojo-personalizado","product_tag-kit-churrasco-personalizado"],"_links":{"self":[{"href":"https:\/\/vohnabrindes.com.br\/index.php\/wp-json\/wp\/v2\/product\/4705","targetHints":{"allow":["GET"]}}],"collection":[{"href":"https:\/\/vohnabrindes.com.br\/index.php\/wp-json\/wp\/v2\/product"}],"about":[{"href":"https:\/\/vohnabrindes.com.br\/index.php\/wp-json\/wp\/v2\/types\/product"}],"replies":[{"embeddable":true,"href":"https:\/\/vohnabrindes.com.br\/index.php\/wp-json\/wp\/v2\/comments?post=4705"}],"version-history":[{"count":1,"href":"https:\/\/vohnabrindes.com.br\/index.php\/wp-json\/wp\/v2\/product\/4705\/revisions"}],"predecessor-version":[{"id":4735,"href":"https:\/\/vohnabrindes.com.br\/index.php\/wp-json\/wp\/v2\/product\/4705\/revisions\/4735"}],"wp:featuredmedia":[{"embeddable":true,"href":"https:\/\/vohnabrindes.com.br\/index.php\/wp-json\/wp\/v2\/media\/1624"}],"wp:attachment":[{"href":"https:\/\/vohnabrindes.com.br\/index.php\/wp-json\/wp\/v2\/media?parent=4705"}],"wp:term":[{"taxonomy":"product_cat","embeddable":true,"href":"https:\/\/vohnabrindes.com.br\/index.php\/wp-json\/wp\/v2\/product_cat?post=4705"},{"taxonomy":"product_tag","embeddable":true,"href":"https:\/\/vohnabrindes.com.br\/index.php\/wp-json\/wp\/v2\/product_tag?post=4705"}],"curies":[{"name":"wp","href":"https:\/\/api.w.org\/{rel}","templated":true}]}}