{"id":4707,"date":"2025-05-30T21:39:14","date_gmt":"2025-05-31T00:39:14","guid":{"rendered":"https:\/\/vohnabrindes.com.br\/?post_type=product&#038;p=4707"},"modified":"2026-03-03T16:30:20","modified_gmt":"2026-03-03T19:30:20","slug":"kit-churrasco-3-pecas-personalizado-3","status":"publish","type":"product","link":"https:\/\/vohnabrindes.com.br\/index.php\/product\/kit-churrasco-3-pecas-personalizado-3\/","title":{"rendered":"Mochila Poli\u00e9ster 18 Litros Personalizada."},"content":{"rendered":"<pre id=\"item_referencia\">08344<\/pre>\n<p class=\"produto-nome\">Mochila Poli\u00e9ster 18 Litros Personalizada.<\/p>\n<div class=\"caracs\">\n<div class=\"desc\">\n<p class=\"desc-tit\"><span class=\"desc-sub my-desc-sub\">Mochila de design \u00e1gil, feita em poli\u00e9ster imperme\u00e1vel e pronta para encarar qualquer rotina. Com capacidade m\u00e1xima de 18 litros, o compartimento interno traz uma divis\u00f3ria ideal para guardar notebooks de at\u00e9 15,6 polegadas. Al\u00e9m disso, conta com tr\u00eas bolsos frontais em diferentes tamanhos e outros dois, posicionados nas laterais, com el\u00e1stico. As al\u00e7as e regi\u00e3o das costas possuem revestimento em espuma respir\u00e1vel para maior conforto durante o uso.<\/span><\/p>\n<\/div>\n<div class=\"desc\">\n<p class=\"desc-tit\">Altura<span class=\"desc-sub\">\u00a0:\u00a0 42,5 cm<\/span><\/p>\n<\/div>\n<div class=\"desc\">\n<p class=\"desc-tit\">Largura<span class=\"desc-sub\">\u00a0:\u00a0 29 cm<\/span><\/p>\n<\/div>\n<div class=\"desc\">\n<p class=\"desc-tit\">Profundidade<span class=\"desc-sub\">\u00a0:\u00a0 14 cm<\/span><\/p>\n<\/div>\n<div class=\"desc\">\n<p class=\"desc-tit\">Medidas aproximadas para grava\u00e7\u00e3o<span class=\"desc-sub\">\u00a0(CxL):\u00a0 16 cm x 16 cm<\/span><\/p>\n<\/div>\n<div class=\"desc\">\n<p class=\"desc-tit\">Peso aproximado<span class=\"desc-sub\">\u00a0(g):\u00a0 450<\/span><\/p>\n<\/div>\n<\/div>\n","protected":false},"excerpt":{"rendered":"<p>08344 Mochila Poli\u00e9ster 18 Litros Personalizada. Mochila de design \u00e1gil, feita em poli\u00e9ster imperme\u00e1vel e pronta para encarar qualquer rotina. Com capacidade m\u00e1xima de 18 litros,<span class=\"excerpt-hellip\"> [\u2026]<\/span><\/p>\n","protected":false},"featured_media":6078,"comment_status":"closed","ping_status":"closed","template":"","meta":[],"product_cat":[171],"product_tag":[319,283,181,2339],"class_list":["post-4707","product","type-product","status-publish","has-post-thumbnail","hentry","product_cat-mochilas-e-malas","product_tag-mochila-para-notebook","product_tag-mochila-para-notebook-personalizada","product_tag-mochila-personalizada","product_tag-mochila-poliester-18-litros-personalizada"],"_links":{"self":[{"href":"https:\/\/vohnabrindes.com.br\/index.php\/wp-json\/wp\/v2\/product\/4707","targetHints":{"allow":["GET"]}}],"collection":[{"href":"https:\/\/vohnabrindes.com.br\/index.php\/wp-json\/wp\/v2\/product"}],"about":[{"href":"https:\/\/vohnabrindes.com.br\/index.php\/wp-json\/wp\/v2\/types\/product"}],"replies":[{"embeddable":true,"href":"https:\/\/vohnabrindes.com.br\/index.php\/wp-json\/wp\/v2\/comments?post=4707"}],"version-history":[{"count":2,"href":"https:\/\/vohnabrindes.com.br\/index.php\/wp-json\/wp\/v2\/product\/4707\/revisions"}],"predecessor-version":[{"id":6079,"href":"https:\/\/vohnabrindes.com.br\/index.php\/wp-json\/wp\/v2\/product\/4707\/revisions\/6079"}],"wp:featuredmedia":[{"embeddable":true,"href":"https:\/\/vohnabrindes.com.br\/index.php\/wp-json\/wp\/v2\/media\/6078"}],"wp:attachment":[{"href":"https:\/\/vohnabrindes.com.br\/index.php\/wp-json\/wp\/v2\/media?parent=4707"}],"wp:term":[{"taxonomy":"product_cat","embeddable":true,"href":"https:\/\/vohnabrindes.com.br\/index.php\/wp-json\/wp\/v2\/product_cat?post=4707"},{"taxonomy":"product_tag","embeddable":true,"href":"https:\/\/vohnabrindes.com.br\/index.php\/wp-json\/wp\/v2\/product_tag?post=4707"}],"curies":[{"name":"wp","href":"https:\/\/api.w.org\/{rel}","templated":true}]}}