{"id":4714,"date":"2025-05-30T21:39:14","date_gmt":"2025-05-31T00:39:14","guid":{"rendered":"https:\/\/vohnabrindes.com.br\/?post_type=product&#038;p=4714"},"modified":"2025-05-30T21:39:16","modified_gmt":"2025-05-31T00:39:16","slug":"kit-para-cozinha-tabua-formato-de-galinha-personalizado","status":"publish","type":"product","link":"https:\/\/vohnabrindes.com.br\/index.php\/product\/kit-para-cozinha-tabua-formato-de-galinha-personalizado\/","title":{"rendered":"Kit Para Cozinha T\u00e1bua Formato De Galinha personalizado."},"content":{"rendered":"<h6 class=\"fc-azul ff-opensans no-margin\">Kit Para Cozinha T\u00e1bua Formato De Galinha &#8211; 3 P\u00e7s<\/h6>\n<h6>Kit Churrasco\/Cozinha em Bambu\/A\u00e7o Inox; Acompanha t\u00e1bua formato de Galinha em Bambu, faca 7&#8221; e garfo em Bambu\/Inox. T\u00e1bua confeccionada com tripla camada invertida, para dar maior durabilidade e n\u00e3o deformar com o passar do tempo. Rebites em A\u00e7o Inox 304, um dos mais resistentes \u00e0 ferrugem e corros\u00e3o.<\/h6>\n<pre class=\"fc-cinza4 ff-nunito fw-semibold texto-upper no-margin\">MB-41063<\/pre>\n","protected":false},"excerpt":{"rendered":"<p>Kit Para Cozinha T\u00e1bua Formato De Galinha &#8211; 3 P\u00e7s Kit Churrasco\/Cozinha em Bambu\/A\u00e7o Inox; Acompanha t\u00e1bua formato de Galinha em Bambu, faca 7&#8221; e garfo<span class=\"excerpt-hellip\"> [\u2026]<\/span><\/p>\n","protected":false},"featured_media":4744,"comment_status":"open","ping_status":"closed","template":"","meta":[],"product_cat":[274,275],"product_tag":[267,580],"class_list":["post-4714","product","type-product","status-publish","has-post-thumbnail","hentry","product_cat-kit-churrasco","product_cat-linha-gourmet","product_tag-kit-churrasco-personalizado","product_tag-kit-para-cozinha-tabua-formato-de-galinha-personalizado"],"_links":{"self":[{"href":"https:\/\/vohnabrindes.com.br\/index.php\/wp-json\/wp\/v2\/product\/4714","targetHints":{"allow":["GET"]}}],"collection":[{"href":"https:\/\/vohnabrindes.com.br\/index.php\/wp-json\/wp\/v2\/product"}],"about":[{"href":"https:\/\/vohnabrindes.com.br\/index.php\/wp-json\/wp\/v2\/types\/product"}],"replies":[{"embeddable":true,"href":"https:\/\/vohnabrindes.com.br\/index.php\/wp-json\/wp\/v2\/comments?post=4714"}],"version-history":[{"count":1,"href":"https:\/\/vohnabrindes.com.br\/index.php\/wp-json\/wp\/v2\/product\/4714\/revisions"}],"predecessor-version":[{"id":4745,"href":"https:\/\/vohnabrindes.com.br\/index.php\/wp-json\/wp\/v2\/product\/4714\/revisions\/4745"}],"wp:featuredmedia":[{"embeddable":true,"href":"https:\/\/vohnabrindes.com.br\/index.php\/wp-json\/wp\/v2\/media\/4744"}],"wp:attachment":[{"href":"https:\/\/vohnabrindes.com.br\/index.php\/wp-json\/wp\/v2\/media?parent=4714"}],"wp:term":[{"taxonomy":"product_cat","embeddable":true,"href":"https:\/\/vohnabrindes.com.br\/index.php\/wp-json\/wp\/v2\/product_cat?post=4714"},{"taxonomy":"product_tag","embeddable":true,"href":"https:\/\/vohnabrindes.com.br\/index.php\/wp-json\/wp\/v2\/product_tag?post=4714"}],"curies":[{"name":"wp","href":"https:\/\/api.w.org\/{rel}","templated":true}]}}