{"id":4715,"date":"2025-05-30T21:39:14","date_gmt":"2025-05-31T00:39:14","guid":{"rendered":"https:\/\/vohnabrindes.com.br\/?post_type=product&#038;p=4715"},"modified":"2025-05-30T21:39:16","modified_gmt":"2025-05-31T00:39:16","slug":"kit-comemoracao-4-pecas-personalizado","status":"publish","type":"product","link":"https:\/\/vohnabrindes.com.br\/index.php\/product\/kit-comemoracao-4-pecas-personalizado\/","title":{"rendered":"Kit comemora\u00e7\u00e3o 4 pe\u00e7as personalizado."},"content":{"rendered":"<h6 class=\"fc-azul ff-opensans no-margin\">Kit Para Petisco\u00a0 comemora\u00e7\u00e3o &#8211; 4 P\u00e7s<\/h6>\n<h6>Kit para petisco. Kit composto por petisqueira com formato de pinheiro, duas ta\u00e7as de vidro para champanhe e espa\u00e7o para garrafa (N\u00c3O ACOMPANHA GARRAFA).<\/h6>\n<h6 class=\"fc-azul ff-opensans no-margin\">KT-90288<\/h6>\n","protected":false},"excerpt":{"rendered":"<p>Kit Para Petisco\u00a0 comemora\u00e7\u00e3o &#8211; 4 P\u00e7s Kit para petisco. Kit composto por petisqueira com formato de pinheiro, duas ta\u00e7as de vidro para champanhe e espa\u00e7o<span class=\"excerpt-hellip\"> [\u2026]<\/span><\/p>\n","protected":false},"featured_media":1648,"comment_status":"open","ping_status":"closed","template":"","meta":[],"product_cat":[448,152,275],"product_tag":[581,582,583],"class_list":["post-4715","product","type-product","status-publish","has-post-thumbnail","hentry","product_cat-kit-vinho-bar-e-comemoracao","product_cat-lancamentos","product_cat-linha-gourmet","product_tag-kit-comemoracao-4-pecas-personalizado","product_tag-kit-petisco-personalizado","product_tag-kit-tacas-personallizado"],"_links":{"self":[{"href":"https:\/\/vohnabrindes.com.br\/index.php\/wp-json\/wp\/v2\/product\/4715","targetHints":{"allow":["GET"]}}],"collection":[{"href":"https:\/\/vohnabrindes.com.br\/index.php\/wp-json\/wp\/v2\/product"}],"about":[{"href":"https:\/\/vohnabrindes.com.br\/index.php\/wp-json\/wp\/v2\/types\/product"}],"replies":[{"embeddable":true,"href":"https:\/\/vohnabrindes.com.br\/index.php\/wp-json\/wp\/v2\/comments?post=4715"}],"version-history":[{"count":1,"href":"https:\/\/vohnabrindes.com.br\/index.php\/wp-json\/wp\/v2\/product\/4715\/revisions"}],"predecessor-version":[{"id":4746,"href":"https:\/\/vohnabrindes.com.br\/index.php\/wp-json\/wp\/v2\/product\/4715\/revisions\/4746"}],"wp:featuredmedia":[{"embeddable":true,"href":"https:\/\/vohnabrindes.com.br\/index.php\/wp-json\/wp\/v2\/media\/1648"}],"wp:attachment":[{"href":"https:\/\/vohnabrindes.com.br\/index.php\/wp-json\/wp\/v2\/media?parent=4715"}],"wp:term":[{"taxonomy":"product_cat","embeddable":true,"href":"https:\/\/vohnabrindes.com.br\/index.php\/wp-json\/wp\/v2\/product_cat?post=4715"},{"taxonomy":"product_tag","embeddable":true,"href":"https:\/\/vohnabrindes.com.br\/index.php\/wp-json\/wp\/v2\/product_tag?post=4715"}],"curies":[{"name":"wp","href":"https:\/\/api.w.org\/{rel}","templated":true}]}}