{"id":4718,"date":"2025-05-30T21:39:14","date_gmt":"2025-05-31T00:39:14","guid":{"rendered":"https:\/\/vohnabrindes.com.br\/?post_type=product&#038;p=4718"},"modified":"2025-05-30T21:39:16","modified_gmt":"2025-05-31T00:39:16","slug":"kit-comemoracao-4-pecas-personalizado-2","status":"publish","type":"product","link":"https:\/\/vohnabrindes.com.br\/index.php\/product\/kit-comemoracao-4-pecas-personalizado-2\/","title":{"rendered":"Kit comemora\u00e7\u00e3o 4 pe\u00e7as personalizado."},"content":{"rendered":"<h6 class=\"fc-azul ff-opensans no-margin\">kit comemora\u00e7\u00e3o contendo:<\/h6>\n<h6 class=\"fc-azul ff-opensans no-margin\">Jogo De Copos De Vidro P\/ Vinho \/ Cerveja &#8211; 4 P\u00e7s<\/h6>\n<h6>jogo de copos para vinho e cerveja. Conta com dois copos para cerveja e duas ta\u00e7as para vinho em vidro.<\/h6>\n<pre class=\"fc-cinza4 ff-nunito fw-semibold texto-upper no-margin\">KT-90015<\/pre>\n","protected":false},"excerpt":{"rendered":"<p>kit comemora\u00e7\u00e3o contendo: Jogo De Copos De Vidro P\/ Vinho \/ Cerveja &#8211; 4 P\u00e7s jogo de copos para vinho e cerveja. Conta com dois copos<span class=\"excerpt-hellip\"> [\u2026]<\/span><\/p>\n","protected":false},"featured_media":1654,"comment_status":"open","ping_status":"closed","template":"","meta":[],"product_cat":[448],"product_tag":[588,581,589],"class_list":["post-4718","product","type-product","status-publish","has-post-thumbnail","hentry","product_cat-kit-vinho-bar-e-comemoracao","product_tag-kit-bebidas-personalizado","product_tag-kit-comemoracao-4-pecas-personalizado","product_tag-kit-copos-personaliado"],"_links":{"self":[{"href":"https:\/\/vohnabrindes.com.br\/index.php\/wp-json\/wp\/v2\/product\/4718","targetHints":{"allow":["GET"]}}],"collection":[{"href":"https:\/\/vohnabrindes.com.br\/index.php\/wp-json\/wp\/v2\/product"}],"about":[{"href":"https:\/\/vohnabrindes.com.br\/index.php\/wp-json\/wp\/v2\/types\/product"}],"replies":[{"embeddable":true,"href":"https:\/\/vohnabrindes.com.br\/index.php\/wp-json\/wp\/v2\/comments?post=4718"}],"version-history":[{"count":1,"href":"https:\/\/vohnabrindes.com.br\/index.php\/wp-json\/wp\/v2\/product\/4718\/revisions"}],"predecessor-version":[{"id":4749,"href":"https:\/\/vohnabrindes.com.br\/index.php\/wp-json\/wp\/v2\/product\/4718\/revisions\/4749"}],"wp:featuredmedia":[{"embeddable":true,"href":"https:\/\/vohnabrindes.com.br\/index.php\/wp-json\/wp\/v2\/media\/1654"}],"wp:attachment":[{"href":"https:\/\/vohnabrindes.com.br\/index.php\/wp-json\/wp\/v2\/media?parent=4718"}],"wp:term":[{"taxonomy":"product_cat","embeddable":true,"href":"https:\/\/vohnabrindes.com.br\/index.php\/wp-json\/wp\/v2\/product_cat?post=4718"},{"taxonomy":"product_tag","embeddable":true,"href":"https:\/\/vohnabrindes.com.br\/index.php\/wp-json\/wp\/v2\/product_tag?post=4718"}],"curies":[{"name":"wp","href":"https:\/\/api.w.org\/{rel}","templated":true}]}}