{"id":4719,"date":"2025-05-30T21:39:14","date_gmt":"2025-05-31T00:39:14","guid":{"rendered":"https:\/\/vohnabrindes.com.br\/?post_type=product&#038;p=4719"},"modified":"2025-05-30T21:39:16","modified_gmt":"2025-05-31T00:39:16","slug":"kit-comemoracao-tacas-personalizado","status":"publish","type":"product","link":"https:\/\/vohnabrindes.com.br\/index.php\/product\/kit-comemoracao-tacas-personalizado\/","title":{"rendered":"Kit comemora\u00e7\u00e3o ta\u00e7as personalizado."},"content":{"rendered":"<h6 class=\"fc-azul ff-opensans no-margin\">Kit De Ta\u00e7as De Vidro P\/ Champagne 190 Ml &#8211; 2 P\u00e7s<\/h6>\n<h6>Jogo com 2 ta\u00e7as de vidro para Champagne, com espa\u00e7o para a garrafa grande (N\u00c3O ACOMPANHA GARRAFA). Capacidade: 190ml.<\/h6>\n<h6 class=\"fc-cinza4 ff-nunito fw-semibold texto-upper no-margin\">VI-18712<\/h6>\n","protected":false},"excerpt":{"rendered":"<p>Kit De Ta\u00e7as De Vidro P\/ Champagne 190 Ml &#8211; 2 P\u00e7s Jogo com 2 ta\u00e7as de vidro para Champagne, com espa\u00e7o para a garrafa grande<span class=\"excerpt-hellip\"> [\u2026]<\/span><\/p>\n","protected":false},"featured_media":1656,"comment_status":"open","ping_status":"closed","template":"","meta":[],"product_cat":[448],"product_tag":[588,590,591],"class_list":["post-4719","product","type-product","status-publish","has-post-thumbnail","hentry","product_cat-kit-vinho-bar-e-comemoracao","product_tag-kit-bebidas-personalizado","product_tag-kit-comemoraco","product_tag-kit-tacas"],"_links":{"self":[{"href":"https:\/\/vohnabrindes.com.br\/index.php\/wp-json\/wp\/v2\/product\/4719","targetHints":{"allow":["GET"]}}],"collection":[{"href":"https:\/\/vohnabrindes.com.br\/index.php\/wp-json\/wp\/v2\/product"}],"about":[{"href":"https:\/\/vohnabrindes.com.br\/index.php\/wp-json\/wp\/v2\/types\/product"}],"replies":[{"embeddable":true,"href":"https:\/\/vohnabrindes.com.br\/index.php\/wp-json\/wp\/v2\/comments?post=4719"}],"version-history":[{"count":1,"href":"https:\/\/vohnabrindes.com.br\/index.php\/wp-json\/wp\/v2\/product\/4719\/revisions"}],"predecessor-version":[{"id":4750,"href":"https:\/\/vohnabrindes.com.br\/index.php\/wp-json\/wp\/v2\/product\/4719\/revisions\/4750"}],"wp:featuredmedia":[{"embeddable":true,"href":"https:\/\/vohnabrindes.com.br\/index.php\/wp-json\/wp\/v2\/media\/1656"}],"wp:attachment":[{"href":"https:\/\/vohnabrindes.com.br\/index.php\/wp-json\/wp\/v2\/media?parent=4719"}],"wp:term":[{"taxonomy":"product_cat","embeddable":true,"href":"https:\/\/vohnabrindes.com.br\/index.php\/wp-json\/wp\/v2\/product_cat?post=4719"},{"taxonomy":"product_tag","embeddable":true,"href":"https:\/\/vohnabrindes.com.br\/index.php\/wp-json\/wp\/v2\/product_tag?post=4719"}],"curies":[{"name":"wp","href":"https:\/\/api.w.org\/{rel}","templated":true}]}}