{"id":4721,"date":"2025-05-30T21:39:14","date_gmt":"2025-05-31T00:39:14","guid":{"rendered":"https:\/\/vohnabrindes.com.br\/?post_type=product&#038;p=4721"},"modified":"2025-05-30T21:39:16","modified_gmt":"2025-05-31T00:39:16","slug":"kit-comemoracao-personalizado-2","status":"publish","type":"product","link":"https:\/\/vohnabrindes.com.br\/index.php\/product\/kit-comemoracao-personalizado-2\/","title":{"rendered":"Kit comemora\u00e7\u00e3o personalizado."},"content":{"rendered":"<h6 class=\"fc-azul ff-opensans no-margin\">Kit comemora\u00e7\u00e3o personalizado<\/h6>\n<h6 class=\"fc-cinza4 ff-nunito fw-semibold texto-upper no-margin\">VI-18612<\/h6>\n<h6>Jogo com 2 ta\u00e7as de vidro para Vinho, com espa\u00e7o para a garrafa (N\u00c3O ACOMPANHA GARRAFA).<\/h6>\n<h6>Capacidade: 490ml.<\/h6>\n","protected":false},"excerpt":{"rendered":"<p>Kit comemora\u00e7\u00e3o personalizado VI-18612 Jogo com 2 ta\u00e7as de vidro para Vinho, com espa\u00e7o para a garrafa (N\u00c3O ACOMPANHA GARRAFA). Capacidade: 490ml.<\/p>\n","protected":false},"featured_media":1673,"comment_status":"open","ping_status":"closed","template":"","meta":[],"product_cat":[448],"product_tag":[588,592,587],"class_list":["post-4721","product","type-product","status-publish","has-post-thumbnail","hentry","product_cat-kit-vinho-bar-e-comemoracao","product_tag-kit-bebidas-personalizado","product_tag-kit-comemoracao-personalizado","product_tag-kit-tacas-personalizado"],"_links":{"self":[{"href":"https:\/\/vohnabrindes.com.br\/index.php\/wp-json\/wp\/v2\/product\/4721","targetHints":{"allow":["GET"]}}],"collection":[{"href":"https:\/\/vohnabrindes.com.br\/index.php\/wp-json\/wp\/v2\/product"}],"about":[{"href":"https:\/\/vohnabrindes.com.br\/index.php\/wp-json\/wp\/v2\/types\/product"}],"replies":[{"embeddable":true,"href":"https:\/\/vohnabrindes.com.br\/index.php\/wp-json\/wp\/v2\/comments?post=4721"}],"version-history":[{"count":1,"href":"https:\/\/vohnabrindes.com.br\/index.php\/wp-json\/wp\/v2\/product\/4721\/revisions"}],"predecessor-version":[{"id":4752,"href":"https:\/\/vohnabrindes.com.br\/index.php\/wp-json\/wp\/v2\/product\/4721\/revisions\/4752"}],"wp:featuredmedia":[{"embeddable":true,"href":"https:\/\/vohnabrindes.com.br\/index.php\/wp-json\/wp\/v2\/media\/1673"}],"wp:attachment":[{"href":"https:\/\/vohnabrindes.com.br\/index.php\/wp-json\/wp\/v2\/media?parent=4721"}],"wp:term":[{"taxonomy":"product_cat","embeddable":true,"href":"https:\/\/vohnabrindes.com.br\/index.php\/wp-json\/wp\/v2\/product_cat?post=4721"},{"taxonomy":"product_tag","embeddable":true,"href":"https:\/\/vohnabrindes.com.br\/index.php\/wp-json\/wp\/v2\/product_tag?post=4721"}],"curies":[{"name":"wp","href":"https:\/\/api.w.org\/{rel}","templated":true}]}}