{"id":4722,"date":"2025-05-30T21:39:14","date_gmt":"2025-05-31T00:39:14","guid":{"rendered":"https:\/\/vohnabrindes.com.br\/?post_type=product&#038;p=4722"},"modified":"2025-05-30T21:39:17","modified_gmt":"2025-05-31T00:39:17","slug":"kit-comemoracao-personalizado-3","status":"publish","type":"product","link":"https:\/\/vohnabrindes.com.br\/index.php\/product\/kit-comemoracao-personalizado-3\/","title":{"rendered":"Kit comemora\u00e7\u00e3o personalizado."},"content":{"rendered":"<h6 class=\"fc-azul ff-opensans no-margin\">Kit comemora\u00e7\u00e3o personalizado.<\/h6>\n<h6 class=\"fc-azul ff-opensans no-margin\">Contendo Jogo De Ta\u00e7as De Vidro P\/ Vinho 490 Ml &#8211; 2 P\u00e7s<\/h6>\n<h6>com caixa para embalagem Luxo<\/h6>\n<h6 class=\"fc-cinza4 ff-nunito fw-semibold texto-upper no-margin\">VI-08612<\/h6>\n","protected":false},"excerpt":{"rendered":"<p>Kit comemora\u00e7\u00e3o personalizado. Contendo Jogo De Ta\u00e7as De Vidro P\/ Vinho 490 Ml &#8211; 2 P\u00e7s com caixa para embalagem Luxo VI-08612<\/p>\n","protected":false},"featured_media":1675,"comment_status":"open","ping_status":"closed","template":"","meta":[],"product_cat":[448],"product_tag":[592,587],"class_list":["post-4722","product","type-product","status-publish","has-post-thumbnail","hentry","product_cat-kit-vinho-bar-e-comemoracao","product_tag-kit-comemoracao-personalizado","product_tag-kit-tacas-personalizado"],"_links":{"self":[{"href":"https:\/\/vohnabrindes.com.br\/index.php\/wp-json\/wp\/v2\/product\/4722","targetHints":{"allow":["GET"]}}],"collection":[{"href":"https:\/\/vohnabrindes.com.br\/index.php\/wp-json\/wp\/v2\/product"}],"about":[{"href":"https:\/\/vohnabrindes.com.br\/index.php\/wp-json\/wp\/v2\/types\/product"}],"replies":[{"embeddable":true,"href":"https:\/\/vohnabrindes.com.br\/index.php\/wp-json\/wp\/v2\/comments?post=4722"}],"version-history":[{"count":1,"href":"https:\/\/vohnabrindes.com.br\/index.php\/wp-json\/wp\/v2\/product\/4722\/revisions"}],"predecessor-version":[{"id":4753,"href":"https:\/\/vohnabrindes.com.br\/index.php\/wp-json\/wp\/v2\/product\/4722\/revisions\/4753"}],"wp:featuredmedia":[{"embeddable":true,"href":"https:\/\/vohnabrindes.com.br\/index.php\/wp-json\/wp\/v2\/media\/1675"}],"wp:attachment":[{"href":"https:\/\/vohnabrindes.com.br\/index.php\/wp-json\/wp\/v2\/media?parent=4722"}],"wp:term":[{"taxonomy":"product_cat","embeddable":true,"href":"https:\/\/vohnabrindes.com.br\/index.php\/wp-json\/wp\/v2\/product_cat?post=4722"},{"taxonomy":"product_tag","embeddable":true,"href":"https:\/\/vohnabrindes.com.br\/index.php\/wp-json\/wp\/v2\/product_tag?post=4722"}],"curies":[{"name":"wp","href":"https:\/\/api.w.org\/{rel}","templated":true}]}}