{"id":4726,"date":"2025-05-30T21:39:15","date_gmt":"2025-05-31T00:39:15","guid":{"rendered":"https:\/\/vohnabrindes.com.br\/?post_type=product&#038;p=4726"},"modified":"2026-03-03T16:30:20","modified_gmt":"2026-03-03T19:30:20","slug":"kit-comemoracao-personalizado-5","status":"publish","type":"product","link":"https:\/\/vohnabrindes.com.br\/index.php\/product\/kit-comemoracao-personalizado-5\/","title":{"rendered":"Mochila para notebook Personalizada."},"content":{"rendered":"<div class=\"sku\">\n<h6 class=\"products-main-title text-2xl uppercase\">MC321<\/h6>\n<\/div>\n<h6 class=\"title\">Mochila para notebook Personalizada.<\/h6>\n<div class=\"description\">\n<p>Mochila para notebook em tecido poli\u00e9ster 600D e detalhe em PU, compartimento interno para notebook de at\u00e9 15,6&#8243;, engate para mala de viagem, dois bolsos laterais e bolso frontal com z\u00edper.<\/p>\n<p><strong>Dimens\u00e3o Produto:<\/strong>46x32x15cm (AxLxP)<\/p>\n<p><strong>Peso do Produto:<\/strong>0,566kg<\/p>\n<\/div>\n","protected":false},"excerpt":{"rendered":"<p>MC321 Mochila para notebook Personalizada. Mochila para notebook em tecido poli\u00e9ster 600D e detalhe em PU, compartimento interno para notebook de at\u00e9 15,6&#8243;, engate para mala<span class=\"excerpt-hellip\"> [\u2026]<\/span><\/p>\n","protected":false},"featured_media":6090,"comment_status":"closed","ping_status":"closed","template":"","meta":[],"product_cat":[171],"product_tag":[292,1184,283,181],"class_list":["post-4726","product","type-product","status-publish","has-post-thumbnail","hentry","product_cat-mochilas-e-malas","product_tag-mochila-com-logo","product_tag-mochila-executiva-personalizada","product_tag-mochila-para-notebook-personalizada","product_tag-mochila-personalizada"],"_links":{"self":[{"href":"https:\/\/vohnabrindes.com.br\/index.php\/wp-json\/wp\/v2\/product\/4726","targetHints":{"allow":["GET"]}}],"collection":[{"href":"https:\/\/vohnabrindes.com.br\/index.php\/wp-json\/wp\/v2\/product"}],"about":[{"href":"https:\/\/vohnabrindes.com.br\/index.php\/wp-json\/wp\/v2\/types\/product"}],"replies":[{"embeddable":true,"href":"https:\/\/vohnabrindes.com.br\/index.php\/wp-json\/wp\/v2\/comments?post=4726"}],"version-history":[{"count":2,"href":"https:\/\/vohnabrindes.com.br\/index.php\/wp-json\/wp\/v2\/product\/4726\/revisions"}],"predecessor-version":[{"id":6091,"href":"https:\/\/vohnabrindes.com.br\/index.php\/wp-json\/wp\/v2\/product\/4726\/revisions\/6091"}],"wp:featuredmedia":[{"embeddable":true,"href":"https:\/\/vohnabrindes.com.br\/index.php\/wp-json\/wp\/v2\/media\/6090"}],"wp:attachment":[{"href":"https:\/\/vohnabrindes.com.br\/index.php\/wp-json\/wp\/v2\/media?parent=4726"}],"wp:term":[{"taxonomy":"product_cat","embeddable":true,"href":"https:\/\/vohnabrindes.com.br\/index.php\/wp-json\/wp\/v2\/product_cat?post=4726"},{"taxonomy":"product_tag","embeddable":true,"href":"https:\/\/vohnabrindes.com.br\/index.php\/wp-json\/wp\/v2\/product_tag?post=4726"}],"curies":[{"name":"wp","href":"https:\/\/api.w.org\/{rel}","templated":true}]}}