{"id":4727,"date":"2025-05-30T21:39:15","date_gmt":"2025-05-31T00:39:15","guid":{"rendered":"https:\/\/vohnabrindes.com.br\/?post_type=product&#038;p=4727"},"modified":"2025-05-30T21:39:17","modified_gmt":"2025-05-31T00:39:17","slug":"kit-para-gin-tonica-5-pecas-personalizado","status":"publish","type":"product","link":"https:\/\/vohnabrindes.com.br\/index.php\/product\/kit-para-gin-tonica-5-pecas-personalizado\/","title":{"rendered":"Kit Para Gin T\u00f4nica 5 pe\u00e7as personalizado."},"content":{"rendered":"<h6>Kit para gin t\u00f4nica contendo duas ta\u00e7as pra gin em vidro e dois canudos com limpador em Inox.<\/p>\n<p>Kit Para Gin T\u00f4nica &#8211; 5 P\u00e7s-<br \/>\nKT-90154<\/h6>\n","protected":false},"excerpt":{"rendered":"<p>Kit para gin t\u00f4nica contendo duas ta\u00e7as pra gin em vidro e dois canudos com limpador em Inox. Kit Para Gin T\u00f4nica &#8211; 5 P\u00e7s- KT-90154<\/p>\n","protected":false},"featured_media":1685,"comment_status":"open","ping_status":"closed","template":"","meta":[],"product_cat":[448],"product_tag":[585,600,601],"class_list":["post-4727","product","type-product","status-publish","has-post-thumbnail","hentry","product_cat-kit-vinho-bar-e-comemoracao","product_tag-kit-bebidas-pesonalizado","product_tag-kit-gin","product_tag-kit-para-gin-tonica-5-pecas-personalizado"],"_links":{"self":[{"href":"https:\/\/vohnabrindes.com.br\/index.php\/wp-json\/wp\/v2\/product\/4727","targetHints":{"allow":["GET"]}}],"collection":[{"href":"https:\/\/vohnabrindes.com.br\/index.php\/wp-json\/wp\/v2\/product"}],"about":[{"href":"https:\/\/vohnabrindes.com.br\/index.php\/wp-json\/wp\/v2\/types\/product"}],"replies":[{"embeddable":true,"href":"https:\/\/vohnabrindes.com.br\/index.php\/wp-json\/wp\/v2\/comments?post=4727"}],"version-history":[{"count":1,"href":"https:\/\/vohnabrindes.com.br\/index.php\/wp-json\/wp\/v2\/product\/4727\/revisions"}],"predecessor-version":[{"id":4758,"href":"https:\/\/vohnabrindes.com.br\/index.php\/wp-json\/wp\/v2\/product\/4727\/revisions\/4758"}],"wp:featuredmedia":[{"embeddable":true,"href":"https:\/\/vohnabrindes.com.br\/index.php\/wp-json\/wp\/v2\/media\/1685"}],"wp:attachment":[{"href":"https:\/\/vohnabrindes.com.br\/index.php\/wp-json\/wp\/v2\/media?parent=4727"}],"wp:term":[{"taxonomy":"product_cat","embeddable":true,"href":"https:\/\/vohnabrindes.com.br\/index.php\/wp-json\/wp\/v2\/product_cat?post=4727"},{"taxonomy":"product_tag","embeddable":true,"href":"https:\/\/vohnabrindes.com.br\/index.php\/wp-json\/wp\/v2\/product_tag?post=4727"}],"curies":[{"name":"wp","href":"https:\/\/api.w.org\/{rel}","templated":true}]}}