{"id":4728,"date":"2025-05-30T21:39:15","date_gmt":"2025-05-31T00:39:15","guid":{"rendered":"https:\/\/vohnabrindes.com.br\/?post_type=product&#038;p=4728"},"modified":"2025-05-30T21:39:17","modified_gmt":"2025-05-31T00:39:17","slug":"kit-para-cocktail-personalizado","status":"publish","type":"product","link":"https:\/\/vohnabrindes.com.br\/index.php\/product\/kit-para-cocktail-personalizado\/","title":{"rendered":"Kit para cocktail personalizado."},"content":{"rendered":"<div class=\"ref\">94043-BRAMBLE.<\/div>\n<div class=\"ref\">Kit para cocktail personalizado.<\/div>\n<div class=\"texto\">Set de cocktail com 6 pe\u00e7as em a\u00e7o inox: um shaker (600 + 450 mL), um copo dosador (30 mL), uma colher, um pil\u00e3o e um coador. Inclui uma bolsa em non-woven.<\/div>\n<div class=\"texto\">Fornecido em caixa presente. Caixa: 98 x 98 x 290 mm<\/div>\n","protected":false},"excerpt":{"rendered":"<p>94043-BRAMBLE. Kit para cocktail personalizado. Set de cocktail com 6 pe\u00e7as em a\u00e7o inox: um shaker (600 + 450 mL), um copo dosador (30 mL), uma<span class=\"excerpt-hellip\"> [\u2026]<\/span><\/p>\n","protected":false},"featured_media":1687,"comment_status":"open","ping_status":"closed","template":"","meta":[],"product_cat":[448],"product_tag":[602,588,603],"class_list":["post-4728","product","type-product","status-publish","has-post-thumbnail","hentry","product_cat-kit-vinho-bar-e-comemoracao","product_tag-coqueteleira-personalizada","product_tag-kit-bebidas-personalizado","product_tag-kit-para-cocktail-personalizado"],"_links":{"self":[{"href":"https:\/\/vohnabrindes.com.br\/index.php\/wp-json\/wp\/v2\/product\/4728","targetHints":{"allow":["GET"]}}],"collection":[{"href":"https:\/\/vohnabrindes.com.br\/index.php\/wp-json\/wp\/v2\/product"}],"about":[{"href":"https:\/\/vohnabrindes.com.br\/index.php\/wp-json\/wp\/v2\/types\/product"}],"replies":[{"embeddable":true,"href":"https:\/\/vohnabrindes.com.br\/index.php\/wp-json\/wp\/v2\/comments?post=4728"}],"version-history":[{"count":1,"href":"https:\/\/vohnabrindes.com.br\/index.php\/wp-json\/wp\/v2\/product\/4728\/revisions"}],"predecessor-version":[{"id":4759,"href":"https:\/\/vohnabrindes.com.br\/index.php\/wp-json\/wp\/v2\/product\/4728\/revisions\/4759"}],"wp:featuredmedia":[{"embeddable":true,"href":"https:\/\/vohnabrindes.com.br\/index.php\/wp-json\/wp\/v2\/media\/1687"}],"wp:attachment":[{"href":"https:\/\/vohnabrindes.com.br\/index.php\/wp-json\/wp\/v2\/media?parent=4728"}],"wp:term":[{"taxonomy":"product_cat","embeddable":true,"href":"https:\/\/vohnabrindes.com.br\/index.php\/wp-json\/wp\/v2\/product_cat?post=4728"},{"taxonomy":"product_tag","embeddable":true,"href":"https:\/\/vohnabrindes.com.br\/index.php\/wp-json\/wp\/v2\/product_tag?post=4728"}],"curies":[{"name":"wp","href":"https:\/\/api.w.org\/{rel}","templated":true}]}}