{"id":4731,"date":"2025-05-30T21:39:15","date_gmt":"2025-05-31T00:39:15","guid":{"rendered":"https:\/\/vohnabrindes.com.br\/?post_type=product&#038;p=4731"},"modified":"2025-05-30T21:39:17","modified_gmt":"2025-05-31T00:39:17","slug":"kit-queijo-5-pecas-personalizado","status":"publish","type":"product","link":"https:\/\/vohnabrindes.com.br\/index.php\/product\/kit-queijo-5-pecas-personalizado\/","title":{"rendered":"Kit Queijo 5 pe\u00e7as personalizado."},"content":{"rendered":"<h6 id=\"item_referencia\">08542<\/h6>\n<p class=\"produto-nome\"><span class=\"desc-sub my-desc-sub\">Kit queijo 5 pe\u00e7as, possui t\u00e1bua de bambu com detalhe circular em relevo na parte superior e parte inferior com borrachas antideslizantes. Cont\u00e9m faca reta, esp\u00e1tula, faca com ponta e garfo em inox. Para abrir basta rotacionar a tampa.<\/span><\/p>\n<div class=\"caracs\">\n<div class=\"desc\">\n<p class=\"desc-tit\">Tamanho total aproximado\u00a0<span class=\"desc-sub\">\u00a0(CxL):\u00a0 T\u00e1bua 25,6 cm x 25,6 cm &#8211; Faca reta 18,5 cm x 4,5 cm \u2013 Esp\u00e1tula 19,2 cm x 7 cm \u2013 Faca com ponta 16,2 cm x 2,8 cm \u2013 Garfo 18,3 cm x 3,4 cm<\/span><\/p>\n<\/div>\n<div class=\"desc\">\n<p class=\"desc-tit\">Peso aproximado<span class=\"desc-sub\">\u00a0(g):\u00a0 1088<\/span><\/p>\n<\/div>\n<\/div>\n","protected":false},"excerpt":{"rendered":"<p>08542 Kit queijo 5 pe\u00e7as, possui t\u00e1bua de bambu com detalhe circular em relevo na parte superior e parte inferior com borrachas antideslizantes. Cont\u00e9m faca reta,<span class=\"excerpt-hellip\"> [\u2026]<\/span><\/p>\n","protected":false},"featured_media":1693,"comment_status":"open","ping_status":"closed","template":"","meta":[],"product_cat":[561],"product_tag":[607,605],"class_list":["post-4731","product","type-product","status-publish","has-post-thumbnail","hentry","product_cat-kit-queijo-e-pizza","product_tag-kit-queijo-5-pecas","product_tag-kit-queijo-personalizado"],"_links":{"self":[{"href":"https:\/\/vohnabrindes.com.br\/index.php\/wp-json\/wp\/v2\/product\/4731","targetHints":{"allow":["GET"]}}],"collection":[{"href":"https:\/\/vohnabrindes.com.br\/index.php\/wp-json\/wp\/v2\/product"}],"about":[{"href":"https:\/\/vohnabrindes.com.br\/index.php\/wp-json\/wp\/v2\/types\/product"}],"replies":[{"embeddable":true,"href":"https:\/\/vohnabrindes.com.br\/index.php\/wp-json\/wp\/v2\/comments?post=4731"}],"version-history":[{"count":1,"href":"https:\/\/vohnabrindes.com.br\/index.php\/wp-json\/wp\/v2\/product\/4731\/revisions"}],"predecessor-version":[{"id":4762,"href":"https:\/\/vohnabrindes.com.br\/index.php\/wp-json\/wp\/v2\/product\/4731\/revisions\/4762"}],"wp:featuredmedia":[{"embeddable":true,"href":"https:\/\/vohnabrindes.com.br\/index.php\/wp-json\/wp\/v2\/media\/1693"}],"wp:attachment":[{"href":"https:\/\/vohnabrindes.com.br\/index.php\/wp-json\/wp\/v2\/media?parent=4731"}],"wp:term":[{"taxonomy":"product_cat","embeddable":true,"href":"https:\/\/vohnabrindes.com.br\/index.php\/wp-json\/wp\/v2\/product_cat?post=4731"},{"taxonomy":"product_tag","embeddable":true,"href":"https:\/\/vohnabrindes.com.br\/index.php\/wp-json\/wp\/v2\/product_tag?post=4731"}],"curies":[{"name":"wp","href":"https:\/\/api.w.org\/{rel}","templated":true}]}}