{"id":4766,"date":"2025-05-30T21:39:18","date_gmt":"2025-05-31T00:39:18","guid":{"rendered":"https:\/\/vohnabrindes.com.br\/?post_type=product&#038;p=4766"},"modified":"2026-03-03T16:30:20","modified_gmt":"2026-03-03T19:30:20","slug":"kit-queijo-5-pecas-personalizado-2","status":"publish","type":"product","link":"https:\/\/vohnabrindes.com.br\/index.php\/product\/kit-queijo-5-pecas-personalizado-2\/","title":{"rendered":"Bolsa T\u00e9rmica Dupla Personalizada."},"content":{"rendered":"<pre id=\"item_referencia\">08287<\/pre>\n<p class=\"produto-nome\">Bolsa T\u00e9rmica Dupla Personalizada.<\/p>\n<div class=\"caracs\">\n<div class=\"desc\">\n<p class=\"desc-tit\">Descri\u00e7\u00e3o:\u00a0<span class=\"desc-sub my-desc-sub\">Bolsa t\u00e9rmica dupla em poli\u00e9ster 300D resistente \u00e0 \u00e1gua e capacidade total de 12 litros. Possui dois compartimentos t\u00e9rmicos: um inferior, com revestimento em PEVA que comporta at\u00e9 9 litros e outro, em alum\u00ednio, com espa\u00e7o para at\u00e9 3 litros.. Conta ainda com bolso frontal, bolsos laterais em tela, al\u00e7as de m\u00e3o com suporte de juntura e al\u00e7a transversal regul\u00e1vel e remov\u00edvel.<\/span><\/p>\n<\/div>\n<div class=\"desc\">\n<p class=\"desc-tit\">Altura<span class=\"desc-sub\">\u00a0:\u00a0 28 cm<\/span><\/p>\n<\/div>\n<div class=\"desc\">\n<p class=\"desc-tit\">Largura<span class=\"desc-sub\">\u00a0:\u00a0 24,5 cm<\/span><\/p>\n<\/div>\n<div class=\"desc\">\n<p class=\"desc-tit\">Profundidade<span class=\"desc-sub\">\u00a0:\u00a0 17,5 cm<\/span><\/p>\n<\/div>\n<div class=\"desc\">\n<p class=\"desc-tit\">Medidas aproximadas para grava\u00e7\u00e3o<span class=\"desc-sub\">\u00a0(CxL):\u00a0 15 cm x 20 cm<\/span><\/p>\n<\/div>\n<div class=\"desc\">\n<p class=\"desc-tit\">Peso aproximado<span class=\"desc-sub\">\u00a0(g):\u00a0 291<\/span><\/p>\n<\/div>\n<\/div>\n","protected":false},"excerpt":{"rendered":"<p>08287 Bolsa T\u00e9rmica Dupla Personalizada. Descri\u00e7\u00e3o:\u00a0Bolsa t\u00e9rmica dupla em poli\u00e9ster 300D resistente \u00e0 \u00e1gua e capacidade total de 12 litros. Possui dois compartimentos t\u00e9rmicos: um inferior,<span class=\"excerpt-hellip\"> [\u2026]<\/span><\/p>\n","protected":false},"featured_media":6237,"comment_status":"closed","ping_status":"closed","template":"","meta":[],"product_cat":[145],"product_tag":[2358,358,2359,655],"class_list":["post-4766","product","type-product","status-publish","has-post-thumbnail","hentry","product_cat-bolsas-termicas-e-coolers","product_tag-bolsa-termica-dupla-personalizada","product_tag-bolsa-termica-personalizada","product_tag-brindes-bem-estar","product_tag-brindes-verao"],"_links":{"self":[{"href":"https:\/\/vohnabrindes.com.br\/index.php\/wp-json\/wp\/v2\/product\/4766","targetHints":{"allow":["GET"]}}],"collection":[{"href":"https:\/\/vohnabrindes.com.br\/index.php\/wp-json\/wp\/v2\/product"}],"about":[{"href":"https:\/\/vohnabrindes.com.br\/index.php\/wp-json\/wp\/v2\/types\/product"}],"replies":[{"embeddable":true,"href":"https:\/\/vohnabrindes.com.br\/index.php\/wp-json\/wp\/v2\/comments?post=4766"}],"version-history":[{"count":2,"href":"https:\/\/vohnabrindes.com.br\/index.php\/wp-json\/wp\/v2\/product\/4766\/revisions"}],"predecessor-version":[{"id":6238,"href":"https:\/\/vohnabrindes.com.br\/index.php\/wp-json\/wp\/v2\/product\/4766\/revisions\/6238"}],"wp:featuredmedia":[{"embeddable":true,"href":"https:\/\/vohnabrindes.com.br\/index.php\/wp-json\/wp\/v2\/media\/6237"}],"wp:attachment":[{"href":"https:\/\/vohnabrindes.com.br\/index.php\/wp-json\/wp\/v2\/media?parent=4766"}],"wp:term":[{"taxonomy":"product_cat","embeddable":true,"href":"https:\/\/vohnabrindes.com.br\/index.php\/wp-json\/wp\/v2\/product_cat?post=4766"},{"taxonomy":"product_tag","embeddable":true,"href":"https:\/\/vohnabrindes.com.br\/index.php\/wp-json\/wp\/v2\/product_tag?post=4766"}],"curies":[{"name":"wp","href":"https:\/\/api.w.org\/{rel}","templated":true}]}}