{"id":4767,"date":"2025-05-30T21:39:18","date_gmt":"2025-05-31T00:39:18","guid":{"rendered":"https:\/\/vohnabrindes.com.br\/?post_type=product&#038;p=4767"},"modified":"2025-05-30T21:39:19","modified_gmt":"2025-05-31T00:39:19","slug":"conjunto-para-servir-aperitivos-personalizado","status":"publish","type":"product","link":"https:\/\/vohnabrindes.com.br\/index.php\/product\/conjunto-para-servir-aperitivos-personalizado\/","title":{"rendered":"Conjunto para servir aperitivos personalizado."},"content":{"rendered":"<div class=\"ref\">94028-CAPPERO.<\/div>\n<div class=\"ref\">Conjunto para servir aperitivos<\/div>\n<div class=\"texto\">Conjunto com t\u00e1bua de corte e pequena faca de queijo em bambu.<\/div>\n<div class=\"texto\">Certifica\u00e7\u00e3o EU Food Grade. Fornecido em caixa presente de papel kraft.<\/div>\n<div class=\"texto\">dimens\u00f5es:143 x 200 x 10 mm | Caixa: 150 x 205 x 32 mm<\/div>\n","protected":false},"excerpt":{"rendered":"<p>94028-CAPPERO. Conjunto para servir aperitivos Conjunto com t\u00e1bua de corte e pequena faca de queijo em bambu. Certifica\u00e7\u00e3o EU Food Grade. Fornecido em caixa presente de<span class=\"excerpt-hellip\"> [\u2026]<\/span><\/p>\n","protected":false},"featured_media":1703,"comment_status":"open","ping_status":"closed","template":"","meta":[],"product_cat":[561,275],"product_tag":[611,605],"class_list":["post-4767","product","type-product","status-publish","has-post-thumbnail","hentry","product_cat-kit-queijo-e-pizza","product_cat-linha-gourmet","product_tag-conjunto-para-servir-aperitivos-personalizado","product_tag-kit-queijo-personalizado"],"_links":{"self":[{"href":"https:\/\/vohnabrindes.com.br\/index.php\/wp-json\/wp\/v2\/product\/4767","targetHints":{"allow":["GET"]}}],"collection":[{"href":"https:\/\/vohnabrindes.com.br\/index.php\/wp-json\/wp\/v2\/product"}],"about":[{"href":"https:\/\/vohnabrindes.com.br\/index.php\/wp-json\/wp\/v2\/types\/product"}],"replies":[{"embeddable":true,"href":"https:\/\/vohnabrindes.com.br\/index.php\/wp-json\/wp\/v2\/comments?post=4767"}],"version-history":[{"count":1,"href":"https:\/\/vohnabrindes.com.br\/index.php\/wp-json\/wp\/v2\/product\/4767\/revisions"}],"predecessor-version":[{"id":4797,"href":"https:\/\/vohnabrindes.com.br\/index.php\/wp-json\/wp\/v2\/product\/4767\/revisions\/4797"}],"wp:featuredmedia":[{"embeddable":true,"href":"https:\/\/vohnabrindes.com.br\/index.php\/wp-json\/wp\/v2\/media\/1703"}],"wp:attachment":[{"href":"https:\/\/vohnabrindes.com.br\/index.php\/wp-json\/wp\/v2\/media?parent=4767"}],"wp:term":[{"taxonomy":"product_cat","embeddable":true,"href":"https:\/\/vohnabrindes.com.br\/index.php\/wp-json\/wp\/v2\/product_cat?post=4767"},{"taxonomy":"product_tag","embeddable":true,"href":"https:\/\/vohnabrindes.com.br\/index.php\/wp-json\/wp\/v2\/product_tag?post=4767"}],"curies":[{"name":"wp","href":"https:\/\/api.w.org\/{rel}","templated":true}]}}