{"id":4770,"date":"2025-05-30T21:39:18","date_gmt":"2025-05-31T00:39:18","guid":{"rendered":"https:\/\/vohnabrindes.com.br\/?post_type=product&#038;p=4770"},"modified":"2025-05-30T21:39:20","modified_gmt":"2025-05-31T00:39:20","slug":"conjunto-de-saca-rolhas-eletrico-personalizado","status":"publish","type":"product","link":"https:\/\/vohnabrindes.com.br\/index.php\/product\/conjunto-de-saca-rolhas-eletrico-personalizado\/","title":{"rendered":"Conjunto de saca rolhas el\u00e9trico personalizado."},"content":{"rendered":"<div class=\"ref\">94248-WINERY.<\/div>\n<div class=\"ref\"><\/div>\n<div class=\"texto\">Conjunto de saca rolhas el\u00e9trico e acess\u00f3rios em ABS e TPE.<\/div>\n<div class=\"texto\">Incluso corta c\u00e1psulas, rolha de v\u00e1cuo e salva-gotas.<\/div>\n<div class=\"texto\">Com pilhas inclusas. Fornecido com caixa presente.<\/div>\n<div class=\"texto\">Saca rolhas: 45 x 227 mm | Caixa: 241 x 90 x 54 mm<\/div>\n","protected":false},"excerpt":{"rendered":"<p>94248-WINERY. Conjunto de saca rolhas el\u00e9trico e acess\u00f3rios em ABS e TPE. Incluso corta c\u00e1psulas, rolha de v\u00e1cuo e salva-gotas. Com pilhas inclusas. Fornecido com caixa<span class=\"excerpt-hellip\"> [\u2026]<\/span><\/p>\n","protected":false},"featured_media":1709,"comment_status":"open","ping_status":"closed","template":"","meta":[],"product_cat":[448],"product_tag":[613,614],"class_list":["post-4770","product","type-product","status-publish","has-post-thumbnail","hentry","product_cat-kit-vinho-bar-e-comemoracao","product_tag-conjunto-de-saca-rolhas-eletrico","product_tag-conjunto-de-saca-rolhas-eletrico-personalizado"],"_links":{"self":[{"href":"https:\/\/vohnabrindes.com.br\/index.php\/wp-json\/wp\/v2\/product\/4770","targetHints":{"allow":["GET"]}}],"collection":[{"href":"https:\/\/vohnabrindes.com.br\/index.php\/wp-json\/wp\/v2\/product"}],"about":[{"href":"https:\/\/vohnabrindes.com.br\/index.php\/wp-json\/wp\/v2\/types\/product"}],"replies":[{"embeddable":true,"href":"https:\/\/vohnabrindes.com.br\/index.php\/wp-json\/wp\/v2\/comments?post=4770"}],"version-history":[{"count":1,"href":"https:\/\/vohnabrindes.com.br\/index.php\/wp-json\/wp\/v2\/product\/4770\/revisions"}],"predecessor-version":[{"id":4800,"href":"https:\/\/vohnabrindes.com.br\/index.php\/wp-json\/wp\/v2\/product\/4770\/revisions\/4800"}],"wp:featuredmedia":[{"embeddable":true,"href":"https:\/\/vohnabrindes.com.br\/index.php\/wp-json\/wp\/v2\/media\/1709"}],"wp:attachment":[{"href":"https:\/\/vohnabrindes.com.br\/index.php\/wp-json\/wp\/v2\/media?parent=4770"}],"wp:term":[{"taxonomy":"product_cat","embeddable":true,"href":"https:\/\/vohnabrindes.com.br\/index.php\/wp-json\/wp\/v2\/product_cat?post=4770"},{"taxonomy":"product_tag","embeddable":true,"href":"https:\/\/vohnabrindes.com.br\/index.php\/wp-json\/wp\/v2\/product_tag?post=4770"}],"curies":[{"name":"wp","href":"https:\/\/api.w.org\/{rel}","templated":true}]}}