{"id":4772,"date":"2025-05-30T21:39:18","date_gmt":"2025-05-31T00:39:18","guid":{"rendered":"https:\/\/vohnabrindes.com.br\/?post_type=product&#038;p=4772"},"modified":"2026-03-03T16:30:20","modified_gmt":"2026-03-03T19:30:20","slug":"kit-vinho-luxo-personalizado-ecologicamente-correto-2","status":"publish","type":"product","link":"https:\/\/vohnabrindes.com.br\/index.php\/product\/kit-vinho-luxo-personalizado-ecologicamente-correto-2\/","title":{"rendered":"Bolsa esportiva em formato cil\u00edndrico personalizada."},"content":{"rendered":"<div class=\"ref\">92573-OSASCO SPORT.<\/div>\n<div class=\"ref\">Bolsa esportiva em formato cil\u00edndrico personalizada.<\/div>\n<div class=\"texto\">Bolsa esportiva em formato cil\u00edndrico adequado para levar o imprescind\u00edvel para os seus treinos e atividades. Composto por poli\u00e9ster reciclado 600D de alta densidade com revestimento resistente \u00e0 \u00e1gua e forro em poli\u00e9ster reciclado 210D. Possui um compartimento principal espa\u00e7oso para o seu equipamento, um compartimento lateral para sapatos ou sapatilhas e um bolso frontal. Com pegas refor\u00e7adas e almofadadas, e uma al\u00e7a, remov\u00edvel, em webbing com acolchoamento, tornam o transporte desta bolsa mais pr\u00e1tica. Na parte posterior, incorpora uma al\u00e7a para trolley. Os fechos da mochila s\u00e3o imperme\u00e1veis garantindo uma maior prote\u00e7\u00e3o.<\/div>\n<div class=\"texto\">Capacidade at\u00e9 32 L.<\/div>\n<div class=\"texto\">dimens\u00f5es: \u00d8280 x 490 mm<\/div>\n","protected":false},"excerpt":{"rendered":"<p>92573-OSASCO SPORT. Bolsa esportiva em formato cil\u00edndrico personalizada. Bolsa esportiva em formato cil\u00edndrico adequado para levar o imprescind\u00edvel para os seus treinos e atividades. Composto por<span class=\"excerpt-hellip\"> [\u2026]<\/span><\/p>\n","protected":false},"featured_media":6241,"comment_status":"closed","ping_status":"closed","template":"","meta":[],"product_cat":[312],"product_tag":[2361,313],"class_list":["post-4772","product","type-product","status-publish","has-post-thumbnail","hentry","product_cat-mochilas-saco-e-bolsas-esportivas","product_tag-bolsa-esportiva-em-formato-cilindrico-personalizada","product_tag-bolsa-esportiva-personalizada"],"_links":{"self":[{"href":"https:\/\/vohnabrindes.com.br\/index.php\/wp-json\/wp\/v2\/product\/4772","targetHints":{"allow":["GET"]}}],"collection":[{"href":"https:\/\/vohnabrindes.com.br\/index.php\/wp-json\/wp\/v2\/product"}],"about":[{"href":"https:\/\/vohnabrindes.com.br\/index.php\/wp-json\/wp\/v2\/types\/product"}],"replies":[{"embeddable":true,"href":"https:\/\/vohnabrindes.com.br\/index.php\/wp-json\/wp\/v2\/comments?post=4772"}],"version-history":[{"count":2,"href":"https:\/\/vohnabrindes.com.br\/index.php\/wp-json\/wp\/v2\/product\/4772\/revisions"}],"predecessor-version":[{"id":6242,"href":"https:\/\/vohnabrindes.com.br\/index.php\/wp-json\/wp\/v2\/product\/4772\/revisions\/6242"}],"wp:featuredmedia":[{"embeddable":true,"href":"https:\/\/vohnabrindes.com.br\/index.php\/wp-json\/wp\/v2\/media\/6241"}],"wp:attachment":[{"href":"https:\/\/vohnabrindes.com.br\/index.php\/wp-json\/wp\/v2\/media?parent=4772"}],"wp:term":[{"taxonomy":"product_cat","embeddable":true,"href":"https:\/\/vohnabrindes.com.br\/index.php\/wp-json\/wp\/v2\/product_cat?post=4772"},{"taxonomy":"product_tag","embeddable":true,"href":"https:\/\/vohnabrindes.com.br\/index.php\/wp-json\/wp\/v2\/product_tag?post=4772"}],"curies":[{"name":"wp","href":"https:\/\/api.w.org\/{rel}","templated":true}]}}