{"id":4778,"date":"2025-05-30T21:39:18","date_gmt":"2025-05-31T00:39:18","guid":{"rendered":"https:\/\/vohnabrindes.com.br\/?post_type=product&#038;p=4778"},"modified":"2026-03-03T16:30:20","modified_gmt":"2026-03-03T19:30:20","slug":"kit-vinho-garrafa-4-pecas-personalizado","status":"publish","type":"product","link":"https:\/\/vohnabrindes.com.br\/index.php\/product\/kit-vinho-garrafa-4-pecas-personalizado\/","title":{"rendered":"Bolsa Couro Sint\u00e9tico Personalizada."},"content":{"rendered":"<pre id=\"item_referencia\">09603<\/pre>\n<p class=\"produto-nome\">Bolsa Couro Sint\u00e9tico Personalizada.<\/p>\n<div class=\"caracs\">\n<div class=\"desc\">\n<p class=\"desc-tit\">Descri\u00e7\u00e3o:\u00a0<span class=\"desc-sub my-desc-sub\">Bolsa confeccionada em filme sint\u00e9tico tipo couro imperme\u00e1vel com capacidade de at\u00e9 25 litros. Possui compartimento interno amplo com bolso em tela e fechamento em z\u00edper, al\u00e9m de quatro bolsos externos de tamanhos variados e fechamento em z\u00edper e um em tela com el\u00e1stico. Apresenta al\u00e7as de m\u00e3o com suporte de juntura e um par de al\u00e7as ocultas na parte inferior da bolsa, que permitem seu uso como mochila. Cont\u00e9m al\u00e7a transversal remov\u00edvel.<\/span><\/p>\n<\/div>\n<div class=\"desc\">\n<p class=\"desc-tit\">Altura<span class=\"desc-sub\">\u00a0:\u00a0 22,5 cm<\/span><\/p>\n<\/div>\n<div class=\"desc\">\n<p class=\"desc-tit\">Largura<span class=\"desc-sub\">\u00a0:\u00a0 48 cm<\/span><\/p>\n<\/div>\n<div class=\"desc\">\n<p class=\"desc-tit\">Profundidade<span class=\"desc-sub\">\u00a0:\u00a0 25 cm<\/span><\/p>\n<\/div>\n<div class=\"desc\">\n<p class=\"desc-tit\">Medidas aproximadas para grava\u00e7\u00e3o<span class=\"desc-sub\">\u00a0(CxL):\u00a0 10 cm x 20 cm<\/span><\/p>\n<\/div>\n<div class=\"desc\">\n<p class=\"desc-tit\">Peso aproximado<span class=\"desc-sub\">\u00a0(g):\u00a0 868<\/span><\/p>\n<\/div>\n<\/div>\n","protected":false},"excerpt":{"rendered":"<p>09603 Bolsa Couro Sint\u00e9tico Personalizada. Descri\u00e7\u00e3o:\u00a0Bolsa confeccionada em filme sint\u00e9tico tipo couro imperme\u00e1vel com capacidade de at\u00e9 25 litros. Possui compartimento interno amplo com bolso em<span class=\"excerpt-hellip\"> [\u2026]<\/span><\/p>\n","protected":false},"featured_media":6245,"comment_status":"closed","ping_status":"closed","template":"","meta":[],"product_cat":[312],"product_tag":[2315,313,314],"class_list":["post-4778","product","type-product","status-publish","has-post-thumbnail","hentry","product_cat-mochilas-saco-e-bolsas-esportivas","product_tag-bolsa-couro-sintetico-personalizada","product_tag-bolsa-esportiva-personalizada","product_tag-bolsa-personalizada"],"_links":{"self":[{"href":"https:\/\/vohnabrindes.com.br\/index.php\/wp-json\/wp\/v2\/product\/4778","targetHints":{"allow":["GET"]}}],"collection":[{"href":"https:\/\/vohnabrindes.com.br\/index.php\/wp-json\/wp\/v2\/product"}],"about":[{"href":"https:\/\/vohnabrindes.com.br\/index.php\/wp-json\/wp\/v2\/types\/product"}],"replies":[{"embeddable":true,"href":"https:\/\/vohnabrindes.com.br\/index.php\/wp-json\/wp\/v2\/comments?post=4778"}],"version-history":[{"count":2,"href":"https:\/\/vohnabrindes.com.br\/index.php\/wp-json\/wp\/v2\/product\/4778\/revisions"}],"predecessor-version":[{"id":6246,"href":"https:\/\/vohnabrindes.com.br\/index.php\/wp-json\/wp\/v2\/product\/4778\/revisions\/6246"}],"wp:featuredmedia":[{"embeddable":true,"href":"https:\/\/vohnabrindes.com.br\/index.php\/wp-json\/wp\/v2\/media\/6245"}],"wp:attachment":[{"href":"https:\/\/vohnabrindes.com.br\/index.php\/wp-json\/wp\/v2\/media?parent=4778"}],"wp:term":[{"taxonomy":"product_cat","embeddable":true,"href":"https:\/\/vohnabrindes.com.br\/index.php\/wp-json\/wp\/v2\/product_cat?post=4778"},{"taxonomy":"product_tag","embeddable":true,"href":"https:\/\/vohnabrindes.com.br\/index.php\/wp-json\/wp\/v2\/product_tag?post=4778"}],"curies":[{"name":"wp","href":"https:\/\/api.w.org\/{rel}","templated":true}]}}