{"id":4779,"date":"2025-05-30T21:39:18","date_gmt":"2025-05-31T00:39:18","guid":{"rendered":"https:\/\/vohnabrindes.com.br\/?post_type=product&#038;p=4779"},"modified":"2025-05-30T21:39:20","modified_gmt":"2025-05-31T00:39:20","slug":"sacola-com-algodao-reciclado-dobravel-personalizada","status":"publish","type":"product","link":"https:\/\/vohnabrindes.com.br\/index.php\/product\/sacola-com-algodao-reciclado-dobravel-personalizada\/","title":{"rendered":"Sacola com algod\u00e3o reciclado dobr\u00e1vel personalizada."},"content":{"rendered":"<div class=\"ref\">92332-BEIRUT.<\/div>\n<div class=\"ref\">Sacola com algod\u00e3o reciclado<\/div>\n<div class=\"texto\">Sacola dobr\u00e1vel em algod\u00e3o (140 g\/m\u00b2) composta por 50% algod\u00e3o e 50% algod\u00e3o reciclado, com al\u00e7as de 38 cm.<\/div>\n<div class=\"texto\">dimens\u00f5es: Aberto: 380 x 470 mm | Dobrado: 135 x 205 mm<\/div>\n","protected":false},"excerpt":{"rendered":"<p>92332-BEIRUT. Sacola com algod\u00e3o reciclado Sacola dobr\u00e1vel em algod\u00e3o (140 g\/m\u00b2) composta por 50% algod\u00e3o e 50% algod\u00e3o reciclado, com al\u00e7as de 38 cm. dimens\u00f5es: Aberto:<span class=\"excerpt-hellip\"> [\u2026]<\/span><\/p>\n","protected":false},"featured_media":1727,"comment_status":"open","ping_status":"closed","template":"","meta":[],"product_cat":[126,210],"product_tag":[628,381,629],"class_list":["post-4779","product","type-product","status-publish","has-post-thumbnail","hentry","product_cat-linha-ecologica","product_cat-sacolas","product_tag-sacola-com-algodao-reciclado-dobravel-personalizada","product_tag-sacola-com-logomarca","product_tag-sacola-ecobag"],"_links":{"self":[{"href":"https:\/\/vohnabrindes.com.br\/index.php\/wp-json\/wp\/v2\/product\/4779","targetHints":{"allow":["GET"]}}],"collection":[{"href":"https:\/\/vohnabrindes.com.br\/index.php\/wp-json\/wp\/v2\/product"}],"about":[{"href":"https:\/\/vohnabrindes.com.br\/index.php\/wp-json\/wp\/v2\/types\/product"}],"replies":[{"embeddable":true,"href":"https:\/\/vohnabrindes.com.br\/index.php\/wp-json\/wp\/v2\/comments?post=4779"}],"version-history":[{"count":1,"href":"https:\/\/vohnabrindes.com.br\/index.php\/wp-json\/wp\/v2\/product\/4779\/revisions"}],"predecessor-version":[{"id":4809,"href":"https:\/\/vohnabrindes.com.br\/index.php\/wp-json\/wp\/v2\/product\/4779\/revisions\/4809"}],"wp:featuredmedia":[{"embeddable":true,"href":"https:\/\/vohnabrindes.com.br\/index.php\/wp-json\/wp\/v2\/media\/1727"}],"wp:attachment":[{"href":"https:\/\/vohnabrindes.com.br\/index.php\/wp-json\/wp\/v2\/media?parent=4779"}],"wp:term":[{"taxonomy":"product_cat","embeddable":true,"href":"https:\/\/vohnabrindes.com.br\/index.php\/wp-json\/wp\/v2\/product_cat?post=4779"},{"taxonomy":"product_tag","embeddable":true,"href":"https:\/\/vohnabrindes.com.br\/index.php\/wp-json\/wp\/v2\/product_tag?post=4779"}],"curies":[{"name":"wp","href":"https:\/\/api.w.org\/{rel}","templated":true}]}}