{"id":4781,"date":"2025-05-30T21:39:19","date_gmt":"2025-05-31T00:39:19","guid":{"rendered":"https:\/\/vohnabrindes.com.br\/?post_type=product&#038;p=4781"},"modified":"2026-03-03T16:30:20","modified_gmt":"2026-03-03T19:30:20","slug":"caixa-de-som-multimidia-personalizada","status":"publish","type":"product","link":"https:\/\/vohnabrindes.com.br\/index.php\/product\/caixa-de-som-multimidia-personalizada\/","title":{"rendered":"Mochila Personalizada."},"content":{"rendered":"<pre id=\"item_referencia\">15306<\/pre>\n<p class=\"produto-nome\">Mochila Poli\u00e9ster 18 Litros Personalizada.<\/p>\n<div class=\"caracs\">\n<div class=\"desc\">\n<p class=\"desc-tit\">Descri\u00e7\u00e3o:\u00a0<span class=\"desc-sub my-desc-sub\">Mochila confeccionada em Poli\u00e9ster PVC Mescla resistente \u00e0 \u00e1gua, detalhes em couro sint\u00e9tico, fechamento em z\u00edper e capacidade de at\u00e9 18 litros. Possui compartimento interno com divis\u00f3ria em tela de nylon, ideal para notebooks de at\u00e9 15,6 polegadas. Conta ainda com compartimento externo e dois bolsos laterais.<\/span><\/p>\n<\/div>\n<div class=\"desc\">\n<p class=\"desc-tit\">Altura<span class=\"desc-sub\">\u00a0:\u00a0 40,5 cm<\/span><\/p>\n<\/div>\n<div class=\"desc\">\n<p class=\"desc-tit\">Largura<span class=\"desc-sub\">\u00a0:\u00a0 30 cm<\/span><\/p>\n<\/div>\n<div class=\"desc\">\n<p class=\"desc-tit\">Espessura<span class=\"desc-sub\">\u00a0:\u00a0 12 cm<\/span><\/p>\n<\/div>\n<div class=\"desc\">\n<p class=\"desc-tit\">Medidas aproximadas para grava\u00e7\u00e3o<span class=\"desc-sub\">\u00a0(CxL):\u00a0 22 cm x 26 cm<\/span><\/p>\n<\/div>\n<div class=\"desc\">\n<p class=\"desc-tit\">Peso aproximado<span class=\"desc-sub\">\u00a0(g):\u00a0 445<\/span><\/p>\n<\/div>\n<\/div>\n","protected":false},"excerpt":{"rendered":"<p>15306 Mochila Poli\u00e9ster 18 Litros Personalizada. Descri\u00e7\u00e3o:\u00a0Mochila confeccionada em Poli\u00e9ster PVC Mescla resistente \u00e0 \u00e1gua, detalhes em couro sint\u00e9tico, fechamento em z\u00edper e capacidade de at\u00e9<span class=\"excerpt-hellip\"> [\u2026]<\/span><\/p>\n","protected":false},"featured_media":6247,"comment_status":"closed","ping_status":"closed","template":"","meta":[],"product_cat":[171],"product_tag":[1184,181,2339],"class_list":["post-4781","product","type-product","status-publish","has-post-thumbnail","hentry","product_cat-mochilas-e-malas","product_tag-mochila-executiva-personalizada","product_tag-mochila-personalizada","product_tag-mochila-poliester-18-litros-personalizada"],"_links":{"self":[{"href":"https:\/\/vohnabrindes.com.br\/index.php\/wp-json\/wp\/v2\/product\/4781","targetHints":{"allow":["GET"]}}],"collection":[{"href":"https:\/\/vohnabrindes.com.br\/index.php\/wp-json\/wp\/v2\/product"}],"about":[{"href":"https:\/\/vohnabrindes.com.br\/index.php\/wp-json\/wp\/v2\/types\/product"}],"replies":[{"embeddable":true,"href":"https:\/\/vohnabrindes.com.br\/index.php\/wp-json\/wp\/v2\/comments?post=4781"}],"version-history":[{"count":2,"href":"https:\/\/vohnabrindes.com.br\/index.php\/wp-json\/wp\/v2\/product\/4781\/revisions"}],"predecessor-version":[{"id":6248,"href":"https:\/\/vohnabrindes.com.br\/index.php\/wp-json\/wp\/v2\/product\/4781\/revisions\/6248"}],"wp:featuredmedia":[{"embeddable":true,"href":"https:\/\/vohnabrindes.com.br\/index.php\/wp-json\/wp\/v2\/media\/6247"}],"wp:attachment":[{"href":"https:\/\/vohnabrindes.com.br\/index.php\/wp-json\/wp\/v2\/media?parent=4781"}],"wp:term":[{"taxonomy":"product_cat","embeddable":true,"href":"https:\/\/vohnabrindes.com.br\/index.php\/wp-json\/wp\/v2\/product_cat?post=4781"},{"taxonomy":"product_tag","embeddable":true,"href":"https:\/\/vohnabrindes.com.br\/index.php\/wp-json\/wp\/v2\/product_tag?post=4781"}],"curies":[{"name":"wp","href":"https:\/\/api.w.org\/{rel}","templated":true}]}}