{"id":4782,"date":"2025-05-30T21:39:19","date_gmt":"2025-05-31T00:39:19","guid":{"rendered":"https:\/\/vohnabrindes.com.br\/?post_type=product&#038;p=4782"},"modified":"2025-05-30T21:39:21","modified_gmt":"2025-05-31T00:39:21","slug":"caixa-de-som-multimidia-a-prova-dagua-personalizada","status":"publish","type":"product","link":"https:\/\/vohnabrindes.com.br\/index.php\/product\/caixa-de-som-multimidia-a-prova-dagua-personalizada\/","title":{"rendered":"Caixa de Som Multim\u00eddia \u00e0 prova D\u2019\u00c1gua personalizada."},"content":{"rendered":"<pre id=\"item_referencia\">12926<\/pre>\n<p class=\"produto-nome\">Caixa de Som Multim\u00eddia \u00e0 prova D\u2019\u00c1gua<\/p>\n<div class=\"caracs\">\n<div class=\"desc\">\n<p class=\"desc-tit\"><span class=\"desc-sub my-desc-sub\">Caixa de Som Multim\u00eddia \u00e0 prova D\u2019\u00c1gua emborrachada com ventosa(pode ser removida). Possui play\/pause no centro e bot\u00e3o com desenho de telefone deve ser apertado para atender liga\u00e7\u00f5es. Comp\u00e1tivel com Iphone, Ipad, Ipod, aparelhos de celular e tablets. Acompanha cabo.<\/span><\/p>\n<\/div>\n<div class=\"desc\">\n<p class=\"desc-tit\">Altura<span class=\"desc-sub\">\u00a0:\u00a0 8,5cm<\/span><\/p>\n<\/div>\n<div class=\"desc\">\n<p class=\"desc-tit\">Largura<span class=\"desc-sub\">\u00a0:\u00a0 8,5 cm<\/span><\/p>\n<\/div>\n<div class=\"desc\">\n<p class=\"desc-tit\">Espessura<span class=\"desc-sub\">\u00a0:\u00a0 4,9 cm<\/span><\/p>\n<\/div>\n<\/div>\n","protected":false},"excerpt":{"rendered":"<p>12926 Caixa de Som Multim\u00eddia \u00e0 prova D\u2019\u00c1gua Caixa de Som Multim\u00eddia \u00e0 prova D\u2019\u00c1gua emborrachada com ventosa(pode ser removida). Possui play\/pause no centro e bot\u00e3o<span class=\"excerpt-hellip\"> [\u2026]<\/span><\/p>\n","protected":false},"featured_media":1833,"comment_status":"open","ping_status":"closed","template":"","meta":[],"product_cat":[377],"product_tag":[640,378],"class_list":["post-4782","product","type-product","status-publish","has-post-thumbnail","hentry","product_cat-informatica-som-e-tecnologia","product_tag-caixa-de-som-multimidia-a-prova-dagua-personalizada","product_tag-caixa-de-som-personalizada"],"_links":{"self":[{"href":"https:\/\/vohnabrindes.com.br\/index.php\/wp-json\/wp\/v2\/product\/4782","targetHints":{"allow":["GET"]}}],"collection":[{"href":"https:\/\/vohnabrindes.com.br\/index.php\/wp-json\/wp\/v2\/product"}],"about":[{"href":"https:\/\/vohnabrindes.com.br\/index.php\/wp-json\/wp\/v2\/types\/product"}],"replies":[{"embeddable":true,"href":"https:\/\/vohnabrindes.com.br\/index.php\/wp-json\/wp\/v2\/comments?post=4782"}],"version-history":[{"count":1,"href":"https:\/\/vohnabrindes.com.br\/index.php\/wp-json\/wp\/v2\/product\/4782\/revisions"}],"predecessor-version":[{"id":4812,"href":"https:\/\/vohnabrindes.com.br\/index.php\/wp-json\/wp\/v2\/product\/4782\/revisions\/4812"}],"wp:featuredmedia":[{"embeddable":true,"href":"https:\/\/vohnabrindes.com.br\/index.php\/wp-json\/wp\/v2\/media\/1833"}],"wp:attachment":[{"href":"https:\/\/vohnabrindes.com.br\/index.php\/wp-json\/wp\/v2\/media?parent=4782"}],"wp:term":[{"taxonomy":"product_cat","embeddable":true,"href":"https:\/\/vohnabrindes.com.br\/index.php\/wp-json\/wp\/v2\/product_cat?post=4782"},{"taxonomy":"product_tag","embeddable":true,"href":"https:\/\/vohnabrindes.com.br\/index.php\/wp-json\/wp\/v2\/product_tag?post=4782"}],"curies":[{"name":"wp","href":"https:\/\/api.w.org\/{rel}","templated":true}]}}