{"id":4783,"date":"2025-05-30T21:39:19","date_gmt":"2025-05-31T00:39:19","guid":{"rendered":"https:\/\/vohnabrindes.com.br\/?post_type=product&#038;p=4783"},"modified":"2025-05-30T21:39:21","modified_gmt":"2025-05-31T00:39:21","slug":"caixa-de-som-multimidia-com-relogio-personalizada","status":"publish","type":"product","link":"https:\/\/vohnabrindes.com.br\/index.php\/product\/caixa-de-som-multimidia-com-relogio-personalizada\/","title":{"rendered":"Caixa de Som Multim\u00eddia com Rel\u00f3gio personalizada."},"content":{"rendered":"<pre id=\"item_referencia\">04064<\/pre>\n<p class=\"produto-nome\"><span class=\"desc-sub my-desc-sub\">Caixa de som multim\u00eddia com rel\u00f3gio despertador. Produzida em pl\u00e1stico e com borrachas antiderrapantes na \u00e1rea inferior, a caixa de som tem bateria de longa dura\u00e7\u00e3o, display de LED na \u00e1rea frontal, e anel de led brilhante na parte superior. A caixa de som executa nos modos bluetooth, r\u00e1dio FM, cart\u00e3o TF-microSD e entrada auxiliar P2. Acompanha cabo USB e manual em ingl\u00eas e chin\u00eas.<\/span><\/p>\n<div class=\"caracs\">\n<div class=\"desc\">\n<p class=\"desc-tit\">Altura<span class=\"desc-sub\">\u00a0:\u00a0 9 cm<\/span><\/p>\n<\/div>\n<div class=\"desc\">\n<p class=\"desc-tit\">Largura<span class=\"desc-sub\">\u00a0:\u00a0 7,7 cm<\/span><\/p>\n<\/div>\n<div class=\"desc\">\n<p class=\"desc-tit\">Circunfer\u00eancia<span class=\"desc-sub\">\u00a0:\u00a0 23,9 cm<\/span><\/p>\n<\/div>\n<\/div>\n","protected":false},"excerpt":{"rendered":"<p>04064 Caixa de som multim\u00eddia com rel\u00f3gio despertador. Produzida em pl\u00e1stico e com borrachas antiderrapantes na \u00e1rea inferior, a caixa de som tem bateria de longa<span class=\"excerpt-hellip\"> [\u2026]<\/span><\/p>\n","protected":false},"featured_media":1835,"comment_status":"open","ping_status":"closed","template":"","meta":[],"product_cat":[377],"product_tag":[641,378],"class_list":["post-4783","product","type-product","status-publish","has-post-thumbnail","hentry","product_cat-informatica-som-e-tecnologia","product_tag-caixa-de-som-multimidia-com-relogio-personalizada","product_tag-caixa-de-som-personalizada"],"_links":{"self":[{"href":"https:\/\/vohnabrindes.com.br\/index.php\/wp-json\/wp\/v2\/product\/4783","targetHints":{"allow":["GET"]}}],"collection":[{"href":"https:\/\/vohnabrindes.com.br\/index.php\/wp-json\/wp\/v2\/product"}],"about":[{"href":"https:\/\/vohnabrindes.com.br\/index.php\/wp-json\/wp\/v2\/types\/product"}],"replies":[{"embeddable":true,"href":"https:\/\/vohnabrindes.com.br\/index.php\/wp-json\/wp\/v2\/comments?post=4783"}],"version-history":[{"count":1,"href":"https:\/\/vohnabrindes.com.br\/index.php\/wp-json\/wp\/v2\/product\/4783\/revisions"}],"predecessor-version":[{"id":4813,"href":"https:\/\/vohnabrindes.com.br\/index.php\/wp-json\/wp\/v2\/product\/4783\/revisions\/4813"}],"wp:featuredmedia":[{"embeddable":true,"href":"https:\/\/vohnabrindes.com.br\/index.php\/wp-json\/wp\/v2\/media\/1835"}],"wp:attachment":[{"href":"https:\/\/vohnabrindes.com.br\/index.php\/wp-json\/wp\/v2\/media?parent=4783"}],"wp:term":[{"taxonomy":"product_cat","embeddable":true,"href":"https:\/\/vohnabrindes.com.br\/index.php\/wp-json\/wp\/v2\/product_cat?post=4783"},{"taxonomy":"product_tag","embeddable":true,"href":"https:\/\/vohnabrindes.com.br\/index.php\/wp-json\/wp\/v2\/product_tag?post=4783"}],"curies":[{"name":"wp","href":"https:\/\/api.w.org\/{rel}","templated":true}]}}