{"id":4784,"date":"2025-05-30T21:39:19","date_gmt":"2025-05-31T00:39:19","guid":{"rendered":"https:\/\/vohnabrindes.com.br\/?post_type=product&#038;p=4784"},"modified":"2026-03-03T16:30:21","modified_gmt":"2026-03-03T19:30:21","slug":"caixa-de-som-portatil-personalizada","status":"publish","type":"product","link":"https:\/\/vohnabrindes.com.br\/index.php\/product\/caixa-de-som-portatil-personalizada\/","title":{"rendered":"Bolsa T\u00e9rmica 31 Litros Personalizada."},"content":{"rendered":"<h6 id=\"item_referencia\">08327<\/h6>\n<p class=\"produto-nome\">Bolsa T\u00e9rmica 31 Litros Personalizada.<\/p>\n<div class=\"caracs\">\n<div class=\"desc\">\n<p class=\"desc-tit\">Descri\u00e7\u00e3o:\u00a0<span class=\"desc-sub my-desc-sub\">Bolsa t\u00e9rmica confeccionada em Oxford imperme\u00e1vel, fechamento em velcro e capacidade m\u00e1xima de 31 litros. Conta com arma\u00e7\u00e3o interna em placa de PVC e jun\u00e7\u00e3o inferior em velcro, que facilita o transporte quando a bolsa n\u00e3o estiver em uso. Possui revestimento t\u00e9rmico interno em folha de alum\u00ednio e um par de al\u00e7as de nylon para transporte.<\/span><\/p>\n<\/div>\n<div class=\"desc\">\n<p class=\"desc-tit\">Altura<span class=\"desc-sub\">\u00a0:\u00a0 32,5 cm<\/span><\/p>\n<\/div>\n<div class=\"desc\">\n<p class=\"desc-tit\">Largura<span class=\"desc-sub\">\u00a0:\u00a0 33 cm<\/span><\/p>\n<\/div>\n<div class=\"desc\">\n<p class=\"desc-tit\">Profundidade<span class=\"desc-sub\">\u00a0:\u00a0 27 cm<\/span><\/p>\n<\/div>\n<div class=\"desc\">\n<p class=\"desc-tit\">Medidas aproximadas para grava\u00e7\u00e3o<span class=\"desc-sub\">\u00a0(CxL):\u00a0 21 cm x 11 cm<\/span><\/p>\n<\/div>\n<div class=\"desc\">\n<p class=\"desc-tit\">Peso aproximado<span class=\"desc-sub\">\u00a0(g):\u00a0 1210<\/span><\/p>\n<\/div>\n<\/div>\n","protected":false},"excerpt":{"rendered":"<p>08327 Bolsa T\u00e9rmica 31 Litros Personalizada. Descri\u00e7\u00e3o:\u00a0Bolsa t\u00e9rmica confeccionada em Oxford imperme\u00e1vel, fechamento em velcro e capacidade m\u00e1xima de 31 litros. Conta com arma\u00e7\u00e3o interna em<span class=\"excerpt-hellip\"> [\u2026]<\/span><\/p>\n","protected":false},"featured_media":6249,"comment_status":"closed","ping_status":"closed","template":"","meta":[],"product_cat":[145],"product_tag":[2362,358,2363],"class_list":["post-4784","product","type-product","status-publish","has-post-thumbnail","hentry","product_cat-bolsas-termicas-e-coolers","product_tag-bolsa-termica-31-litros-personalizada","product_tag-bolsa-termica-personalizada","product_tag-brindes-para-verao"],"_links":{"self":[{"href":"https:\/\/vohnabrindes.com.br\/index.php\/wp-json\/wp\/v2\/product\/4784","targetHints":{"allow":["GET"]}}],"collection":[{"href":"https:\/\/vohnabrindes.com.br\/index.php\/wp-json\/wp\/v2\/product"}],"about":[{"href":"https:\/\/vohnabrindes.com.br\/index.php\/wp-json\/wp\/v2\/types\/product"}],"replies":[{"embeddable":true,"href":"https:\/\/vohnabrindes.com.br\/index.php\/wp-json\/wp\/v2\/comments?post=4784"}],"version-history":[{"count":2,"href":"https:\/\/vohnabrindes.com.br\/index.php\/wp-json\/wp\/v2\/product\/4784\/revisions"}],"predecessor-version":[{"id":6250,"href":"https:\/\/vohnabrindes.com.br\/index.php\/wp-json\/wp\/v2\/product\/4784\/revisions\/6250"}],"wp:featuredmedia":[{"embeddable":true,"href":"https:\/\/vohnabrindes.com.br\/index.php\/wp-json\/wp\/v2\/media\/6249"}],"wp:attachment":[{"href":"https:\/\/vohnabrindes.com.br\/index.php\/wp-json\/wp\/v2\/media?parent=4784"}],"wp:term":[{"taxonomy":"product_cat","embeddable":true,"href":"https:\/\/vohnabrindes.com.br\/index.php\/wp-json\/wp\/v2\/product_cat?post=4784"},{"taxonomy":"product_tag","embeddable":true,"href":"https:\/\/vohnabrindes.com.br\/index.php\/wp-json\/wp\/v2\/product_tag?post=4784"}],"curies":[{"name":"wp","href":"https:\/\/api.w.org\/{rel}","templated":true}]}}