{"id":4788,"date":"2025-05-30T21:39:19","date_gmt":"2025-05-31T00:39:19","guid":{"rendered":"https:\/\/vohnabrindes.com.br\/?post_type=product&#038;p=4788"},"modified":"2025-05-30T21:39:21","modified_gmt":"2025-05-31T00:39:21","slug":"caneta-seringa-marca-texto-personalizada","status":"publish","type":"product","link":"https:\/\/vohnabrindes.com.br\/index.php\/product\/caneta-seringa-marca-texto-personalizada\/","title":{"rendered":"Caneta Seringa Marca Texto personalizada."},"content":{"rendered":"<pre id=\"item_referencia\">00006\r\n<span class=\"desc-sub my-desc-sub\">Caneta pl\u00e1stica formato seringa, cont\u00e9m marca texto e carga esferogr\u00e1fica azul, ambas com tampas protetoras.<\/span><\/pre>\n<div class=\"caracs\">\n<p class=\"desc-tit\">Altura<span class=\"desc-sub\"> :\u00a0 14,3 cm <\/span><\/p>\n<p class=\"desc-tit\">Largura<span class=\"desc-sub\">\u00a0:\u00a0 2,7 cm<\/span><\/p>\n<p class=\"desc-tit\">Medidas aproximadas para grava\u00e7\u00e3o<span class=\"desc-sub\">\u00a0(CxL):\u00a0 4 cm x 1,3 cm<\/span><\/p>\n<div class=\"desc\">\n<pre class=\"desc-tit\">Peso aproximado<span class=\"desc-sub\">\u00a0(g):\u00a0 15<\/span><\/pre>\n<\/div>\n<\/div>\n","protected":false},"excerpt":{"rendered":"<p>00006 Caneta pl\u00e1stica formato seringa, cont\u00e9m marca texto e carga esferogr\u00e1fica azul, ambas com tampas protetoras. Altura :\u00a0 14,3 cm Largura\u00a0:\u00a0 2,7 cm Medidas aproximadas para<span class=\"excerpt-hellip\"> [\u2026]<\/span><\/p>\n","protected":false},"featured_media":1853,"comment_status":"open","ping_status":"closed","template":"","meta":[],"product_cat":[636],"product_tag":[648,649],"class_list":["post-4788","product","type-product","status-publish","has-post-thumbnail","hentry","product_cat-caneta-marca-texto","product_tag-caneta-marca-texto-personalizada","product_tag-caneta-seringa-marca-texto"],"_links":{"self":[{"href":"https:\/\/vohnabrindes.com.br\/index.php\/wp-json\/wp\/v2\/product\/4788","targetHints":{"allow":["GET"]}}],"collection":[{"href":"https:\/\/vohnabrindes.com.br\/index.php\/wp-json\/wp\/v2\/product"}],"about":[{"href":"https:\/\/vohnabrindes.com.br\/index.php\/wp-json\/wp\/v2\/types\/product"}],"replies":[{"embeddable":true,"href":"https:\/\/vohnabrindes.com.br\/index.php\/wp-json\/wp\/v2\/comments?post=4788"}],"version-history":[{"count":1,"href":"https:\/\/vohnabrindes.com.br\/index.php\/wp-json\/wp\/v2\/product\/4788\/revisions"}],"predecessor-version":[{"id":4818,"href":"https:\/\/vohnabrindes.com.br\/index.php\/wp-json\/wp\/v2\/product\/4788\/revisions\/4818"}],"wp:featuredmedia":[{"embeddable":true,"href":"https:\/\/vohnabrindes.com.br\/index.php\/wp-json\/wp\/v2\/media\/1853"}],"wp:attachment":[{"href":"https:\/\/vohnabrindes.com.br\/index.php\/wp-json\/wp\/v2\/media?parent=4788"}],"wp:term":[{"taxonomy":"product_cat","embeddable":true,"href":"https:\/\/vohnabrindes.com.br\/index.php\/wp-json\/wp\/v2\/product_cat?post=4788"},{"taxonomy":"product_tag","embeddable":true,"href":"https:\/\/vohnabrindes.com.br\/index.php\/wp-json\/wp\/v2\/product_tag?post=4788"}],"curies":[{"name":"wp","href":"https:\/\/api.w.org\/{rel}","templated":true}]}}