{"id":4790,"date":"2025-05-30T21:39:19","date_gmt":"2025-05-31T00:39:19","guid":{"rendered":"https:\/\/vohnabrindes.com.br\/?post_type=product&#038;p=4790"},"modified":"2026-03-03T16:30:21","modified_gmt":"2026-03-03T19:30:21","slug":"caneta-marca-texto-5-cores-personalizada","status":"publish","type":"product","link":"https:\/\/vohnabrindes.com.br\/index.php\/product\/caneta-marca-texto-5-cores-personalizada\/","title":{"rendered":"Mochila antifurto ecol\u00f3gica personalizada."},"content":{"rendered":"<header id=\"top-menus\" class=\"loggedin\">\n<div id=\"bottom-menu\">\n<div class=\"full-page\"><\/div>\n<\/div>\n<\/header>\n<p><main id=\"content-wrap\" tabindex=\"-1\"><\/p>\n<div id=\"produto-detalhe\">\n<div class=\"full-page\">\n<div class=\"simulator-wrap\">\n<div class=\"left\">\n<div class=\"galery-mini owl owl-carousel owl-theme owl-loaded\">\n<div class=\"owl-stage-outer\">\n<div class=\"owl-stage\">\n<div class=\"owl-item cloned\">\n<div class=\"slide\"><\/div>\n<\/div>\n<\/div>\n<\/div>\n<\/div>\n<\/div>\n<div class=\"right\">\n<div class=\"precos\">92393-YANGON BPACK.<\/div>\n<div class=\"precos\">Mochila antifurto ecol\u00f3gica personalizada.<\/div>\n<div><\/div>\n<div class=\"main\">\n<div class=\"texto\">Mochila antirroubo com design \u00fanico pensado para garantir maior seguran\u00e7a aos seus dispositivos e documentos.<\/div>\n<div class=\"texto\">Composta em poli\u00e9ster reciclado (rPET) 600D twill, resistente \u00e0 \u00e1gua, com detalhes em PU e interior em poli\u00e9ster reciclado (rPET) 210D.<\/div>\n<div class=\"texto\">Possui um compartimento principal com bolso almofadado para notebook at\u00e9 17.3&#8243; e para tablet at\u00e9 10.5&#8243;, bolsos laterais e um compartimento frontal.<\/div>\n<div class=\"texto\">A mochila oferece-lhe um maior conforto nas suas viagens devido \u00e0 sua pega superior almofadada e parte posterior com acolchoamento extra e al\u00e7a para trolley com bolso para pequenos objetos.<\/div>\n<div class=\"texto\">Os bolsos internos facilitam na arruma\u00e7\u00e3o e organiza\u00e7\u00e3o do seu material. Capacidade at\u00e9 20 L.<\/div>\n<div class=\"texto\">dimens\u00f5es: 310 x 450 x 200 mm<\/div>\n<\/div>\n<\/div>\n<\/div>\n<\/div>\n<\/div>\n<p><\/main><\/p>\n","protected":false},"excerpt":{"rendered":"<p>92393-YANGON BPACK. Mochila antifurto ecol\u00f3gica personalizada. Mochila antirroubo com design \u00fanico pensado para garantir maior seguran\u00e7a aos seus dispositivos e documentos. Composta em poli\u00e9ster reciclado (rPET)<span class=\"excerpt-hellip\"> [\u2026]<\/span><\/p>\n","protected":false},"featured_media":6253,"comment_status":"closed","ping_status":"closed","template":"","meta":[],"product_cat":[171],"product_tag":[2365,1184,181,2366],"class_list":["post-4790","product","type-product","status-publish","has-post-thumbnail","hentry","product_cat-mochilas-e-malas","product_tag-mochila-antifurto-ecologica-personalizada","product_tag-mochila-executiva-personalizada","product_tag-mochila-personalizada","product_tag-produtos-amigos-do-meio-ambiente"],"_links":{"self":[{"href":"https:\/\/vohnabrindes.com.br\/index.php\/wp-json\/wp\/v2\/product\/4790","targetHints":{"allow":["GET"]}}],"collection":[{"href":"https:\/\/vohnabrindes.com.br\/index.php\/wp-json\/wp\/v2\/product"}],"about":[{"href":"https:\/\/vohnabrindes.com.br\/index.php\/wp-json\/wp\/v2\/types\/product"}],"replies":[{"embeddable":true,"href":"https:\/\/vohnabrindes.com.br\/index.php\/wp-json\/wp\/v2\/comments?post=4790"}],"version-history":[{"count":2,"href":"https:\/\/vohnabrindes.com.br\/index.php\/wp-json\/wp\/v2\/product\/4790\/revisions"}],"predecessor-version":[{"id":6254,"href":"https:\/\/vohnabrindes.com.br\/index.php\/wp-json\/wp\/v2\/product\/4790\/revisions\/6254"}],"wp:featuredmedia":[{"embeddable":true,"href":"https:\/\/vohnabrindes.com.br\/index.php\/wp-json\/wp\/v2\/media\/6253"}],"wp:attachment":[{"href":"https:\/\/vohnabrindes.com.br\/index.php\/wp-json\/wp\/v2\/media?parent=4790"}],"wp:term":[{"taxonomy":"product_cat","embeddable":true,"href":"https:\/\/vohnabrindes.com.br\/index.php\/wp-json\/wp\/v2\/product_cat?post=4790"},{"taxonomy":"product_tag","embeddable":true,"href":"https:\/\/vohnabrindes.com.br\/index.php\/wp-json\/wp\/v2\/product_tag?post=4790"}],"curies":[{"name":"wp","href":"https:\/\/api.w.org\/{rel}","templated":true}]}}