{"id":4827,"date":"2025-05-30T21:39:22","date_gmt":"2025-05-31T00:39:22","guid":{"rendered":"https:\/\/vohnabrindes.com.br\/?post_type=product&#038;p=4827"},"modified":"2025-05-30T21:39:24","modified_gmt":"2025-05-31T00:39:24","slug":"agenda-a5-personalizada","status":"publish","type":"product","link":"https:\/\/vohnabrindes.com.br\/index.php\/product\/agenda-a5-personalizada\/","title":{"rendered":"Agenda A5 personalizada."},"content":{"rendered":"<div class=\"ref\">66190-SPECT A5.<\/div>\n<div><\/div>\n<div class=\"texto\">Agenda personalizada\u00a0 tamanho A5 em tecido poli\u00e9ster.<\/div>\n<div class=\"texto\">Est\u00e1 organizada num plano di\u00e1rio.<\/div>\n<div class=\"texto\">Possui suporte para esferogr\u00e1fica (n\u00e3o inclu\u00edda) e marcador em fita.<\/div>\n<div class=\"texto\">dimens\u00f5es: 145 x 212 mm<\/div>\n","protected":false},"excerpt":{"rendered":"<p>66190-SPECT A5. Agenda personalizada\u00a0 tamanho A5 em tecido poli\u00e9ster. Est\u00e1 organizada num plano di\u00e1rio. Possui suporte para esferogr\u00e1fica (n\u00e3o inclu\u00edda) e marcador em fita. dimens\u00f5es: 145<span class=\"excerpt-hellip\"> [\u2026]<\/span><\/p>\n","protected":false},"featured_media":1880,"comment_status":"open","ping_status":"closed","template":"","meta":[],"product_cat":[151],"product_tag":[667,155,156],"class_list":["post-4827","product","type-product","status-publish","has-post-thumbnail","hentry","product_cat-agendas-e-planners","product_tag-agenda-a5-personalizada","product_tag-agenda-diaria","product_tag-agendas-personalizadas"],"_links":{"self":[{"href":"https:\/\/vohnabrindes.com.br\/index.php\/wp-json\/wp\/v2\/product\/4827","targetHints":{"allow":["GET"]}}],"collection":[{"href":"https:\/\/vohnabrindes.com.br\/index.php\/wp-json\/wp\/v2\/product"}],"about":[{"href":"https:\/\/vohnabrindes.com.br\/index.php\/wp-json\/wp\/v2\/types\/product"}],"replies":[{"embeddable":true,"href":"https:\/\/vohnabrindes.com.br\/index.php\/wp-json\/wp\/v2\/comments?post=4827"}],"version-history":[{"count":1,"href":"https:\/\/vohnabrindes.com.br\/index.php\/wp-json\/wp\/v2\/product\/4827\/revisions"}],"predecessor-version":[{"id":4857,"href":"https:\/\/vohnabrindes.com.br\/index.php\/wp-json\/wp\/v2\/product\/4827\/revisions\/4857"}],"wp:featuredmedia":[{"embeddable":true,"href":"https:\/\/vohnabrindes.com.br\/index.php\/wp-json\/wp\/v2\/media\/1880"}],"wp:attachment":[{"href":"https:\/\/vohnabrindes.com.br\/index.php\/wp-json\/wp\/v2\/media?parent=4827"}],"wp:term":[{"taxonomy":"product_cat","embeddable":true,"href":"https:\/\/vohnabrindes.com.br\/index.php\/wp-json\/wp\/v2\/product_cat?post=4827"},{"taxonomy":"product_tag","embeddable":true,"href":"https:\/\/vohnabrindes.com.br\/index.php\/wp-json\/wp\/v2\/product_tag?post=4827"}],"curies":[{"name":"wp","href":"https:\/\/api.w.org\/{rel}","templated":true}]}}