{"id":4829,"date":"2025-05-30T21:39:22","date_gmt":"2025-05-31T00:39:22","guid":{"rendered":"https:\/\/vohnabrindes.com.br\/?post_type=product&#038;p=4829"},"modified":"2025-05-30T21:39:26","modified_gmt":"2025-05-31T00:39:26","slug":"agenda-luxo-personalizada","status":"publish","type":"product","link":"https:\/\/vohnabrindes.com.br\/index.php\/product\/agenda-luxo-personalizada\/","title":{"rendered":"Agenda luxo personalizada."},"content":{"rendered":"<div class=\"ref\">66088-STORIES.<\/div>\n<div class=\"ref\">Agenda luxo personalizada.<\/div>\n<div class=\"texto\">Agenda bi-material A5 em PU e tecido em poli\u00e9ster.<\/div>\n<div class=\"texto\">Est\u00e1 organizada num plano di\u00e1rio. Possui fecho magn\u00e9tico, bolso frontal, suporte para esferogr\u00e1fica (inclu\u00edda) e marcador em fita. Fornecida com bolsa de non-woven.<\/div>\n<div class=\"texto\">dimens\u00f5es: 148 x 210 mm | Bolsa: 205 x 250 mm<\/div>\n","protected":false},"excerpt":{"rendered":"<p>66088-STORIES. Agenda luxo personalizada. Agenda bi-material A5 em PU e tecido em poli\u00e9ster. Est\u00e1 organizada num plano di\u00e1rio. Possui fecho magn\u00e9tico, bolso frontal, suporte para esferogr\u00e1fica<span class=\"excerpt-hellip\"> [\u2026]<\/span><\/p>\n","protected":false},"featured_media":1884,"comment_status":"open","ping_status":"closed","template":"","meta":[],"product_cat":[151],"product_tag":[153,154,669,156],"class_list":["post-4829","product","type-product","status-publish","has-post-thumbnail","hentry","product_cat-agendas-e-planners","product_tag-agenda","product_tag-agenda-2024","product_tag-agenda-luxo-personalizada","product_tag-agendas-personalizadas"],"_links":{"self":[{"href":"https:\/\/vohnabrindes.com.br\/index.php\/wp-json\/wp\/v2\/product\/4829","targetHints":{"allow":["GET"]}}],"collection":[{"href":"https:\/\/vohnabrindes.com.br\/index.php\/wp-json\/wp\/v2\/product"}],"about":[{"href":"https:\/\/vohnabrindes.com.br\/index.php\/wp-json\/wp\/v2\/types\/product"}],"replies":[{"embeddable":true,"href":"https:\/\/vohnabrindes.com.br\/index.php\/wp-json\/wp\/v2\/comments?post=4829"}],"version-history":[{"count":1,"href":"https:\/\/vohnabrindes.com.br\/index.php\/wp-json\/wp\/v2\/product\/4829\/revisions"}],"predecessor-version":[{"id":4860,"href":"https:\/\/vohnabrindes.com.br\/index.php\/wp-json\/wp\/v2\/product\/4829\/revisions\/4860"}],"wp:featuredmedia":[{"embeddable":true,"href":"https:\/\/vohnabrindes.com.br\/index.php\/wp-json\/wp\/v2\/media\/1884"}],"wp:attachment":[{"href":"https:\/\/vohnabrindes.com.br\/index.php\/wp-json\/wp\/v2\/media?parent=4829"}],"wp:term":[{"taxonomy":"product_cat","embeddable":true,"href":"https:\/\/vohnabrindes.com.br\/index.php\/wp-json\/wp\/v2\/product_cat?post=4829"},{"taxonomy":"product_tag","embeddable":true,"href":"https:\/\/vohnabrindes.com.br\/index.php\/wp-json\/wp\/v2\/product_tag?post=4829"}],"curies":[{"name":"wp","href":"https:\/\/api.w.org\/{rel}","templated":true}]}}